{"id":21988,"date":"2024-07-23T12:45:21","date_gmt":"2024-07-23T12:45:21","guid":{"rendered":"https:\/\/www.activede.com\/en-busca-de-los-mejores-nuevo\/"},"modified":"2024-12-02T08:19:13","modified_gmt":"2024-12-02T08:19:13","slug":"en-busca-de-los-mejores-nuevo","status":"publish","type":"page","link":"https:\/\/www.activede.com\/pt-pt\/en-busca-de-los-mejores-nuevo\/","title":{"rendered":"En busca de los Mejores nuevo"},"content":{"rendered":"\t\t<div data-elementor-type=\"wp-page\" data-elementor-id=\"21988\" class=\"elementor elementor-21988 elementor-19020\" data-elementor-post-type=\"page\">\n\t\t\t\t<div class=\"elementor-element elementor-element-283e034 e-con-full e-flex e-con e-parent\" data-id=\"283e034\" data-element_type=\"container\" data-core-v316-plus=\"true\">\n\t\t\t\t<div class=\"elementor-element elementor-element-3412faf elementor-widget__width-inherit elementor-widget elementor-widget-image\" data-id=\"3412faf\" data-element_type=\"widget\" data-widget_type=\"image.default\">\n\t\t\t\t<div class=\"elementor-widget-container\">\n\t\t\t<style>\/*! elementor - v3.20.0 - 10-04-2024 *\/\n.elementor-widget-image{text-align:center}.elementor-widget-image a{display:inline-block}.elementor-widget-image a img[src$=\".svg\"]{width:48px}.elementor-widget-image img{vertical-align:middle;display:inline-block}<\/style>\t\t\t\t\t\t\t\t\t\t<img fetchpriority=\"high\" decoding=\"async\" width=\"2560\" height=\"1707\" src=\"https:\/\/www.activede.com\/wp-content\/uploads\/2024\/12\/Imagen-trabaja-con-nosotros-scaled.jpg\" class=\"attachment-full size-full wp-image-26059\" alt=\"\" srcset=\"https:\/\/www.activede.com\/wp-content\/uploads\/2024\/12\/Imagen-trabaja-con-nosotros-scaled.jpg 2560w, https:\/\/www.activede.com\/wp-content\/uploads\/2024\/12\/Imagen-trabaja-con-nosotros-300x200.jpg 300w, https:\/\/www.activede.com\/wp-content\/uploads\/2024\/12\/Imagen-trabaja-con-nosotros-1030x687.jpg 1030w, https:\/\/www.activede.com\/wp-content\/uploads\/2024\/12\/Imagen-trabaja-con-nosotros-768x512.jpg 768w, https:\/\/www.activede.com\/wp-content\/uploads\/2024\/12\/Imagen-trabaja-con-nosotros-1536x1024.jpg 1536w, https:\/\/www.activede.com\/wp-content\/uploads\/2024\/12\/Imagen-trabaja-con-nosotros-2048x1365.jpg 2048w, https:\/\/www.activede.com\/wp-content\/uploads\/2024\/12\/Imagen-trabaja-con-nosotros-1500x1000.jpg 1500w, https:\/\/www.activede.com\/wp-content\/uploads\/2024\/12\/Imagen-trabaja-con-nosotros-705x470.jpg 705w, https:\/\/www.activede.com\/wp-content\/uploads\/2024\/12\/Imagen-trabaja-con-nosotros-450x300.jpg 450w\" sizes=\"(max-width: 2560px) 100vw, 2560px\" \/>\t\t\t\t\t\t\t\t\t\t\t\t\t<\/div>\n\t\t\t\t<\/div>\n\t\t\t\t<\/div>\n\t\t<div class=\"elementor-element elementor-element-60ae12b e-flex e-con-boxed e-con e-parent\" data-id=\"60ae12b\" data-element_type=\"container\" data-core-v316-plus=\"true\">\n\t\t\t\t\t<div class=\"e-con-inner\">\n\t\t\t\t<div class=\"elementor-element elementor-element-5b6a900 elementor-widget elementor-widget-spacer\" data-id=\"5b6a900\" data-element_type=\"widget\" data-widget_type=\"spacer.default\">\n\t\t\t\t<div class=\"elementor-widget-container\">\n\t\t\t<style>\/*! elementor - v3.20.0 - 10-04-2024 *\/\n.elementor-column .elementor-spacer-inner{height:var(--spacer-size)}.e-con{--container-widget-width:100%}.e-con-inner>.elementor-widget-spacer,.e-con>.elementor-widget-spacer{width:var(--container-widget-width,var(--spacer-size));--align-self:var(--container-widget-align-self,initial);--flex-shrink:0}.e-con-inner>.elementor-widget-spacer>.elementor-widget-container,.e-con>.elementor-widget-spacer>.elementor-widget-container{height:100%;width:100%}.e-con-inner>.elementor-widget-spacer>.elementor-widget-container>.elementor-spacer,.e-con>.elementor-widget-spacer>.elementor-widget-container>.elementor-spacer{height:100%}.e-con-inner>.elementor-widget-spacer>.elementor-widget-container>.elementor-spacer>.elementor-spacer-inner,.e-con>.elementor-widget-spacer>.elementor-widget-container>.elementor-spacer>.elementor-spacer-inner{height:var(--container-widget-height,var(--spacer-size))}.e-con-inner>.elementor-widget-spacer.elementor-widget-empty,.e-con>.elementor-widget-spacer.elementor-widget-empty{position:relative;min-height:22px;min-width:22px}.e-con-inner>.elementor-widget-spacer.elementor-widget-empty .elementor-widget-empty-icon,.e-con>.elementor-widget-spacer.elementor-widget-empty .elementor-widget-empty-icon{position:absolute;top:0;bottom:0;left:0;right:0;margin:auto;padding:0;width:22px;height:22px}<\/style>\t\t<div class=\"elementor-spacer\">\n\t\t\t<div class=\"elementor-spacer-inner\"><\/div>\n\t\t<\/div>\n\t\t\t\t<\/div>\n\t\t\t\t<\/div>\n\t\t\t\t<div class=\"elementor-element elementor-element-5c017fb elementor-widget elementor-widget-heading\" data-id=\"5c017fb\" data-element_type=\"widget\" data-widget_type=\"heading.default\">\n\t\t\t\t<div class=\"elementor-widget-container\">\n\t\t\t<style>\/*! elementor - v3.20.0 - 10-04-2024 *\/\n.elementor-heading-title{padding:0;margin:0;line-height:1}.elementor-widget-heading .elementor-heading-title[class*=elementor-size-]>a{color:inherit;font-size:inherit;line-height:inherit}.elementor-widget-heading .elementor-heading-title.elementor-size-small{font-size:15px}.elementor-widget-heading .elementor-heading-title.elementor-size-medium{font-size:19px}.elementor-widget-heading .elementor-heading-title.elementor-size-large{font-size:29px}.elementor-widget-heading .elementor-heading-title.elementor-size-xl{font-size:39px}.elementor-widget-heading .elementor-heading-title.elementor-size-xxl{font-size:59px}<\/style><p class=\"elementor-heading-title elementor-size-default\">Em busca do melhor<\/p>\t\t<\/div>\n\t\t\t\t<\/div>\n\t\t\t\t<div class=\"elementor-element elementor-element-337d6ad elementor-widget elementor-widget-heading\" data-id=\"337d6ad\" data-element_type=\"widget\" data-widget_type=\"heading.default\">\n\t\t\t\t<div class=\"elementor-widget-container\">\n\t\t\t<p class=\"elementor-heading-title elementor-size-default\">Procuramos pessoas que tenham algo a contribuir, com iniciativa, inquietas e pr\u00f3-ativas, embora possam trabalhar a tempo parcial ou colaborar ocasionalmente. Se ele puder nos superar em alguma coisa, tanto melhor. Porque no fundo o segredo \u00e9 a equipa, e rodear-nos dos melhores tem-se revelado a chave do nosso sucesso ao longo do tempo.  <\/p>\t\t<\/div>\n\t\t\t\t<\/div>\n\t\t\t\t<div class=\"elementor-element elementor-element-000da7e elementor-widget elementor-widget-heading\" data-id=\"000da7e\" data-element_type=\"widget\" data-widget_type=\"heading.default\">\n\t\t\t\t<div class=\"elementor-widget-container\">\n\t\t\t<p class=\"elementor-heading-title elementor-size-default\">Recompensamos atitude e entusiasmo, que n\u00e3o se compram com dinheiro. Nossa equipe busca excel\u00eancia e n\u00e3o horas f\u00edsicas, pois nosso esp\u00edrito \u00e9 vencedor. A nossa vontade de servir vem antes de tudo, \u00e9 o que nos permite superar as expectativas dos nossos clientes. Amamos a a\u00e7\u00e3o e o dinamismo, no nosso habitat \u00e9 sempre melhor pedir perd\u00e3o do que permiss\u00e3o. O conformismo e a timidez n\u00e3o s\u00e3o bem-vindos, falamos com clareza, somos diretos e confiamos plenamente nas nossas capacidades.    <\/p>\t\t<\/div>\n\t\t\t\t<\/div>\n\t\t\t\t<div class=\"elementor-element elementor-element-38f4eb1 elementor-widget elementor-widget-heading\" data-id=\"38f4eb1\" data-element_type=\"widget\" data-widget_type=\"heading.default\">\n\t\t\t\t<div class=\"elementor-widget-container\">\n\t\t\t<p class=\"elementor-heading-title elementor-size-default\">N\u00f3s nos esfor\u00e7amos para fazer da Active Development o melhor lugar para trabalhar no mundo, mas \u00e9 importante que voc\u00ea compartilhe nossa filosofia e valores. Se a nossa cultura combina com voc\u00ea, as portas est\u00e3o abertas para voc\u00ea. N\u00e3o podemos garantir nada, mas voc\u00ea ter\u00e1 dado um grande passo para explorar novas oportunidades.  <\/p>\t\t<\/div>\n\t\t\t\t<\/div>\n\t\t\t\t\t<\/div>\n\t\t\t\t<\/div>\n\t\t<div class=\"elementor-element elementor-element-5cbf80e e-flex e-con-boxed e-con e-parent\" data-id=\"5cbf80e\" data-element_type=\"container\" data-core-v316-plus=\"true\">\n\t\t\t\t\t<div class=\"e-con-inner\">\n\t\t\t\t<div class=\"elementor-element elementor-element-3d8101e elementor-widget elementor-widget-spacer\" data-id=\"3d8101e\" data-element_type=\"widget\" data-widget_type=\"spacer.default\">\n\t\t\t\t<div class=\"elementor-widget-container\">\n\t\t\t\t\t<div class=\"elementor-spacer\">\n\t\t\t<div class=\"elementor-spacer-inner\"><\/div>\n\t\t<\/div>\n\t\t\t\t<\/div>\n\t\t\t\t<\/div>\n\t\t\t\t\t<\/div>\n\t\t\t\t<\/div>\n\t\t<div class=\"elementor-element elementor-element-361f239 e-flex e-con-boxed e-con e-parent\" data-id=\"361f239\" data-element_type=\"container\" data-core-v316-plus=\"true\">\n\t\t\t\t\t<div class=\"e-con-inner\">\n\t\t\t\t<div class=\"elementor-element elementor-element-5fad3d8 elementor-widget elementor-widget-template\" data-id=\"5fad3d8\" data-element_type=\"widget\" data-widget_type=\"template.default\">\n\t\t\t\t<div class=\"elementor-widget-container\">\n\t\t\t\t\t<div class=\"elementor-template\">\n\t\t\t\t\t<div data-elementor-type=\"container\" data-elementor-id=\"21399\" class=\"elementor elementor-21399 elementor-19952\" data-elementor-post-type=\"elementor_library\">\n\t\t\t\t<div class=\"elementor-element elementor-element-5894e41b e-flex e-con-boxed e-con e-parent\" data-id=\"5894e41b\" data-element_type=\"container\" id=\"contacta-form\" data-settings=\"{&quot;background_background&quot;:&quot;classic&quot;}\" data-core-v316-plus=\"true\">\n\t\t\t\t\t<div class=\"e-con-inner\">\n\t\t<div class=\"elementor-element elementor-element-52d5a729 e-con-full e-flex e-con e-child\" data-id=\"52d5a729\" data-element_type=\"container\" data-settings=\"{&quot;background_background&quot;:&quot;classic&quot;}\">\n\t\t<div class=\"elementor-element elementor-element-1d64dc95 e-flex e-con-boxed e-con e-child\" data-id=\"1d64dc95\" data-element_type=\"container\">\n\t\t\t\t\t<div class=\"e-con-inner\">\n\t\t\t\t<div class=\"elementor-element elementor-element-64fd9dda elementor-widget elementor-widget-text-editor\" data-id=\"64fd9dda\" data-element_type=\"widget\" data-widget_type=\"text-editor.default\">\n\t\t\t\t<div class=\"elementor-widget-container\">\n\t\t\t<style>\/*! elementor - v3.20.0 - 10-04-2024 *\/\n.elementor-widget-text-editor.elementor-drop-cap-view-stacked .elementor-drop-cap{background-color:#69727d;color:#fff}.elementor-widget-text-editor.elementor-drop-cap-view-framed .elementor-drop-cap{color:#69727d;border:3px solid;background-color:transparent}.elementor-widget-text-editor:not(.elementor-drop-cap-view-default) .elementor-drop-cap{margin-top:8px}.elementor-widget-text-editor:not(.elementor-drop-cap-view-default) .elementor-drop-cap-letter{width:1em;height:1em}.elementor-widget-text-editor .elementor-drop-cap{float:left;text-align:center;line-height:1;font-size:50px}.elementor-widget-text-editor .elementor-drop-cap-letter{display:inline-block}<\/style>\t\t\t\t<p>Contate-nos!<\/p>\n\t\t\t\t\t\t<\/div>\n\t\t\t\t<\/div>\n\t\t\t\t<div class=\"elementor-element elementor-element-772cc42d elementor-widget elementor-widget-text-editor\" data-id=\"772cc42d\" data-element_type=\"widget\" data-widget_type=\"text-editor.default\">\n\t\t\t\t<div class=\"elementor-widget-container\">\n\t\t\t\t\t\t\t<p>Pronto para dar o primeiro passo em dire\u00e7\u00e3o aos seus objetivos?<\/p>\n<p>Preencha o formul\u00e1rio abaixo e entre em contato com nossa equipe para uma consulta personalizada<\/p>\n\t\t\t\t\t\t<\/div>\n\t\t\t\t<\/div>\n\t\t\t\t\t<\/div>\n\t\t\t\t<\/div>\n\t\t<div class=\"elementor-element elementor-element-3a66b418 e-flex e-con-boxed e-con e-child\" data-id=\"3a66b418\" data-element_type=\"container\">\n\t\t\t\t\t<div class=\"e-con-inner\">\n\t\t\t\t<div class=\"elementor-element elementor-element-5269bafc elementor-widget elementor-widget-shortcode\" data-id=\"5269bafc\" data-element_type=\"widget\" data-widget_type=\"shortcode.default\">\n\t\t\t\t<div class=\"elementor-widget-container\">\n\t\t\t\t\t<div class=\"elementor-shortcode\"><div role=\"form\" class=\"wpcf7\" id=\"wpcf7-f21393-o1\" lang=\"es-ES\" dir=\"ltr\">\n<div class=\"screen-reader-response\"><p role=\"status\" aria-live=\"polite\" aria-atomic=\"true\"><\/p> <ul><\/ul><\/div>\n<form action=\"\/pt-pt\/wp-json\/wp\/v2\/pages\/21988#wpcf7-f21393-o1\" method=\"post\" class=\"wpcf7-form init\" novalidate=\"novalidate\" data-status=\"init\">\n<div style=\"display: none;\">\n<input type=\"hidden\" name=\"_wpcf7\" value=\"21393\" \/>\n<input type=\"hidden\" name=\"_wpcf7_version\" value=\"5.5.6.1\" \/>\n<input type=\"hidden\" name=\"_wpcf7_locale\" value=\"es_ES\" \/>\n<input type=\"hidden\" name=\"_wpcf7_unit_tag\" value=\"wpcf7-f21393-o1\" \/>\n<input type=\"hidden\" name=\"_wpcf7_container_post\" value=\"0\" \/>\n<input type=\"hidden\" name=\"_wpcf7_posted_data_hash\" value=\"\" \/>\n<input type=\"hidden\" name=\"_wpcf7_recaptcha_response\" value=\"\" \/>\n<\/div>\n<p><span class=\"wpcf7-form-control-wrap YourName\"><input type=\"text\" name=\"YourName\" value=\"\" size=\"40\" class=\"wpcf7-form-control wpcf7-text wpcf7-validates-as-required inputt\" aria-required=\"true\" aria-invalid=\"false\" placeholder=\"Teu nome*\" \/><\/span><br \/>\n<span class=\"wpcf7-form-control-wrap YourEmail\"><input type=\"email\" name=\"YourEmail\" value=\"\" size=\"40\" class=\"wpcf7-form-control wpcf7-text wpcf7-email wpcf7-validates-as-required wpcf7-validates-as-email inputt\" aria-required=\"true\" aria-invalid=\"false\" placeholder=\"Email*\" \/><\/span><br \/>\n<span class=\"wpcf7-form-control-wrap Company\"><input type=\"text\" name=\"Company\" value=\"\" size=\"40\" class=\"wpcf7-form-control wpcf7-text inputt\" aria-invalid=\"false\" placeholder=\"Seu site\" \/><\/span><br \/>\n<span class=\"wpcf7-form-control-wrap Mensaje\"><textarea name=\"Mensaje\" cols=\"40\" rows=\"10\" class=\"wpcf7-form-control wpcf7-textarea wpcf7-validates-as-required inputt\" aria-required=\"true\" aria-invalid=\"false\" placeholder=\"Como podemos te ajudar?\"><\/textarea><\/span><\/p>\n<div class=\"contacta-ctn\">\n<input type=\"submit\" value=\"Contate-nos\" class=\"wpcf7-form-control has-spinner wpcf7-submit btn-rojo\" \/>\n<\/div>\n<div class=\"wpcf7-response-output\" aria-hidden=\"true\"><\/div><\/form><\/div><\/div>\n\t\t\t\t<\/div>\n\t\t\t\t<\/div>\n\t\t\t\t\t<\/div>\n\t\t\t\t<\/div>\n\t\t\t\t<\/div>\n\t\t\t\t\t<\/div>\n\t\t\t\t<\/div>\n\t\t\t\t<\/div>\n\t\t\t\t<\/div>\n\t\t\t\t<\/div>\n\t\t\t\t<\/div>\n\t\t\t\t\t<\/div>\n\t\t\t\t<\/div>\n\t\t\t\t<\/div>\n\t\t","protected":false},"excerpt":{"rendered":"<p>This is a Page excerpt. It will be displayed for search results <\/p>\n","protected":false},"author":8,"featured_media":0,"parent":0,"menu_order":0,"comment_status":"closed","ping_status":"closed","template":"","meta":{"_acf_changed":false,"footnotes":""},"acf":[],"yoast_head":"<!-- This site is optimized with the Yoast SEO plugin v18.0 - https:\/\/yoast.com\/wordpress\/plugins\/seo\/ -->\n<title>En busca de los Mejores nuevo - Active Development<\/title>\n<meta name=\"description\" content=\"Consultoria de inova\u00e7\u00e3o e vendas que impulsiona sua expans\u00e3o e crescimento, desenvolvendo pessoas em equipe, com metodologia, experi\u00eancia e resultados\" \/>\n<meta name=\"robots\" content=\"index, follow, max-snippet:-1, max-image-preview:large, max-video-preview:-1\" \/>\n<link rel=\"canonical\" href=\"https:\/\/www.activede.com\/pt-pt\/en-busca-de-los-mejores-nuevo\/\" \/>\n<meta property=\"og:locale\" content=\"pt_PT\" \/>\n<meta property=\"og:type\" content=\"article\" \/>\n<meta property=\"og:title\" content=\"En busca de los Mejores nuevo - Active Development\" \/>\n<meta property=\"og:description\" content=\"Consultoria de inova\u00e7\u00e3o e vendas que impulsiona sua expans\u00e3o e crescimento, desenvolvendo pessoas em equipe, com metodologia, experi\u00eancia e resultados\" \/>\n<meta property=\"og:url\" content=\"https:\/\/www.activede.com\/pt-pt\/en-busca-de-los-mejores-nuevo\/\" \/>\n<meta property=\"og:site_name\" content=\"Active Development\" \/>\n<meta property=\"article:publisher\" content=\"https:\/\/www.facebook.com\/Active.Development\" \/>\n<meta property=\"article:modified_time\" content=\"2024-12-02T08:19:13+00:00\" \/>\n<meta property=\"og:image\" content=\"https:\/\/www.activede.com\/wp-content\/uploads\/2024\/12\/Imagen-trabaja-con-nosotros-scaled.jpg\" \/>\n<meta name=\"twitter:card\" content=\"summary_large_image\" \/>\n<meta name=\"twitter:site\" content=\"@ActiveDe\" \/>\n<meta name=\"twitter:label1\" content=\"Est. reading time\" \/>\n\t<meta name=\"twitter:data1\" content=\"1 minute\" \/>\n<script type=\"application\/ld+json\" class=\"yoast-schema-graph\">{\"@context\":\"https:\/\/schema.org\",\"@graph\":[{\"@type\":\"Organization\",\"@id\":\"https:\/\/www.activede.com\/ca\/#organization\",\"name\":\"ACTIVE DEVELOPMENT\",\"url\":\"https:\/\/www.activede.com\/ca\/\",\"sameAs\":[\"https:\/\/www.facebook.com\/Active.Development\",\"https:\/\/www.linkedin.com\/company\/999561?trk=tyah&amp;amp;trkInfo=tarId:1419004716750,tas:active development,idx:2-1-3\",\"http:\/\/www.youtube.com\/user\/ActiveDevelopment\",\"https:\/\/twitter.com\/ActiveDe\"],\"logo\":{\"@type\":\"ImageObject\",\"@id\":\"https:\/\/www.activede.com\/ca\/#logo\",\"inLanguage\":\"pt-PT\",\"url\":\"https:\/\/www.activede.com\/wp-content\/uploads\/2018\/10\/logoAD-min.png\",\"contentUrl\":\"https:\/\/www.activede.com\/wp-content\/uploads\/2018\/10\/logoAD-min.png\",\"width\":225,\"height\":51,\"caption\":\"ACTIVE DEVELOPMENT\"},\"image\":{\"@id\":\"https:\/\/www.activede.com\/ca\/#logo\"}},{\"@type\":\"WebSite\",\"@id\":\"https:\/\/www.activede.com\/ca\/#website\",\"url\":\"https:\/\/www.activede.com\/ca\/\",\"name\":\"Active Development\",\"description\":\"\",\"publisher\":{\"@id\":\"https:\/\/www.activede.com\/ca\/#organization\"},\"potentialAction\":[{\"@type\":\"SearchAction\",\"target\":{\"@type\":\"EntryPoint\",\"urlTemplate\":\"https:\/\/www.activede.com\/ca\/?s={search_term_string}\"},\"query-input\":\"required name=search_term_string\"}],\"inLanguage\":\"pt-PT\"},{\"@type\":\"ImageObject\",\"@id\":\"https:\/\/www.activede.com\/pt-pt\/en-busca-de-los-mejores-nuevo\/#primaryimage\",\"inLanguage\":\"pt-PT\",\"url\":\"https:\/\/www.activede.com\/wp-content\/uploads\/2024\/12\/Imagen-trabaja-con-nosotros-scaled.jpg\",\"contentUrl\":\"https:\/\/www.activede.com\/wp-content\/uploads\/2024\/12\/Imagen-trabaja-con-nosotros-scaled.jpg\",\"width\":2560,\"height\":1707},{\"@type\":\"WebPage\",\"@id\":\"https:\/\/www.activede.com\/pt-pt\/en-busca-de-los-mejores-nuevo\/#webpage\",\"url\":\"https:\/\/www.activede.com\/pt-pt\/en-busca-de-los-mejores-nuevo\/\",\"name\":\"En busca de los Mejores nuevo - Active Development\",\"isPartOf\":{\"@id\":\"https:\/\/www.activede.com\/ca\/#website\"},\"primaryImageOfPage\":{\"@id\":\"https:\/\/www.activede.com\/pt-pt\/en-busca-de-los-mejores-nuevo\/#primaryimage\"},\"datePublished\":\"2024-07-23T12:45:21+00:00\",\"dateModified\":\"2024-12-02T08:19:13+00:00\",\"description\":\"Consultoria de inova\u00e7\u00e3o e vendas que impulsiona sua expans\u00e3o e crescimento, desenvolvendo pessoas em equipe, com metodologia, experi\u00eancia e resultados\",\"breadcrumb\":{\"@id\":\"https:\/\/www.activede.com\/pt-pt\/en-busca-de-los-mejores-nuevo\/#breadcrumb\"},\"inLanguage\":\"pt-PT\",\"potentialAction\":[{\"@type\":\"ReadAction\",\"target\":[\"https:\/\/www.activede.com\/pt-pt\/en-busca-de-los-mejores-nuevo\/\"]}]},{\"@type\":\"BreadcrumbList\",\"@id\":\"https:\/\/www.activede.com\/pt-pt\/en-busca-de-los-mejores-nuevo\/#breadcrumb\",\"itemListElement\":[{\"@type\":\"ListItem\",\"position\":1,\"name\":\"Home\"}]}]}<\/script>\n<!-- \/ Yoast SEO plugin. -->","yoast_head_json":{"title":"En busca de los Mejores nuevo - Active Development","description":"Consultoria de inova\u00e7\u00e3o e vendas que impulsiona sua expans\u00e3o e crescimento, desenvolvendo pessoas em equipe, com metodologia, experi\u00eancia e resultados","robots":{"index":"index","follow":"follow","max-snippet":"max-snippet:-1","max-image-preview":"max-image-preview:large","max-video-preview":"max-video-preview:-1"},"canonical":"https:\/\/www.activede.com\/pt-pt\/en-busca-de-los-mejores-nuevo\/","og_locale":"pt_PT","og_type":"article","og_title":"En busca de los Mejores nuevo - Active Development","og_description":"Consultoria de inova\u00e7\u00e3o e vendas que impulsiona sua expans\u00e3o e crescimento, desenvolvendo pessoas em equipe, com metodologia, experi\u00eancia e resultados","og_url":"https:\/\/www.activede.com\/pt-pt\/en-busca-de-los-mejores-nuevo\/","og_site_name":"Active Development","article_publisher":"https:\/\/www.facebook.com\/Active.Development","article_modified_time":"2024-12-02T08:19:13+00:00","og_image":[{"url":"https:\/\/www.activede.com\/wp-content\/uploads\/2024\/12\/Imagen-trabaja-con-nosotros-scaled.jpg"}],"twitter_card":"summary_large_image","twitter_site":"@ActiveDe","twitter_misc":{"Est. reading time":"1 minute"},"schema":{"@context":"https:\/\/schema.org","@graph":[{"@type":"Organization","@id":"https:\/\/www.activede.com\/ca\/#organization","name":"ACTIVE DEVELOPMENT","url":"https:\/\/www.activede.com\/ca\/","sameAs":["https:\/\/www.facebook.com\/Active.Development","https:\/\/www.linkedin.com\/company\/999561?trk=tyah&amp;amp;trkInfo=tarId:1419004716750,tas:active development,idx:2-1-3","http:\/\/www.youtube.com\/user\/ActiveDevelopment","https:\/\/twitter.com\/ActiveDe"],"logo":{"@type":"ImageObject","@id":"https:\/\/www.activede.com\/ca\/#logo","inLanguage":"pt-PT","url":"https:\/\/www.activede.com\/wp-content\/uploads\/2018\/10\/logoAD-min.png","contentUrl":"https:\/\/www.activede.com\/wp-content\/uploads\/2018\/10\/logoAD-min.png","width":225,"height":51,"caption":"ACTIVE DEVELOPMENT"},"image":{"@id":"https:\/\/www.activede.com\/ca\/#logo"}},{"@type":"WebSite","@id":"https:\/\/www.activede.com\/ca\/#website","url":"https:\/\/www.activede.com\/ca\/","name":"Active Development","description":"","publisher":{"@id":"https:\/\/www.activede.com\/ca\/#organization"},"potentialAction":[{"@type":"SearchAction","target":{"@type":"EntryPoint","urlTemplate":"https:\/\/www.activede.com\/ca\/?s={search_term_string}"},"query-input":"required name=search_term_string"}],"inLanguage":"pt-PT"},{"@type":"ImageObject","@id":"https:\/\/www.activede.com\/pt-pt\/en-busca-de-los-mejores-nuevo\/#primaryimage","inLanguage":"pt-PT","url":"https:\/\/www.activede.com\/wp-content\/uploads\/2024\/12\/Imagen-trabaja-con-nosotros-scaled.jpg","contentUrl":"https:\/\/www.activede.com\/wp-content\/uploads\/2024\/12\/Imagen-trabaja-con-nosotros-scaled.jpg","width":2560,"height":1707},{"@type":"WebPage","@id":"https:\/\/www.activede.com\/pt-pt\/en-busca-de-los-mejores-nuevo\/#webpage","url":"https:\/\/www.activede.com\/pt-pt\/en-busca-de-los-mejores-nuevo\/","name":"En busca de los Mejores nuevo - Active Development","isPartOf":{"@id":"https:\/\/www.activede.com\/ca\/#website"},"primaryImageOfPage":{"@id":"https:\/\/www.activede.com\/pt-pt\/en-busca-de-los-mejores-nuevo\/#primaryimage"},"datePublished":"2024-07-23T12:45:21+00:00","dateModified":"2024-12-02T08:19:13+00:00","description":"Consultoria de inova\u00e7\u00e3o e vendas que impulsiona sua expans\u00e3o e crescimento, desenvolvendo pessoas em equipe, com metodologia, experi\u00eancia e resultados","breadcrumb":{"@id":"https:\/\/www.activede.com\/pt-pt\/en-busca-de-los-mejores-nuevo\/#breadcrumb"},"inLanguage":"pt-PT","potentialAction":[{"@type":"ReadAction","target":["https:\/\/www.activede.com\/pt-pt\/en-busca-de-los-mejores-nuevo\/"]}]},{"@type":"BreadcrumbList","@id":"https:\/\/www.activede.com\/pt-pt\/en-busca-de-los-mejores-nuevo\/#breadcrumb","itemListElement":[{"@type":"ListItem","position":1,"name":"Home"}]}]}},"_links":{"self":[{"href":"https:\/\/www.activede.com\/pt-pt\/wp-json\/wp\/v2\/pages\/21988"}],"collection":[{"href":"https:\/\/www.activede.com\/pt-pt\/wp-json\/wp\/v2\/pages"}],"about":[{"href":"https:\/\/www.activede.com\/pt-pt\/wp-json\/wp\/v2\/types\/page"}],"author":[{"embeddable":true,"href":"https:\/\/www.activede.com\/pt-pt\/wp-json\/wp\/v2\/users\/8"}],"replies":[{"embeddable":true,"href":"https:\/\/www.activede.com\/pt-pt\/wp-json\/wp\/v2\/comments?post=21988"}],"version-history":[{"count":10,"href":"https:\/\/www.activede.com\/pt-pt\/wp-json\/wp\/v2\/pages\/21988\/revisions"}],"predecessor-version":[{"id":26081,"href":"https:\/\/www.activede.com\/pt-pt\/wp-json\/wp\/v2\/pages\/21988\/revisions\/26081"}],"wp:attachment":[{"href":"https:\/\/www.activede.com\/pt-pt\/wp-json\/wp\/v2\/media?parent=21988"}],"curies":[{"name":"wp","href":"https:\/\/api.w.org\/{rel}","templated":true}]}}