{"id":16525,"date":"2024-03-28T08:20:23","date_gmt":"2024-03-28T08:20:23","guid":{"rendered":"https:\/\/www.activede.com\/16525-2\/"},"modified":"2024-03-28T10:53:29","modified_gmt":"2024-03-28T10:53:29","slug":"metodologia","status":"publish","type":"page","link":"https:\/\/www.activede.com\/pt-pt\/metodologia\/","title":{"rendered":"Metodologia"},"content":{"rendered":"<section class=\"av_textblock_section \"  itemscope=\"itemscope\" itemtype=\"https:\/\/schema.org\/CreativeWork\" ><div class='avia_textblock  '   itemprop=\"text\" ><h1>Metodologia<\/h1>\n<h2>F\u00f3rmulas de sucesso para projetar seu futuro<\/h2>\n<\/div><\/section>\n<\/div><\/div><\/div><!-- close content main div --><\/div><\/div><div id='av_section_1' class='avia-section main_color avia-section-default avia-no-border-styling avia-full-stretch av-parallax-section avia-bg-style-parallax   av-minimum-height av-minimum-height-50 container_wrap sidebar_right'  data-section-bg-repeat='stretch' ><div class='av-parallax' data-avia-parallax-ratio='0.3' ><div class='av-parallax-inner main_color  avia-full-stretch' style = 'background-repeat: no-repeat; background-image: url(https:\/\/www.activede.com\/wp-content\/uploads\/2019\/04\/metodologia-active-development-min-1030x686.jpg);background-attachment: scroll; background-position: center center; ' ><\/div><\/div><div class='container' ><div class='template-page content  av-content-small alpha units'><div class='post-entry post-entry-type-page post-entry-16525'><div class='entry-content-wrapper clearfix'><\/div><\/div><\/div><!-- close content main div --><\/div><\/div><div id='after_section_1' class='main_color av_default_container_wrap container_wrap sidebar_right'   ><div class='container' ><div class='template-page content  av-content-small alpha units'><div class='post-entry post-entry-type-page post-entry-16525'><div class='entry-content-wrapper clearfix'>\n<section class=\"av_textblock_section \"  itemscope=\"itemscope\" itemtype=\"https:\/\/schema.org\/CreativeWork\" ><div class='avia_textblock  '  style='font-size:14px; '  itemprop=\"text\" ><p>Ativamos seus resultados com nossa metodologia Active Trainer. Concebido a partir de mais de 400 hist\u00f3rias de sucesso, treinamos sua organiza\u00e7\u00e3o para alcan\u00e7ar o melhor desempenho, assim como faria um atleta de elite. Da mesma forma que existem caminhos seguros para escalar o Monte Everest, existem roteiros e t\u00e9cnicas comprovadas para que sua empresa obtenha resultados surpreendentes.<\/p>\n<\/div><\/section>\n<section class=\"av_textblock_section \"  itemscope=\"itemscope\" itemtype=\"https:\/\/schema.org\/CreativeWork\" ><div class='avia_textblock  '  style='font-size:14px; '  itemprop=\"text\" ><h2>Active Trainer<\/h2>\n<p>A nossa metodologia baseia-se num roteiro para a sua empresa no qual analisamos, diagnosticamos e executamos consigo um plano de a\u00e7\u00e3o personalizado que abrange diferentes \u00e1reas da sua organiza\u00e7\u00e3o. Integra ferramentas e t\u00e9cnicas de gest\u00e3o de \u00faltima gera\u00e7\u00e3o, visando a obten\u00e7\u00e3o de resultados no menor tempo poss\u00edvel. O m\u00e9todo \u00e9 semelhante ao de um personal trainer no mundo dos esportes de alta competi\u00e7\u00e3o: exigiremos mais de voc\u00ea do que voc\u00ea exige de si mesmo. Nosso objetivo \u00e9 prepar\u00e1-lo, ajud\u00e1-lo a pensar, inspir\u00e1-lo, encoraj\u00e1-lo, persuadi-lo e acima de tudo desbloquear o que o impede. Ou seja, faremos o que for preciso para ajudar voc\u00ea e sua empresa a alcan\u00e7arem melhores resultados. Uma abordagem muito pr\u00e1tica, baseada no \u201cAprender Fazendo\u201d e no \u201cFa\u00e7a voc\u00ea mesmo\u201d, utilizando exclusivamente o que funciona e que realmente far\u00e1 evoluir a sua empresa e as suas equipes.<\/p>\n<\/div><\/section>\n<div style=' margin-top:30px; margin-bottom:30px;'  class='hr hr-custom hr-center hr-icon-yes  '><span class='hr-inner   inner-border-av-border-fat' style=' width:300px; border-color:#f18b21;' ><span class='hr-inner-style'><\/span><\/span><span class='av-seperator-icon' style='color:#f18b21;' aria-hidden='true' data-av_icon='\ue89a' data-av_iconfont='entypo-fontello'><\/span><span class='hr-inner   inner-border-av-border-fat' style=' width:300px; border-color:#f18b21;' ><span class='hr-inner-style'><\/span><\/span><\/div>\n<section class=\"av_textblock_section \"  itemscope=\"itemscope\" itemtype=\"https:\/\/schema.org\/CreativeWork\" ><div class='avia_textblock  '  style='font-size:14px; '  itemprop=\"text\" ><h2 style=\"text-align: center;\">Por que Active Development?<\/h2>\n<\/div><\/section>\n<div class='avia-icon-list-container  '><ul class='avia-icon-list avia-icon-list-left av-iconlist-big avia_animate_when_almost_visible'>\n<li><div  style='background-color:#f18d21; ' class='iconlist_icon  avia-font-entypo-fontello'><span class='iconlist-char ' aria-hidden='true' data-av_icon='\ue895' data-av_iconfont='entypo-fontello'><\/span><\/div><article class=\"article-icon-entry \"  itemscope=\"itemscope\" itemtype=\"https:\/\/schema.org\/CreativeWork\" ><div class='iconlist_content_wrap'><header class=\"entry-content-header\"><h4 class='av_iconlist_title iconlist_title  '  itemprop=\"headline\"  >Atuamos do in\u00edcio ao fim<\/h4><\/header><div class='iconlist_content  '  itemprop=\"text\"  ><p>Pensamos na melhor estrat\u00e9gia, implantamos juntos e executamos com voc\u00ea no dia a dia sem perder a vis\u00e3o de longo prazo e seu ciclo de vida.<\/p>\n<\/div><\/div><footer class=\"entry-footer\"><\/footer><\/article><div class='iconlist-timeline'><\/div><\/li>\n<li><div  style='background-color:#f18d21; ' class='iconlist_icon  avia-font-entypo-fontello'><span class='iconlist-char ' aria-hidden='true' data-av_icon='\ue841' data-av_iconfont='entypo-fontello'><\/span><\/div><article class=\"article-icon-entry \"  itemscope=\"itemscope\" itemtype=\"https:\/\/schema.org\/CreativeWork\" ><div class='iconlist_content_wrap'><header class=\"entry-content-header\"><h4 class='av_iconlist_title iconlist_title  '  itemprop=\"headline\"  >Oferecemos total flexibilidade<\/h4><\/header><div class='iconlist_content  '  itemprop=\"text\"  ><p>Atrav\u00e9s da customiza\u00e7\u00e3o de solu\u00e7\u00f5es e da concep\u00e7\u00e3o de equipas multidisciplinares integradas na sua organiza\u00e7\u00e3o.<\/p>\n<\/div><\/div><footer class=\"entry-footer\"><\/footer><\/article><div class='iconlist-timeline'><\/div><\/li>\n<li><div  style='background-color:#f18d21; ' class='iconlist_icon  avia-font-entypo-fontello'><span class='iconlist-char ' aria-hidden='true' data-av_icon='\ue8b3' data-av_iconfont='entypo-fontello'><\/span><\/div><article class=\"article-icon-entry \"  itemscope=\"itemscope\" itemtype=\"https:\/\/schema.org\/CreativeWork\" ><div class='iconlist_content_wrap'><header class=\"entry-content-header\"><h4 class='av_iconlist_title iconlist_title  '  itemprop=\"headline\"  >Ficamos \u2018molhados\u2019 com voc\u00ea<\/h4><\/header><div class='iconlist_content  '  itemprop=\"text\"  ><p>Acompanhamo-lo no terreno, envolvemo-nos com uma abordagem eminentemente pr\u00e1tica.<\/p>\n<\/div><\/div><footer class=\"entry-footer\"><\/footer><\/article><div class='iconlist-timeline'><\/div><\/li>\n<li><div  style='background-color:#f18d21; ' class='iconlist_icon  avia-font-entypo-fontello'><span class='iconlist-char ' aria-hidden='true' data-av_icon='\ue88a' data-av_iconfont='entypo-fontello'><\/span><\/div><article class=\"article-icon-entry \"  itemscope=\"itemscope\" itemtype=\"https:\/\/schema.org\/CreativeWork\" ><div class='iconlist_content_wrap'><header class=\"entry-content-header\"><h4 class='av_iconlist_title iconlist_title  '  itemprop=\"headline\"  >Tratamento \u2018premium\u2019 de alto n\u00edvel<\/h4><\/header><div class='iconlist_content  '  itemprop=\"text\"  ><p>Tratamento mais pessoal e direto, requintado e com di\u00e1logo permanente com um parceiro &#8216;s\u00e9nior&#8217; com vasta experi\u00eancia.<\/p>\n<\/div><\/div><footer class=\"entry-footer\"><\/footer><\/article><div class='iconlist-timeline'><\/div><\/li>\n<li><div  style='background-color:#f18d21; ' class='iconlist_icon  avia-font-entypo-fontello'><span class='iconlist-char ' aria-hidden='true' data-av_icon='\ue8a8' data-av_iconfont='entypo-fontello'><\/span><\/div><article class=\"article-icon-entry \"  itemscope=\"itemscope\" itemtype=\"https:\/\/schema.org\/CreativeWork\" ><div class='iconlist_content_wrap'><header class=\"entry-content-header\"><h4 class='av_iconlist_title iconlist_title  '  itemprop=\"headline\"  >Metodologia<\/h4><\/header><div class='iconlist_content  '  itemprop=\"text\"  ><p>Nossos servi\u00e7os e ferramentas, assim como nosso know-how, oferecem desempenho e alto impacto em tempo m\u00ednimo.<\/p>\n<\/div><\/div><footer class=\"entry-footer\"><\/footer><\/article><div class='iconlist-timeline'><\/div><\/li>\n<li><div  style='background-color:#f18d21; ' class='iconlist_icon  avia-font-entypo-fontello'><span class='iconlist-char ' aria-hidden='true' data-av_icon='\ue8ba' data-av_iconfont='entypo-fontello'><\/span><\/div><article class=\"article-icon-entry \"  itemscope=\"itemscope\" itemtype=\"https:\/\/schema.org\/CreativeWork\" ><div class='iconlist_content_wrap'><header class=\"entry-content-header\"><h4 class='av_iconlist_title iconlist_title  '  itemprop=\"headline\"  >Garantia<\/h4><\/header><div class='iconlist_content  '  itemprop=\"text\"  ><p>Nossas f\u00f3rmulas de colabora\u00e7\u00e3o garantem 100% de atendimento \u00e0s suas expectativas, oferecendo apenas o que sua empresa precisa.<\/p>\n<\/div><\/div><footer class=\"entry-footer\"><\/footer><\/article><div class='iconlist-timeline'><\/div><\/li>\n<li><div  style='background-color:#f18d21; ' class='iconlist_icon  avia-font-entypo-fontello'><span class='iconlist-char ' aria-hidden='true' data-av_icon='\ue8bb' data-av_iconfont='entypo-fontello'><\/span><\/div><article class=\"article-icon-entry \"  itemscope=\"itemscope\" itemtype=\"https:\/\/schema.org\/CreativeWork\" ><div class='iconlist_content_wrap'><header class=\"entry-content-header\"><h4 class='av_iconlist_title iconlist_title  '  itemprop=\"headline\"  >Especialistas<\/h4><\/header><div class='iconlist_content  '  itemprop=\"text\"  ><p>Somos verdadeiros especialistas em crescimento de neg\u00f3cios com mais de 400 clientes satisfeitos.<\/p>\n<\/div><\/div><footer class=\"entry-footer\"><\/footer><\/article><div class='iconlist-timeline'><\/div><\/li>\n<\/ul><\/div>\n<\/div><\/div><\/div><!-- close content main div --><\/div><\/div><div id='av_section_2' class='avia-section main_color avia-section-default avia-no-border-styling avia-bg-style-scroll   container_wrap sidebar_right' style = 'background-color: #3b3b3b; background-image: '  ><div class='container' ><div class='template-page content  av-content-small alpha units'><div class='post-entry post-entry-type-page post-entry-16525'><div class='entry-content-wrapper clearfix'>\n<div class='flex_column_table av-equal-height-column-flextable -flextable' ><div class=\"flex_column av_one_half  flex_column_table_cell av-equal-height-column av-align-middle first  \" style='background: #333333; padding:5%; background-color:#333333; border-radius:0px; '><p><div style='padding-bottom:10px; color:#ffffff;font-size:22px;' class='av-special-heading av-special-heading-h3 custom-color-heading blockquote modern-quote modern-centered  av-inherit-size '><h3 class='av-special-heading-tag  av-medium-font-size-overwrite av-medium-font-size-16 av-small-font-size-overwrite av-small-font-size-18 av-mini-font-size-overwrite av-mini-font-size-20'  itemprop=\"headline\"  >Experimente amanh\u00e3 hoje<\/h3><div class ='av-subheading av-subheading_below av_custom_color  av-medium-font-size-overwrite av-medium-font-size-14 av-small-font-size-overwrite av-small-font-size-14 av-mini-font-size-overwrite av-mini-font-size-15' style='font-size:16px;'><p>Contate agora para um primeiro diagn\u00f3stico gratuito<\/p>\n<\/div><div class='special-heading-border'><div class='special-heading-inner-border' style='border-color:#ffffff'><\/div><\/div><\/div><br \/>\n<div class='avia-button-wrap avia-button-center '><a href='http:\/\/www.activede.com\/es\/contact\/dosier-de-prensa\/'  class='avia-button   avia-icon_select-no avia-color-theme-color avia-size-medium avia-position-center '   ><span class='avia_iconbox_title' >CONTATE AGORA!<\/span><\/a><\/div><\/p><\/div><\/div><!--close column table wrapper. Autoclose: 1 --><div class='flex_column_table av-equal-height-column-flextable -flextable' ><div class='av-flex-placeholder'><\/div><div class=\"flex_column av_one_half  flex_column_table_cell av-equal-height-column av-align-middle   \" style='background: #333333; padding:5%; background-color:#333333; border-radius:0px; '><p><div style='padding-bottom:10px; color:#ffffff;font-size:22px;' class='av-special-heading av-special-heading-h3 custom-color-heading blockquote modern-quote modern-centered  av-inherit-size '><h3 class='av-special-heading-tag  av-medium-font-size-overwrite av-medium-font-size-16 av-small-font-size-overwrite av-small-font-size-18 av-mini-font-size-overwrite av-mini-font-size-20'  itemprop=\"headline\"  >Conhe\u00e7a Active Development<\/h3><div class ='av-subheading av-subheading_below av_custom_color  av-medium-font-size-overwrite av-medium-font-size-14 av-small-font-size-overwrite av-small-font-size-14 av-mini-font-size-overwrite av-mini-font-size-15' style='font-size:16px;'><p>Descubra como podemos ajud\u00e1-lo<\/p>\n<\/div><div class='special-heading-border'><div class='special-heading-inner-border' style='border-color:#ffffff'><\/div><\/div><\/div><br \/>\n<div class='avia-button-wrap avia-button-center '><a href='https:\/\/www.youtube.com\/embed\/_NWnf7PXfGE?rel=0'  class='avia-button   avia-icon_select-no avia-color-theme-color avia-size-medium avia-position-center '   ><span class='avia_iconbox_title' >VER VIDEO!<\/span><\/a><\/div><\/p><\/div><\/div><!--close column table wrapper. Autoclose: 1 --><\/div><\/div><\/div><!-- close content main div --><\/div><\/div><div id='after_section_2' class='main_color av_default_container_wrap container_wrap sidebar_right'   ><div class='container' ><div class='template-page content  av-content-small alpha units'><div class='post-entry post-entry-type-page post-entry-16525'><div class='entry-content-wrapper clearfix'><section class=\"av_textblock_section \"  itemscope=\"itemscope\" itemtype=\"https:\/\/schema.org\/CreativeWork\" ><div class='avia_textblock  '   itemprop=\"text\" ><\/div><\/section><\/p>\n","protected":false},"excerpt":{"rendered":"","protected":false},"author":6,"featured_media":0,"parent":0,"menu_order":0,"comment_status":"closed","ping_status":"closed","template":"","meta":{"_acf_changed":false,"footnotes":""},"acf":[],"yoast_head":"<!-- This site is optimized with the Yoast SEO plugin v18.0 - https:\/\/yoast.com\/wordpress\/plugins\/seo\/ -->\n<title>Metodologia, m\u00e9todo, t\u00e9cnicas de consultoria - Active Development<\/title>\n<meta name=\"description\" content=\"Um itiner\u00e1rio para a sua empresa em que analisamos, diagnosticamos e executamos consigo, combinando diferentes metodologias de consultoria e forma\u00e7\u00e3o.\" \/>\n<meta name=\"robots\" content=\"index, follow, max-snippet:-1, max-image-preview:large, max-video-preview:-1\" \/>\n<link rel=\"canonical\" href=\"https:\/\/www.activede.com\/pt-pt\/metodologia\/\" \/>\n<meta property=\"og:locale\" content=\"pt_PT\" \/>\n<meta property=\"og:type\" content=\"article\" \/>\n<meta property=\"og:title\" content=\"Metodologia, m\u00e9todo, t\u00e9cnicas de consultoria - Active Development\" \/>\n<meta property=\"og:description\" content=\"Um itiner\u00e1rio para a sua empresa em que analisamos, diagnosticamos e executamos consigo, combinando diferentes metodologias de consultoria e forma\u00e7\u00e3o.\" \/>\n<meta property=\"og:url\" content=\"https:\/\/www.activede.com\/pt-pt\/metodologia\/\" \/>\n<meta property=\"og:site_name\" content=\"Active Development\" \/>\n<meta property=\"article:publisher\" content=\"https:\/\/www.facebook.com\/Active.Development\" \/>\n<meta property=\"article:modified_time\" content=\"2024-03-28T10:53:29+00:00\" \/>\n<meta name=\"twitter:card\" content=\"summary_large_image\" \/>\n<meta name=\"twitter:site\" content=\"@ActiveDe\" \/>\n<meta name=\"twitter:label1\" content=\"Est. reading time\" \/>\n\t<meta name=\"twitter:data1\" content=\"7 minutes\" \/>\n<script type=\"application\/ld+json\" class=\"yoast-schema-graph\">{\"@context\":\"https:\/\/schema.org\",\"@graph\":[{\"@type\":\"Organization\",\"@id\":\"https:\/\/www.activede.com\/ca\/#organization\",\"name\":\"ACTIVE DEVELOPMENT\",\"url\":\"https:\/\/www.activede.com\/ca\/\",\"sameAs\":[\"https:\/\/www.facebook.com\/Active.Development\",\"https:\/\/www.linkedin.com\/company\/999561?trk=tyah&amp;amp;trkInfo=tarId:1419004716750,tas:active development,idx:2-1-3\",\"http:\/\/www.youtube.com\/user\/ActiveDevelopment\",\"https:\/\/twitter.com\/ActiveDe\"],\"logo\":{\"@type\":\"ImageObject\",\"@id\":\"https:\/\/www.activede.com\/ca\/#logo\",\"inLanguage\":\"pt-PT\",\"url\":\"https:\/\/www.activede.com\/wp-content\/uploads\/2018\/10\/logoAD-min.png\",\"contentUrl\":\"https:\/\/www.activede.com\/wp-content\/uploads\/2018\/10\/logoAD-min.png\",\"width\":225,\"height\":51,\"caption\":\"ACTIVE DEVELOPMENT\"},\"image\":{\"@id\":\"https:\/\/www.activede.com\/ca\/#logo\"}},{\"@type\":\"WebSite\",\"@id\":\"https:\/\/www.activede.com\/ca\/#website\",\"url\":\"https:\/\/www.activede.com\/ca\/\",\"name\":\"Active Development\",\"description\":\"\",\"publisher\":{\"@id\":\"https:\/\/www.activede.com\/ca\/#organization\"},\"potentialAction\":[{\"@type\":\"SearchAction\",\"target\":{\"@type\":\"EntryPoint\",\"urlTemplate\":\"https:\/\/www.activede.com\/ca\/?s={search_term_string}\"},\"query-input\":\"required name=search_term_string\"}],\"inLanguage\":\"pt-PT\"},{\"@type\":\"WebPage\",\"@id\":\"https:\/\/www.activede.com\/pt-pt\/metodologia\/#webpage\",\"url\":\"https:\/\/www.activede.com\/pt-pt\/metodologia\/\",\"name\":\"Metodologia, m\u00e9todo, t\u00e9cnicas de consultoria - Active Development\",\"isPartOf\":{\"@id\":\"https:\/\/www.activede.com\/ca\/#website\"},\"datePublished\":\"2024-03-28T08:20:23+00:00\",\"dateModified\":\"2024-03-28T10:53:29+00:00\",\"description\":\"Um itiner\u00e1rio para a sua empresa em que analisamos, diagnosticamos e executamos consigo, combinando diferentes metodologias de consultoria e forma\u00e7\u00e3o.\",\"breadcrumb\":{\"@id\":\"https:\/\/www.activede.com\/pt-pt\/metodologia\/#breadcrumb\"},\"inLanguage\":\"pt-PT\",\"potentialAction\":[{\"@type\":\"ReadAction\",\"target\":[\"https:\/\/www.activede.com\/pt-pt\/metodologia\/\"]}]},{\"@type\":\"BreadcrumbList\",\"@id\":\"https:\/\/www.activede.com\/pt-pt\/metodologia\/#breadcrumb\",\"itemListElement\":[{\"@type\":\"ListItem\",\"position\":1,\"name\":\"Home\"}]}]}<\/script>\n<!-- \/ Yoast SEO plugin. -->","yoast_head_json":{"title":"Metodologia, m\u00e9todo, t\u00e9cnicas de consultoria - Active Development","description":"Um itiner\u00e1rio para a sua empresa em que analisamos, diagnosticamos e executamos consigo, combinando diferentes metodologias de consultoria e forma\u00e7\u00e3o.","robots":{"index":"index","follow":"follow","max-snippet":"max-snippet:-1","max-image-preview":"max-image-preview:large","max-video-preview":"max-video-preview:-1"},"canonical":"https:\/\/www.activede.com\/pt-pt\/metodologia\/","og_locale":"pt_PT","og_type":"article","og_title":"Metodologia, m\u00e9todo, t\u00e9cnicas de consultoria - Active Development","og_description":"Um itiner\u00e1rio para a sua empresa em que analisamos, diagnosticamos e executamos consigo, combinando diferentes metodologias de consultoria e forma\u00e7\u00e3o.","og_url":"https:\/\/www.activede.com\/pt-pt\/metodologia\/","og_site_name":"Active Development","article_publisher":"https:\/\/www.facebook.com\/Active.Development","article_modified_time":"2024-03-28T10:53:29+00:00","twitter_card":"summary_large_image","twitter_site":"@ActiveDe","twitter_misc":{"Est. reading time":"7 minutes"},"schema":{"@context":"https:\/\/schema.org","@graph":[{"@type":"Organization","@id":"https:\/\/www.activede.com\/ca\/#organization","name":"ACTIVE DEVELOPMENT","url":"https:\/\/www.activede.com\/ca\/","sameAs":["https:\/\/www.facebook.com\/Active.Development","https:\/\/www.linkedin.com\/company\/999561?trk=tyah&amp;amp;trkInfo=tarId:1419004716750,tas:active development,idx:2-1-3","http:\/\/www.youtube.com\/user\/ActiveDevelopment","https:\/\/twitter.com\/ActiveDe"],"logo":{"@type":"ImageObject","@id":"https:\/\/www.activede.com\/ca\/#logo","inLanguage":"pt-PT","url":"https:\/\/www.activede.com\/wp-content\/uploads\/2018\/10\/logoAD-min.png","contentUrl":"https:\/\/www.activede.com\/wp-content\/uploads\/2018\/10\/logoAD-min.png","width":225,"height":51,"caption":"ACTIVE DEVELOPMENT"},"image":{"@id":"https:\/\/www.activede.com\/ca\/#logo"}},{"@type":"WebSite","@id":"https:\/\/www.activede.com\/ca\/#website","url":"https:\/\/www.activede.com\/ca\/","name":"Active Development","description":"","publisher":{"@id":"https:\/\/www.activede.com\/ca\/#organization"},"potentialAction":[{"@type":"SearchAction","target":{"@type":"EntryPoint","urlTemplate":"https:\/\/www.activede.com\/ca\/?s={search_term_string}"},"query-input":"required name=search_term_string"}],"inLanguage":"pt-PT"},{"@type":"WebPage","@id":"https:\/\/www.activede.com\/pt-pt\/metodologia\/#webpage","url":"https:\/\/www.activede.com\/pt-pt\/metodologia\/","name":"Metodologia, m\u00e9todo, t\u00e9cnicas de consultoria - Active Development","isPartOf":{"@id":"https:\/\/www.activede.com\/ca\/#website"},"datePublished":"2024-03-28T08:20:23+00:00","dateModified":"2024-03-28T10:53:29+00:00","description":"Um itiner\u00e1rio para a sua empresa em que analisamos, diagnosticamos e executamos consigo, combinando diferentes metodologias de consultoria e forma\u00e7\u00e3o.","breadcrumb":{"@id":"https:\/\/www.activede.com\/pt-pt\/metodologia\/#breadcrumb"},"inLanguage":"pt-PT","potentialAction":[{"@type":"ReadAction","target":["https:\/\/www.activede.com\/pt-pt\/metodologia\/"]}]},{"@type":"BreadcrumbList","@id":"https:\/\/www.activede.com\/pt-pt\/metodologia\/#breadcrumb","itemListElement":[{"@type":"ListItem","position":1,"name":"Home"}]}]}},"_links":{"self":[{"href":"https:\/\/www.activede.com\/pt-pt\/wp-json\/wp\/v2\/pages\/16525"}],"collection":[{"href":"https:\/\/www.activede.com\/pt-pt\/wp-json\/wp\/v2\/pages"}],"about":[{"href":"https:\/\/www.activede.com\/pt-pt\/wp-json\/wp\/v2\/types\/page"}],"author":[{"embeddable":true,"href":"https:\/\/www.activede.com\/pt-pt\/wp-json\/wp\/v2\/users\/6"}],"replies":[{"embeddable":true,"href":"https:\/\/www.activede.com\/pt-pt\/wp-json\/wp\/v2\/comments?post=16525"}],"version-history":[{"count":3,"href":"https:\/\/www.activede.com\/pt-pt\/wp-json\/wp\/v2\/pages\/16525\/revisions"}],"predecessor-version":[{"id":16703,"href":"https:\/\/www.activede.com\/pt-pt\/wp-json\/wp\/v2\/pages\/16525\/revisions\/16703"}],"wp:attachment":[{"href":"https:\/\/www.activede.com\/pt-pt\/wp-json\/wp\/v2\/media?parent=16525"}],"curies":[{"name":"wp","href":"https:\/\/api.w.org\/{rel}","templated":true}]}}