{"id":16460,"date":"2024-03-28T08:15:06","date_gmt":"2024-03-28T08:15:06","guid":{"rendered":"https:\/\/www.activede.com\/16460-2\/"},"modified":"2024-04-09T07:02:15","modified_gmt":"2024-04-09T07:02:15","slug":"avaliacao-ada","status":"publish","type":"page","link":"https:\/\/www.activede.com\/pt-pt\/avaliacao-ada\/","title":{"rendered":"Avalia\u00e7\u00e3o ADA"},"content":{"rendered":"<section class=\"av_textblock_section \"  itemscope=\"itemscope\" itemtype=\"https:\/\/schema.org\/CreativeWork\" ><div class='avia_textblock  '   itemprop=\"text\" ><h1>ADA Evaluation<\/h1>\n<h2>Know Yourself<\/h2>\n<\/div><\/section>\n<\/div><\/div><\/div><!-- close content main div --><\/div><\/div><div id='av_section_1' class='avia-section main_color avia-section-default avia-no-border-styling avia-bg-style-scroll   container_wrap sidebar_right' style = 'background-color: #fcfcfc; background-image: '  ><div class='container' ><div class='template-page content  av-content-small alpha units'><div class='post-entry post-entry-type-page post-entry-16460'><div class='entry-content-wrapper clearfix'>\n<div class=\"flex_column av_one_full  flex_column_div av-zero-column-padding first  \" style='border-radius:0px; '><section class=\"av_textblock_section \"  itemscope=\"itemscope\" itemtype=\"https:\/\/schema.org\/CreativeWork\" ><div class='avia_textblock  '  style='font-size:14px; '  itemprop=\"text\" ><p style=\"text-align: center;\"><strong>DO YOU WANT TO KNOW THE SALES SPIRIT OF YOUR TEAMS?<\/strong><\/p>\n<p style=\"text-align: center;\"><strong>DO YOU WANT TO CREATE TEAMS THAT ARE COMPATIBLE AND DELIVER HIGH PERFORMANCE?<\/strong><\/p>\n<p style=\"text-align: center;\"><strong>DO YOU WANT TO EVALUATE YOUR EMPLOYEES TO SEE IF THEY ARE INNOVATIVE?<\/strong><\/p>\n<\/div><\/section><\/div>\n<\/div><\/div><\/div><!-- close content main div --><\/div><\/div><div id='after_section_1' class='main_color av_default_container_wrap container_wrap sidebar_right'   ><div class='container' ><div class='template-page content  av-content-small alpha units'><div class='post-entry post-entry-type-page post-entry-16460'><div class='entry-content-wrapper clearfix'>\n<div class=\"flex_column av_one_full  flex_column_div av-zero-column-padding first  \" style='border-radius:0px; '><section class=\"av_textblock_section \"  itemscope=\"itemscope\" itemtype=\"https:\/\/schema.org\/CreativeWork\" ><div class='avia_textblock   av-medium-font-size-overwrite av-medium-font-size-16 av-small-font-size-overwrite av-small-font-size-15 av-mini-font-size-overwrite av-mini-font-size-14'  style='font-size:14px; '  itemprop=\"text\" ><p>Active Development its own methodology called\u00a0<strong>ADA<\/strong> assessment, in a standalone way or integrated into our services of <a href=\"http:\/\/www.activede.com\/en\/consultancy\/\">CONSULTANCY<\/a>, <a href=\"http:\/\/www.activede.com\/en\/workshops\/\">TRAINING WORKSHOPS<\/a> or <a href=\"http:\/\/www.activede.com\/en\/coaching\/\">COACHING<\/a>.<\/p>\n<p>The ADA is an individual assessment that describes and analyzes our behavioral profile in order to develop the talent, work in improvable areas and increase the compatibility with our position, group or company.<\/p>\n<p>By a simple 20 minute exercise that is done through our web application, we provide a full report of 5-axis that will surprise and boost your self-knowledge. Know your leadership style, your decision-making, your way of relating to others, the style of persuasion, the ability to analyze or emotional self control.<\/p>\n<p>Our customers get multiple advantages resulting from the application of this powerful tool and obtaining valuable information:<\/p>\n<p>\u25cf\u00a0We strengthen their teams, increasing the efficiency of their leader and group performance.<\/p>\n<p>\u25cfA guide to diagnose areas for improvement that nourishes our coaching itineraries and analysis information in our consulting.<\/p>\n<p>\u25cf Identify the sleepy talent so you can develop it and make it loyal.<\/p>\n<p>\u25cf Establish a map of individual and group skills that nurtures training plans and internal development.<\/p>\n<p>\u25cfIn the commercial area, we evaluate and measure the ability of your sales force to improve the compatibility and the dynamics of their teams, enhancing their skills in the most critical area of your company.<\/p>\n<p>\u25cf\u00a0We sharpen the communication, strengthening the links between team members.<\/p>\n<p>\u25cf\u00a0Applied to a job, either in selection or promotion processes, we define the behavioral requirements and we can assure the perfect fit with the selected person or designee.<\/p>\n<p>It is based on a simple methodology, accurate and scientifically proven with over 50 years of research, at the same time it is supported by various theories and statistical studies. Scientifically backed with 90% reliability, it has an international Certificate of Validity provided by the American Institute of Business Psichology (AIOBP), ISO9001 certificate and covers the EEOC requirements.<\/p>\n<p>Our team is officially certified to provide deep, specific and solid performances as a basis for both its key decisions and the feedback information on the individual scores. We will be happy to make a demonstration or deepen the power of our methodology.<\/p>\n<\/div><\/section><\/div>\n<div style='height:50px' class='hr hr-invisible  '><span class='hr-inner ' ><span class='hr-inner-style'><\/span><\/span><\/div>\n<div class=\"flex_column av_one_full  flex_column_div av-zero-column-padding first  \" style='border-radius:0px; '><section class=\"av_textblock_section \"  itemscope=\"itemscope\" itemtype=\"https:\/\/schema.org\/CreativeWork\" ><div class='avia_textblock  '   itemprop=\"text\" ><p><img fetchpriority=\"high\" decoding=\"async\" class=\"size-full wp-image-15586 aligncenter\" src=\"https:\/\/www.activede.com\/wp-content\/uploads\/2022\/11\/ADA-vs-DISC-1.jpg\" alt=\"ADA vs DISC\" width=\"428\" height=\"1070\" srcset=\"https:\/\/www.activede.com\/wp-content\/uploads\/2022\/11\/ADA-vs-DISC-1.jpg 428w, https:\/\/www.activede.com\/wp-content\/uploads\/2022\/11\/ADA-vs-DISC-1-120x300.jpg 120w, https:\/\/www.activede.com\/wp-content\/uploads\/2022\/11\/ADA-vs-DISC-1-412x1030.jpg 412w, https:\/\/www.activede.com\/wp-content\/uploads\/2022\/11\/ADA-vs-DISC-1-282x705.jpg 282w, https:\/\/www.activede.com\/wp-content\/uploads\/2022\/11\/ADA-vs-DISC-1-400x999.jpg 400w\" sizes=\"(max-width: 428px) 100vw, 428px\" \/><\/p>\n<\/div><\/section><\/div><div class=\"flex_column av_one_full  flex_column_div first  \" style='background: #dddddd; padding:3%; background-color:#dddddd; border-radius:0px; '><section class=\"av_textblock_section \"  itemscope=\"itemscope\" itemtype=\"https:\/\/schema.org\/CreativeWork\" ><div class='avia_textblock   av-medium-font-size-overwrite av-medium-font-size-16 av-small-font-size-overwrite av-small-font-size-15 av-mini-font-size-overwrite av-mini-font-size-14'  style='font-size:18px; '  itemprop=\"text\" ><p style=\"text-align: center;\"><em>\u201cOf all\u00a0knowledge, the\u00a0wise\u00a0and good seek mostly to know themselves.\u201d<\/em><\/p>\n<p style=\"text-align: center;\"><em>\u2013 William Shakespeare \u2013<\/em><\/p>\n<\/div><\/section><\/div><\/p>\n<\/div><\/div><\/div><!-- close content main div --><\/div><\/div><div id='av_section_2' class='avia-section main_color avia-section-default avia-no-border-styling avia-bg-style-scroll   container_wrap sidebar_right' style = 'background-color: #3b3b3b; background-image: '  ><div class='container' ><div class='template-page content  av-content-small alpha units'><div class='post-entry post-entry-type-page post-entry-16460'><div class='entry-content-wrapper clearfix'>\n<div class='flex_column_table av-equal-height-column-flextable -flextable' ><div class=\"flex_column av_one_half  flex_column_table_cell av-equal-height-column av-align-middle first  \" style='background: #333333; padding:5%; background-color:#333333; border-radius:0px; '><p><div style='padding-bottom:10px; color:#ffffff;font-size:22px;' class='av-special-heading av-special-heading-h3 custom-color-heading blockquote modern-quote modern-centered  av-inherit-size '><h3 class='av-special-heading-tag  av-medium-font-size-overwrite av-medium-font-size-16 av-small-font-size-overwrite av-small-font-size-18 av-mini-font-size-overwrite av-mini-font-size-20'  itemprop=\"headline\"  >Experi\u00eancia hoje amanh\u00e3<\/h3><div class ='av-subheading av-subheading_below av_custom_color  av-medium-font-size-overwrite av-medium-font-size-14 av-small-font-size-overwrite av-small-font-size-14 av-mini-font-size-overwrite av-mini-font-size-15' style='font-size:16px;'><p>Contact now for a free first diagnosis<\/p>\n<\/div><div class='special-heading-border'><div class='special-heading-inner-border' style='border-color:#ffffff'><\/div><\/div><\/div><br \/>\n<div class='avia-button-wrap avia-button-center '><a href='http:\/\/activede.lemontelecom.com\/contact\/non-binding-consultations\/'  class='avia-button   avia-icon_select-no avia-color-theme-color avia-size-medium avia-position-center '   ><span class='avia_iconbox_title' >CONTACTE AGORA!<\/span><\/a><\/div><\/p><\/div><\/div><!--close column table wrapper. Autoclose: 1 --><div class='flex_column_table av-equal-height-column-flextable -flextable' ><div class='av-flex-placeholder'><\/div><div class=\"flex_column av_one_half  flex_column_table_cell av-equal-height-column av-align-middle   \" style='background: #333333; padding:5%; background-color:#333333; border-radius:0px; '><p><div style='padding-bottom:10px; color:#ffffff;font-size:22px;' class='av-special-heading av-special-heading-h3 custom-color-heading blockquote modern-quote modern-centered  av-inherit-size '><h3 class='av-special-heading-tag  av-medium-font-size-overwrite av-medium-font-size-16 av-small-font-size-overwrite av-small-font-size-18 av-mini-font-size-overwrite av-mini-font-size-20'  itemprop=\"headline\"  >Conhecer o Desenvolvimento Ativo<\/h3><div class ='av-subheading av-subheading_below av_custom_color  av-medium-font-size-overwrite av-medium-font-size-14 av-small-font-size-overwrite av-small-font-size-14 av-mini-font-size-overwrite av-mini-font-size-15' style='font-size:16px;'><p>Discover how we can help you<\/p>\n<\/div><div class='special-heading-border'><div class='special-heading-inner-border' style='border-color:#ffffff'><\/div><\/div><\/div><br \/>\n<div class='avia-button-wrap avia-button-center '><a href='https:\/\/www.youtube.com\/embed\/_NWnf7PXfGE?rel=0'  class='avia-button   avia-icon_select-no avia-color-theme-color avia-size-medium avia-position-center '   ><span class='avia_iconbox_title' >VER V\u00cdDEO!<\/span><\/a><\/div><\/p><\/div><\/div><!--close column table wrapper. Autoclose: 1 -->\n<\/div><\/div><\/div><!-- close content main div --><\/div><\/div><div id='after_section_2' class='main_color av_default_container_wrap container_wrap sidebar_right'   ><div class='container' ><div class='template-page content  av-content-small alpha units'><div class='post-entry post-entry-type-page post-entry-16460'><div class='entry-content-wrapper clearfix'>\n","protected":false},"excerpt":{"rendered":"","protected":false},"author":6,"featured_media":0,"parent":0,"menu_order":0,"comment_status":"closed","ping_status":"closed","template":"","meta":{"_acf_changed":false,"footnotes":""},"acf":[],"yoast_head":"<!-- This site is optimized with the Yoast SEO plugin v18.0 - https:\/\/yoast.com\/wordpress\/plugins\/seo\/ -->\n<title>Avalia\u00e7\u00e3o comportamental e testes da ADA - Active Development<\/title>\n<meta name=\"description\" content=\"A ADA \u00e9 uma ferramenta de autoavalia\u00e7\u00e3o individual que descreve e analisa o comportamento natural e ajuda a desenvolver o talento atrav\u00e9s de compet\u00eancias.\" \/>\n<meta name=\"robots\" content=\"index, follow, max-snippet:-1, max-image-preview:large, max-video-preview:-1\" \/>\n<link rel=\"canonical\" href=\"https:\/\/www.activede.com\/pt-pt\/avaliacao-ada\/\" \/>\n<meta property=\"og:locale\" content=\"pt_PT\" \/>\n<meta property=\"og:type\" content=\"article\" \/>\n<meta property=\"og:title\" content=\"Avalia\u00e7\u00e3o comportamental e testes da ADA - Active Development\" \/>\n<meta property=\"og:description\" content=\"A ADA \u00e9 uma ferramenta de autoavalia\u00e7\u00e3o individual que descreve e analisa o comportamento natural e ajuda a desenvolver o talento atrav\u00e9s de compet\u00eancias.\" \/>\n<meta property=\"og:url\" content=\"https:\/\/www.activede.com\/pt-pt\/avaliacao-ada\/\" \/>\n<meta property=\"og:site_name\" content=\"Active Development\" \/>\n<meta property=\"article:publisher\" content=\"https:\/\/www.facebook.com\/Active.Development\" \/>\n<meta property=\"article:modified_time\" content=\"2024-04-09T07:02:15+00:00\" \/>\n<meta property=\"og:image\" content=\"https:\/\/www.activede.com\/wp-content\/uploads\/2022\/11\/ADA-vs-DISC-1.jpg\" \/>\n<meta name=\"twitter:card\" content=\"summary_large_image\" \/>\n<meta name=\"twitter:site\" content=\"@ActiveDe\" \/>\n<meta name=\"twitter:label1\" content=\"Est. reading time\" \/>\n\t<meta name=\"twitter:data1\" content=\"8 minutes\" \/>\n<script type=\"application\/ld+json\" class=\"yoast-schema-graph\">{\"@context\":\"https:\/\/schema.org\",\"@graph\":[{\"@type\":\"Organization\",\"@id\":\"https:\/\/www.activede.com\/ca\/#organization\",\"name\":\"ACTIVE DEVELOPMENT\",\"url\":\"https:\/\/www.activede.com\/ca\/\",\"sameAs\":[\"https:\/\/www.facebook.com\/Active.Development\",\"https:\/\/www.linkedin.com\/company\/999561?trk=tyah&amp;amp;trkInfo=tarId:1419004716750,tas:active development,idx:2-1-3\",\"http:\/\/www.youtube.com\/user\/ActiveDevelopment\",\"https:\/\/twitter.com\/ActiveDe\"],\"logo\":{\"@type\":\"ImageObject\",\"@id\":\"https:\/\/www.activede.com\/ca\/#logo\",\"inLanguage\":\"pt-PT\",\"url\":\"https:\/\/www.activede.com\/wp-content\/uploads\/2018\/10\/logoAD-min.png\",\"contentUrl\":\"https:\/\/www.activede.com\/wp-content\/uploads\/2018\/10\/logoAD-min.png\",\"width\":225,\"height\":51,\"caption\":\"ACTIVE DEVELOPMENT\"},\"image\":{\"@id\":\"https:\/\/www.activede.com\/ca\/#logo\"}},{\"@type\":\"WebSite\",\"@id\":\"https:\/\/www.activede.com\/ca\/#website\",\"url\":\"https:\/\/www.activede.com\/ca\/\",\"name\":\"Active Development\",\"description\":\"\",\"publisher\":{\"@id\":\"https:\/\/www.activede.com\/ca\/#organization\"},\"potentialAction\":[{\"@type\":\"SearchAction\",\"target\":{\"@type\":\"EntryPoint\",\"urlTemplate\":\"https:\/\/www.activede.com\/ca\/?s={search_term_string}\"},\"query-input\":\"required name=search_term_string\"}],\"inLanguage\":\"pt-PT\"},{\"@type\":\"ImageObject\",\"@id\":\"https:\/\/www.activede.com\/pt-pt\/avaliacao-ada\/#primaryimage\",\"inLanguage\":\"pt-PT\",\"url\":\"https:\/\/www.activede.com\/wp-content\/uploads\/2022\/11\/ADA-vs-DISC-1.jpg\",\"contentUrl\":\"https:\/\/www.activede.com\/wp-content\/uploads\/2022\/11\/ADA-vs-DISC-1.jpg\",\"width\":428,\"height\":1070,\"caption\":\"ADA vs DISC\"},{\"@type\":\"WebPage\",\"@id\":\"https:\/\/www.activede.com\/pt-pt\/avaliacao-ada\/#webpage\",\"url\":\"https:\/\/www.activede.com\/pt-pt\/avaliacao-ada\/\",\"name\":\"Avalia\u00e7\u00e3o comportamental e testes da ADA - Active Development\",\"isPartOf\":{\"@id\":\"https:\/\/www.activede.com\/ca\/#website\"},\"primaryImageOfPage\":{\"@id\":\"https:\/\/www.activede.com\/pt-pt\/avaliacao-ada\/#primaryimage\"},\"datePublished\":\"2024-03-28T08:15:06+00:00\",\"dateModified\":\"2024-04-09T07:02:15+00:00\",\"description\":\"A ADA \u00e9 uma ferramenta de autoavalia\u00e7\u00e3o individual que descreve e analisa o comportamento natural e ajuda a desenvolver o talento atrav\u00e9s de compet\u00eancias.\",\"breadcrumb\":{\"@id\":\"https:\/\/www.activede.com\/pt-pt\/avaliacao-ada\/#breadcrumb\"},\"inLanguage\":\"pt-PT\",\"potentialAction\":[{\"@type\":\"ReadAction\",\"target\":[\"https:\/\/www.activede.com\/pt-pt\/avaliacao-ada\/\"]}]},{\"@type\":\"BreadcrumbList\",\"@id\":\"https:\/\/www.activede.com\/pt-pt\/avaliacao-ada\/#breadcrumb\",\"itemListElement\":[{\"@type\":\"ListItem\",\"position\":1,\"name\":\"Home\"}]}]}<\/script>\n<!-- \/ Yoast SEO plugin. -->","yoast_head_json":{"title":"Avalia\u00e7\u00e3o comportamental e testes da ADA - Active Development","description":"A ADA \u00e9 uma ferramenta de autoavalia\u00e7\u00e3o individual que descreve e analisa o comportamento natural e ajuda a desenvolver o talento atrav\u00e9s de compet\u00eancias.","robots":{"index":"index","follow":"follow","max-snippet":"max-snippet:-1","max-image-preview":"max-image-preview:large","max-video-preview":"max-video-preview:-1"},"canonical":"https:\/\/www.activede.com\/pt-pt\/avaliacao-ada\/","og_locale":"pt_PT","og_type":"article","og_title":"Avalia\u00e7\u00e3o comportamental e testes da ADA - Active Development","og_description":"A ADA \u00e9 uma ferramenta de autoavalia\u00e7\u00e3o individual que descreve e analisa o comportamento natural e ajuda a desenvolver o talento atrav\u00e9s de compet\u00eancias.","og_url":"https:\/\/www.activede.com\/pt-pt\/avaliacao-ada\/","og_site_name":"Active Development","article_publisher":"https:\/\/www.facebook.com\/Active.Development","article_modified_time":"2024-04-09T07:02:15+00:00","og_image":[{"url":"https:\/\/www.activede.com\/wp-content\/uploads\/2022\/11\/ADA-vs-DISC-1.jpg"}],"twitter_card":"summary_large_image","twitter_site":"@ActiveDe","twitter_misc":{"Est. reading time":"8 minutes"},"schema":{"@context":"https:\/\/schema.org","@graph":[{"@type":"Organization","@id":"https:\/\/www.activede.com\/ca\/#organization","name":"ACTIVE DEVELOPMENT","url":"https:\/\/www.activede.com\/ca\/","sameAs":["https:\/\/www.facebook.com\/Active.Development","https:\/\/www.linkedin.com\/company\/999561?trk=tyah&amp;amp;trkInfo=tarId:1419004716750,tas:active development,idx:2-1-3","http:\/\/www.youtube.com\/user\/ActiveDevelopment","https:\/\/twitter.com\/ActiveDe"],"logo":{"@type":"ImageObject","@id":"https:\/\/www.activede.com\/ca\/#logo","inLanguage":"pt-PT","url":"https:\/\/www.activede.com\/wp-content\/uploads\/2018\/10\/logoAD-min.png","contentUrl":"https:\/\/www.activede.com\/wp-content\/uploads\/2018\/10\/logoAD-min.png","width":225,"height":51,"caption":"ACTIVE DEVELOPMENT"},"image":{"@id":"https:\/\/www.activede.com\/ca\/#logo"}},{"@type":"WebSite","@id":"https:\/\/www.activede.com\/ca\/#website","url":"https:\/\/www.activede.com\/ca\/","name":"Active Development","description":"","publisher":{"@id":"https:\/\/www.activede.com\/ca\/#organization"},"potentialAction":[{"@type":"SearchAction","target":{"@type":"EntryPoint","urlTemplate":"https:\/\/www.activede.com\/ca\/?s={search_term_string}"},"query-input":"required name=search_term_string"}],"inLanguage":"pt-PT"},{"@type":"ImageObject","@id":"https:\/\/www.activede.com\/pt-pt\/avaliacao-ada\/#primaryimage","inLanguage":"pt-PT","url":"https:\/\/www.activede.com\/wp-content\/uploads\/2022\/11\/ADA-vs-DISC-1.jpg","contentUrl":"https:\/\/www.activede.com\/wp-content\/uploads\/2022\/11\/ADA-vs-DISC-1.jpg","width":428,"height":1070,"caption":"ADA vs DISC"},{"@type":"WebPage","@id":"https:\/\/www.activede.com\/pt-pt\/avaliacao-ada\/#webpage","url":"https:\/\/www.activede.com\/pt-pt\/avaliacao-ada\/","name":"Avalia\u00e7\u00e3o comportamental e testes da ADA - Active Development","isPartOf":{"@id":"https:\/\/www.activede.com\/ca\/#website"},"primaryImageOfPage":{"@id":"https:\/\/www.activede.com\/pt-pt\/avaliacao-ada\/#primaryimage"},"datePublished":"2024-03-28T08:15:06+00:00","dateModified":"2024-04-09T07:02:15+00:00","description":"A ADA \u00e9 uma ferramenta de autoavalia\u00e7\u00e3o individual que descreve e analisa o comportamento natural e ajuda a desenvolver o talento atrav\u00e9s de compet\u00eancias.","breadcrumb":{"@id":"https:\/\/www.activede.com\/pt-pt\/avaliacao-ada\/#breadcrumb"},"inLanguage":"pt-PT","potentialAction":[{"@type":"ReadAction","target":["https:\/\/www.activede.com\/pt-pt\/avaliacao-ada\/"]}]},{"@type":"BreadcrumbList","@id":"https:\/\/www.activede.com\/pt-pt\/avaliacao-ada\/#breadcrumb","itemListElement":[{"@type":"ListItem","position":1,"name":"Home"}]}]}},"_links":{"self":[{"href":"https:\/\/www.activede.com\/pt-pt\/wp-json\/wp\/v2\/pages\/16460"}],"collection":[{"href":"https:\/\/www.activede.com\/pt-pt\/wp-json\/wp\/v2\/pages"}],"about":[{"href":"https:\/\/www.activede.com\/pt-pt\/wp-json\/wp\/v2\/types\/page"}],"author":[{"embeddable":true,"href":"https:\/\/www.activede.com\/pt-pt\/wp-json\/wp\/v2\/users\/6"}],"replies":[{"embeddable":true,"href":"https:\/\/www.activede.com\/pt-pt\/wp-json\/wp\/v2\/comments?post=16460"}],"version-history":[{"count":10,"href":"https:\/\/www.activede.com\/pt-pt\/wp-json\/wp\/v2\/pages\/16460\/revisions"}],"predecessor-version":[{"id":16976,"href":"https:\/\/www.activede.com\/pt-pt\/wp-json\/wp\/v2\/pages\/16460\/revisions\/16976"}],"wp:attachment":[{"href":"https:\/\/www.activede.com\/pt-pt\/wp-json\/wp\/v2\/media?parent=16460"}],"curies":[{"name":"wp","href":"https:\/\/api.w.org\/{rel}","templated":true}]}}