{"id":16457,"date":"2024-03-28T08:14:24","date_gmt":"2024-03-28T08:14:24","guid":{"rendered":"https:\/\/www.activede.com\/16457-2\/"},"modified":"2024-03-28T09:35:53","modified_gmt":"2024-03-28T09:35:53","slug":"equipa","status":"publish","type":"page","link":"https:\/\/www.activede.com\/pt-pt\/equipa\/","title":{"rendered":"Equipa"},"content":{"rendered":"<section class=\"av_textblock_section \"  itemscope=\"itemscope\" itemtype=\"https:\/\/schema.org\/CreativeWork\" ><div class='avia_textblock  '   itemprop=\"text\" ><h1>Equipa<\/h1>\n<\/div><\/section>\n<section class=\"av_textblock_section \"  itemscope=\"itemscope\" itemtype=\"https:\/\/schema.org\/CreativeWork\" ><div class='avia_textblock  '   itemprop=\"text\" ><h2>Aqueles que tentam, querem mais<\/h2>\n<\/div><\/section>\n<section class=\"av_textblock_section \"  itemscope=\"itemscope\" itemtype=\"https:\/\/schema.org\/CreativeWork\" ><div class='avia_textblock   av-small-font-size-overwrite av-small-font-size-14 av-mini-font-size-overwrite av-mini-font-size-15'  style='font-size:14px; '  itemprop=\"text\" ><p>Os nossos recursos humanos s\u00e3o tudo. Somos uma equipa de mais de 50 especialistas, com uma experi\u00eancia profissional diversificada em v\u00e1rias especialidades e sectores, a maioria dos quais com forma\u00e7\u00e3o em prestigiadas escolas de gest\u00e3o. Estamos prontos para fazer parte da sua equipa. Juntos, transformaremos as suas oportunidades em grandes sucessos.<\/p>\n<\/div><\/section>\n<div class=\"flex_column av_one_full  flex_column_div av-zero-column-padding first  \" style='border-radius:0px; '><section class=\"avia_codeblock_section  avia_code_block_0\"  itemscope=\"itemscope\" itemtype=\"https:\/\/schema.org\/CreativeWork\" ><div class='avia_codeblock '  itemprop=\"text\" > [avia_codeblock_placeholder uid=\"0\"] <\/div><\/section><\/div>\n","protected":false},"excerpt":{"rendered":"","protected":false},"author":6,"featured_media":0,"parent":0,"menu_order":0,"comment_status":"closed","ping_status":"closed","template":"","meta":{"_acf_changed":false,"footnotes":""},"acf":[],"yoast_head":"<!-- This site is optimized with the Yoast SEO plugin v18.0 - https:\/\/yoast.com\/wordpress\/plugins\/seo\/ -->\n<title>Equipa de conselheiros, consultores e peritos - Active Development<\/title>\n<meta name=\"description\" content=\"Mais do que consultores, somos uma equipa de consultores empresariais com experi\u00eancia e conhecimentos especializados em inova\u00e7\u00e3o, acelera\u00e7\u00e3o de neg\u00f3cios e desenvolvimento empresarial.\" \/>\n<meta name=\"robots\" content=\"index, follow, max-snippet:-1, max-image-preview:large, max-video-preview:-1\" \/>\n<link rel=\"canonical\" href=\"https:\/\/www.activede.com\/pt-pt\/equipa\/\" \/>\n<meta property=\"og:locale\" content=\"pt_PT\" \/>\n<meta property=\"og:type\" content=\"article\" \/>\n<meta property=\"og:title\" content=\"Equipa de conselheiros, consultores e peritos - Active Development\" \/>\n<meta property=\"og:description\" content=\"Mais do que consultores, somos uma equipa de consultores empresariais com experi\u00eancia e conhecimentos especializados em inova\u00e7\u00e3o, acelera\u00e7\u00e3o de neg\u00f3cios e desenvolvimento empresarial.\" \/>\n<meta property=\"og:url\" content=\"https:\/\/www.activede.com\/pt-pt\/equipa\/\" \/>\n<meta property=\"og:site_name\" content=\"Active Development\" \/>\n<meta property=\"article:publisher\" content=\"https:\/\/www.facebook.com\/Active.Development\" \/>\n<meta property=\"article:modified_time\" content=\"2024-03-28T09:35:53+00:00\" \/>\n<meta name=\"twitter:card\" content=\"summary_large_image\" \/>\n<meta name=\"twitter:site\" content=\"@ActiveDe\" \/>\n<meta name=\"twitter:label1\" content=\"Est. reading time\" \/>\n\t<meta name=\"twitter:data1\" content=\"1 minute\" \/>\n<script type=\"application\/ld+json\" class=\"yoast-schema-graph\">{\"@context\":\"https:\/\/schema.org\",\"@graph\":[{\"@type\":\"Organization\",\"@id\":\"https:\/\/www.activede.com\/ca\/#organization\",\"name\":\"ACTIVE DEVELOPMENT\",\"url\":\"https:\/\/www.activede.com\/ca\/\",\"sameAs\":[\"https:\/\/www.facebook.com\/Active.Development\",\"https:\/\/www.linkedin.com\/company\/999561?trk=tyah&amp;amp;trkInfo=tarId:1419004716750,tas:active development,idx:2-1-3\",\"http:\/\/www.youtube.com\/user\/ActiveDevelopment\",\"https:\/\/twitter.com\/ActiveDe\"],\"logo\":{\"@type\":\"ImageObject\",\"@id\":\"https:\/\/www.activede.com\/ca\/#logo\",\"inLanguage\":\"pt-PT\",\"url\":\"https:\/\/www.activede.com\/wp-content\/uploads\/2018\/10\/logoAD-min.png\",\"contentUrl\":\"https:\/\/www.activede.com\/wp-content\/uploads\/2018\/10\/logoAD-min.png\",\"width\":225,\"height\":51,\"caption\":\"ACTIVE DEVELOPMENT\"},\"image\":{\"@id\":\"https:\/\/www.activede.com\/ca\/#logo\"}},{\"@type\":\"WebSite\",\"@id\":\"https:\/\/www.activede.com\/ca\/#website\",\"url\":\"https:\/\/www.activede.com\/ca\/\",\"name\":\"Active Development\",\"description\":\"\",\"publisher\":{\"@id\":\"https:\/\/www.activede.com\/ca\/#organization\"},\"potentialAction\":[{\"@type\":\"SearchAction\",\"target\":{\"@type\":\"EntryPoint\",\"urlTemplate\":\"https:\/\/www.activede.com\/ca\/?s={search_term_string}\"},\"query-input\":\"required name=search_term_string\"}],\"inLanguage\":\"pt-PT\"},{\"@type\":\"WebPage\",\"@id\":\"https:\/\/www.activede.com\/pt-pt\/equipa\/#webpage\",\"url\":\"https:\/\/www.activede.com\/pt-pt\/equipa\/\",\"name\":\"Equipa de conselheiros, consultores e peritos - Active Development\",\"isPartOf\":{\"@id\":\"https:\/\/www.activede.com\/ca\/#website\"},\"datePublished\":\"2024-03-28T08:14:24+00:00\",\"dateModified\":\"2024-03-28T09:35:53+00:00\",\"description\":\"Mais do que consultores, somos uma equipa de consultores empresariais com experi\u00eancia e conhecimentos especializados em inova\u00e7\u00e3o, acelera\u00e7\u00e3o de neg\u00f3cios e desenvolvimento empresarial.\",\"breadcrumb\":{\"@id\":\"https:\/\/www.activede.com\/pt-pt\/equipa\/#breadcrumb\"},\"inLanguage\":\"pt-PT\",\"potentialAction\":[{\"@type\":\"ReadAction\",\"target\":[\"https:\/\/www.activede.com\/pt-pt\/equipa\/\"]}]},{\"@type\":\"BreadcrumbList\",\"@id\":\"https:\/\/www.activede.com\/pt-pt\/equipa\/#breadcrumb\",\"itemListElement\":[{\"@type\":\"ListItem\",\"position\":1,\"name\":\"Home\"}]}]}<\/script>\n<!-- \/ Yoast SEO plugin. -->","yoast_head_json":{"title":"Equipa de conselheiros, consultores e peritos - Active Development","description":"Mais do que consultores, somos uma equipa de consultores empresariais com experi\u00eancia e conhecimentos especializados em inova\u00e7\u00e3o, acelera\u00e7\u00e3o de neg\u00f3cios e desenvolvimento empresarial.","robots":{"index":"index","follow":"follow","max-snippet":"max-snippet:-1","max-image-preview":"max-image-preview:large","max-video-preview":"max-video-preview:-1"},"canonical":"https:\/\/www.activede.com\/pt-pt\/equipa\/","og_locale":"pt_PT","og_type":"article","og_title":"Equipa de conselheiros, consultores e peritos - Active Development","og_description":"Mais do que consultores, somos uma equipa de consultores empresariais com experi\u00eancia e conhecimentos especializados em inova\u00e7\u00e3o, acelera\u00e7\u00e3o de neg\u00f3cios e desenvolvimento empresarial.","og_url":"https:\/\/www.activede.com\/pt-pt\/equipa\/","og_site_name":"Active Development","article_publisher":"https:\/\/www.facebook.com\/Active.Development","article_modified_time":"2024-03-28T09:35:53+00:00","twitter_card":"summary_large_image","twitter_site":"@ActiveDe","twitter_misc":{"Est. reading time":"1 minute"},"schema":{"@context":"https:\/\/schema.org","@graph":[{"@type":"Organization","@id":"https:\/\/www.activede.com\/ca\/#organization","name":"ACTIVE DEVELOPMENT","url":"https:\/\/www.activede.com\/ca\/","sameAs":["https:\/\/www.facebook.com\/Active.Development","https:\/\/www.linkedin.com\/company\/999561?trk=tyah&amp;amp;trkInfo=tarId:1419004716750,tas:active development,idx:2-1-3","http:\/\/www.youtube.com\/user\/ActiveDevelopment","https:\/\/twitter.com\/ActiveDe"],"logo":{"@type":"ImageObject","@id":"https:\/\/www.activede.com\/ca\/#logo","inLanguage":"pt-PT","url":"https:\/\/www.activede.com\/wp-content\/uploads\/2018\/10\/logoAD-min.png","contentUrl":"https:\/\/www.activede.com\/wp-content\/uploads\/2018\/10\/logoAD-min.png","width":225,"height":51,"caption":"ACTIVE DEVELOPMENT"},"image":{"@id":"https:\/\/www.activede.com\/ca\/#logo"}},{"@type":"WebSite","@id":"https:\/\/www.activede.com\/ca\/#website","url":"https:\/\/www.activede.com\/ca\/","name":"Active Development","description":"","publisher":{"@id":"https:\/\/www.activede.com\/ca\/#organization"},"potentialAction":[{"@type":"SearchAction","target":{"@type":"EntryPoint","urlTemplate":"https:\/\/www.activede.com\/ca\/?s={search_term_string}"},"query-input":"required name=search_term_string"}],"inLanguage":"pt-PT"},{"@type":"WebPage","@id":"https:\/\/www.activede.com\/pt-pt\/equipa\/#webpage","url":"https:\/\/www.activede.com\/pt-pt\/equipa\/","name":"Equipa de conselheiros, consultores e peritos - Active Development","isPartOf":{"@id":"https:\/\/www.activede.com\/ca\/#website"},"datePublished":"2024-03-28T08:14:24+00:00","dateModified":"2024-03-28T09:35:53+00:00","description":"Mais do que consultores, somos uma equipa de consultores empresariais com experi\u00eancia e conhecimentos especializados em inova\u00e7\u00e3o, acelera\u00e7\u00e3o de neg\u00f3cios e desenvolvimento empresarial.","breadcrumb":{"@id":"https:\/\/www.activede.com\/pt-pt\/equipa\/#breadcrumb"},"inLanguage":"pt-PT","potentialAction":[{"@type":"ReadAction","target":["https:\/\/www.activede.com\/pt-pt\/equipa\/"]}]},{"@type":"BreadcrumbList","@id":"https:\/\/www.activede.com\/pt-pt\/equipa\/#breadcrumb","itemListElement":[{"@type":"ListItem","position":1,"name":"Home"}]}]}},"_links":{"self":[{"href":"https:\/\/www.activede.com\/pt-pt\/wp-json\/wp\/v2\/pages\/16457"}],"collection":[{"href":"https:\/\/www.activede.com\/pt-pt\/wp-json\/wp\/v2\/pages"}],"about":[{"href":"https:\/\/www.activede.com\/pt-pt\/wp-json\/wp\/v2\/types\/page"}],"author":[{"embeddable":true,"href":"https:\/\/www.activede.com\/pt-pt\/wp-json\/wp\/v2\/users\/6"}],"replies":[{"embeddable":true,"href":"https:\/\/www.activede.com\/pt-pt\/wp-json\/wp\/v2\/comments?post=16457"}],"version-history":[{"count":6,"href":"https:\/\/www.activede.com\/pt-pt\/wp-json\/wp\/v2\/pages\/16457\/revisions"}],"predecessor-version":[{"id":16612,"href":"https:\/\/www.activede.com\/pt-pt\/wp-json\/wp\/v2\/pages\/16457\/revisions\/16612"}],"wp:attachment":[{"href":"https:\/\/www.activede.com\/pt-pt\/wp-json\/wp\/v2\/media?parent=16457"}],"curies":[{"name":"wp","href":"https:\/\/api.w.org\/{rel}","templated":true}]}}