{"id":16392,"date":"2024-03-28T08:00:59","date_gmt":"2024-03-28T08:00:59","guid":{"rendered":"https:\/\/www.activede.com\/16392-2\/"},"modified":"2024-03-28T10:14:21","modified_gmt":"2024-03-28T10:14:21","slug":"kit-de-imprensa","status":"publish","type":"page","link":"https:\/\/www.activede.com\/pt-pt\/contato\/kit-de-imprensa\/","title":{"rendered":"Kit de imprensa"},"content":{"rendered":"<div class=\"flex_column av_one_full  flex_column_div av-zero-column-padding first  \" style='border-radius:0px; '><section class=\"av_textblock_section \"  itemscope=\"itemscope\" itemtype=\"https:\/\/schema.org\/CreativeWork\" ><div class='avia_textblock   av-medium-font-size-overwrite av-medium-font-size-15 av-small-font-size-overwrite av-small-font-size-14 av-mini-font-size-overwrite av-mini-font-size-14'  style='font-size:18px; '  itemprop=\"text\" ><p>Se \u00e9 jornalista e procura especialistas para lhe fornecerem novas perspectivas, teremos todo o gosto em colaborar consigo. Os nossos parceiros s\u00e3o professores e escritores activos, e esperamos estar envolvidos nos meios de comunica\u00e7\u00e3o social.<\/p>\n<p>Recentemente, colabor\u00e1mos com meios de comunica\u00e7\u00e3o como a &#8220;Antena3 Televisi\u00f3n&#8221;, o jornal &#8220;La Expansi\u00f3n&#8221;, a revista &#8220;Emprendedores&#8221;, a &#8220;Catalu\u00f1a Radio&#8221;, o jornal &#8220;El Pa\u00eds&#8221;, o jornal &#8220;Ideal de Granada&#8221;, o programa &#8220;Nunca es Tarde&#8221; da Radio Nacional, o jornal &#8220;Heraldo&#8221; de Arag\u00e3o, o programa &#8220;Cierre de Mercados&#8221; da Intereconom\u00eda TV, o jornal Sabadell, o jornal &#8220;Hoy&#8221;, o jornal &#8220;El Mundo&#8221;, a revista &#8220;Travel Manager&#8221;, entre outros.<\/p>\n<\/div><\/section><\/div><div style='padding-bottom:10px; font-size:22px;' class='av-special-heading av-special-heading-h1  blockquote modern-quote  av-inherit-size '><h1 class='av-special-heading-tag  av-medium-font-size-overwrite av-medium-font-size-20 av-small-font-size-overwrite av-small-font-size-18 av-mini-font-size-overwrite av-mini-font-size-16'  itemprop=\"headline\"  > O NOSSO CANAL DE AN\u00daNCIOS<\/h1><div class='special-heading-border'><div class='special-heading-inner-border' ><\/div><\/div><\/div><\/p>\n<div  class='hr hr-short hr-left  '><span class='hr-inner ' ><span class='hr-inner-style'><\/span><\/span><\/div>\n<div class='avia-image-container  av-styling-    avia-align-center '  itemprop=\"ImageObject\" itemscope=\"itemscope\" itemtype=\"https:\/\/schema.org\/ImageObject\"  ><div class='avia-image-container-inner'><div class='avia-image-overlay-wrap'><a href='https:\/\/www.youtube.com\/channel\/UCB9HJpbU2Gj2tLCKNE60W2A' class='avia_image'   target=\"_blank\" ><img class='avia_image ' src='https:\/\/www.activede.com\/wp-content\/uploads\/2018\/10\/youtube.gif' alt='' title='youtube'  itemprop=\"thumbnailUrl\"  \/><\/a><\/div><\/div><\/div>\n","protected":false},"excerpt":{"rendered":"","protected":false},"author":6,"featured_media":0,"parent":16445,"menu_order":0,"comment_status":"closed","ping_status":"closed","template":"","meta":{"_acf_changed":false,"footnotes":""},"acf":[],"yoast_head":"<!-- This site is optimized with the Yoast SEO plugin v18.0 - https:\/\/yoast.com\/wordpress\/plugins\/seo\/ -->\n<title>O nosso kit de imprensa dispon\u00edvel - Active Development<\/title>\n<meta name=\"description\" content=\"Se \u00e9 jornalista e procura especialistas para lhe fornecerem novas perspectivas, teremos todo o gosto em colaborar consigo.\" \/>\n<meta name=\"robots\" content=\"index, follow, max-snippet:-1, max-image-preview:large, max-video-preview:-1\" \/>\n<link rel=\"canonical\" href=\"https:\/\/www.activede.com\/pt-pt\/contato\/kit-de-imprensa\/\" \/>\n<meta property=\"og:locale\" content=\"pt_PT\" \/>\n<meta property=\"og:type\" content=\"article\" \/>\n<meta property=\"og:title\" content=\"O nosso kit de imprensa dispon\u00edvel - Active Development\" \/>\n<meta property=\"og:description\" content=\"Se \u00e9 jornalista e procura especialistas para lhe fornecerem novas perspectivas, teremos todo o gosto em colaborar consigo.\" \/>\n<meta property=\"og:url\" content=\"https:\/\/www.activede.com\/pt-pt\/contato\/kit-de-imprensa\/\" \/>\n<meta property=\"og:site_name\" content=\"Active Development\" \/>\n<meta property=\"article:publisher\" content=\"https:\/\/www.facebook.com\/Active.Development\" \/>\n<meta property=\"article:modified_time\" content=\"2024-03-28T10:14:21+00:00\" \/>\n<meta name=\"twitter:card\" content=\"summary_large_image\" \/>\n<meta name=\"twitter:site\" content=\"@ActiveDe\" \/>\n<meta name=\"twitter:label1\" content=\"Est. reading time\" \/>\n\t<meta name=\"twitter:data1\" content=\"2 minutes\" \/>\n<script type=\"application\/ld+json\" class=\"yoast-schema-graph\">{\"@context\":\"https:\/\/schema.org\",\"@graph\":[{\"@type\":\"Organization\",\"@id\":\"https:\/\/www.activede.com\/ca\/#organization\",\"name\":\"ACTIVE DEVELOPMENT\",\"url\":\"https:\/\/www.activede.com\/ca\/\",\"sameAs\":[\"https:\/\/www.facebook.com\/Active.Development\",\"https:\/\/www.linkedin.com\/company\/999561?trk=tyah&amp;amp;trkInfo=tarId:1419004716750,tas:active development,idx:2-1-3\",\"http:\/\/www.youtube.com\/user\/ActiveDevelopment\",\"https:\/\/twitter.com\/ActiveDe\"],\"logo\":{\"@type\":\"ImageObject\",\"@id\":\"https:\/\/www.activede.com\/ca\/#logo\",\"inLanguage\":\"pt-PT\",\"url\":\"https:\/\/www.activede.com\/wp-content\/uploads\/2018\/10\/logoAD-min.png\",\"contentUrl\":\"https:\/\/www.activede.com\/wp-content\/uploads\/2018\/10\/logoAD-min.png\",\"width\":225,\"height\":51,\"caption\":\"ACTIVE DEVELOPMENT\"},\"image\":{\"@id\":\"https:\/\/www.activede.com\/ca\/#logo\"}},{\"@type\":\"WebSite\",\"@id\":\"https:\/\/www.activede.com\/ca\/#website\",\"url\":\"https:\/\/www.activede.com\/ca\/\",\"name\":\"Active Development\",\"description\":\"\",\"publisher\":{\"@id\":\"https:\/\/www.activede.com\/ca\/#organization\"},\"potentialAction\":[{\"@type\":\"SearchAction\",\"target\":{\"@type\":\"EntryPoint\",\"urlTemplate\":\"https:\/\/www.activede.com\/ca\/?s={search_term_string}\"},\"query-input\":\"required name=search_term_string\"}],\"inLanguage\":\"pt-PT\"},{\"@type\":\"WebPage\",\"@id\":\"https:\/\/www.activede.com\/pt-pt\/contato\/kit-de-imprensa\/#webpage\",\"url\":\"https:\/\/www.activede.com\/pt-pt\/contato\/kit-de-imprensa\/\",\"name\":\"O nosso kit de imprensa dispon\u00edvel - Active Development\",\"isPartOf\":{\"@id\":\"https:\/\/www.activede.com\/ca\/#website\"},\"datePublished\":\"2024-03-28T08:00:59+00:00\",\"dateModified\":\"2024-03-28T10:14:21+00:00\",\"description\":\"Se \u00e9 jornalista e procura especialistas para lhe fornecerem novas perspectivas, teremos todo o gosto em colaborar consigo.\",\"breadcrumb\":{\"@id\":\"https:\/\/www.activede.com\/pt-pt\/contato\/kit-de-imprensa\/#breadcrumb\"},\"inLanguage\":\"pt-PT\",\"potentialAction\":[{\"@type\":\"ReadAction\",\"target\":[\"https:\/\/www.activede.com\/pt-pt\/contato\/kit-de-imprensa\/\"]}]},{\"@type\":\"BreadcrumbList\",\"@id\":\"https:\/\/www.activede.com\/pt-pt\/contato\/kit-de-imprensa\/#breadcrumb\",\"itemListElement\":[{\"@type\":\"ListItem\",\"position\":1,\"name\":\"Home\",\"item\":\"https:\/\/www.activede.com\/pt-pt\/contato\/\"},{\"@type\":\"ListItem\",\"position\":2,\"name\":\"Kit de imprensa\"}]}]}<\/script>\n<!-- \/ Yoast SEO plugin. -->","yoast_head_json":{"title":"O nosso kit de imprensa dispon\u00edvel - Active Development","description":"Se \u00e9 jornalista e procura especialistas para lhe fornecerem novas perspectivas, teremos todo o gosto em colaborar consigo.","robots":{"index":"index","follow":"follow","max-snippet":"max-snippet:-1","max-image-preview":"max-image-preview:large","max-video-preview":"max-video-preview:-1"},"canonical":"https:\/\/www.activede.com\/pt-pt\/contato\/kit-de-imprensa\/","og_locale":"pt_PT","og_type":"article","og_title":"O nosso kit de imprensa dispon\u00edvel - Active Development","og_description":"Se \u00e9 jornalista e procura especialistas para lhe fornecerem novas perspectivas, teremos todo o gosto em colaborar consigo.","og_url":"https:\/\/www.activede.com\/pt-pt\/contato\/kit-de-imprensa\/","og_site_name":"Active Development","article_publisher":"https:\/\/www.facebook.com\/Active.Development","article_modified_time":"2024-03-28T10:14:21+00:00","twitter_card":"summary_large_image","twitter_site":"@ActiveDe","twitter_misc":{"Est. reading time":"2 minutes"},"schema":{"@context":"https:\/\/schema.org","@graph":[{"@type":"Organization","@id":"https:\/\/www.activede.com\/ca\/#organization","name":"ACTIVE DEVELOPMENT","url":"https:\/\/www.activede.com\/ca\/","sameAs":["https:\/\/www.facebook.com\/Active.Development","https:\/\/www.linkedin.com\/company\/999561?trk=tyah&amp;amp;trkInfo=tarId:1419004716750,tas:active development,idx:2-1-3","http:\/\/www.youtube.com\/user\/ActiveDevelopment","https:\/\/twitter.com\/ActiveDe"],"logo":{"@type":"ImageObject","@id":"https:\/\/www.activede.com\/ca\/#logo","inLanguage":"pt-PT","url":"https:\/\/www.activede.com\/wp-content\/uploads\/2018\/10\/logoAD-min.png","contentUrl":"https:\/\/www.activede.com\/wp-content\/uploads\/2018\/10\/logoAD-min.png","width":225,"height":51,"caption":"ACTIVE DEVELOPMENT"},"image":{"@id":"https:\/\/www.activede.com\/ca\/#logo"}},{"@type":"WebSite","@id":"https:\/\/www.activede.com\/ca\/#website","url":"https:\/\/www.activede.com\/ca\/","name":"Active Development","description":"","publisher":{"@id":"https:\/\/www.activede.com\/ca\/#organization"},"potentialAction":[{"@type":"SearchAction","target":{"@type":"EntryPoint","urlTemplate":"https:\/\/www.activede.com\/ca\/?s={search_term_string}"},"query-input":"required name=search_term_string"}],"inLanguage":"pt-PT"},{"@type":"WebPage","@id":"https:\/\/www.activede.com\/pt-pt\/contato\/kit-de-imprensa\/#webpage","url":"https:\/\/www.activede.com\/pt-pt\/contato\/kit-de-imprensa\/","name":"O nosso kit de imprensa dispon\u00edvel - Active Development","isPartOf":{"@id":"https:\/\/www.activede.com\/ca\/#website"},"datePublished":"2024-03-28T08:00:59+00:00","dateModified":"2024-03-28T10:14:21+00:00","description":"Se \u00e9 jornalista e procura especialistas para lhe fornecerem novas perspectivas, teremos todo o gosto em colaborar consigo.","breadcrumb":{"@id":"https:\/\/www.activede.com\/pt-pt\/contato\/kit-de-imprensa\/#breadcrumb"},"inLanguage":"pt-PT","potentialAction":[{"@type":"ReadAction","target":["https:\/\/www.activede.com\/pt-pt\/contato\/kit-de-imprensa\/"]}]},{"@type":"BreadcrumbList","@id":"https:\/\/www.activede.com\/pt-pt\/contato\/kit-de-imprensa\/#breadcrumb","itemListElement":[{"@type":"ListItem","position":1,"name":"Home","item":"https:\/\/www.activede.com\/pt-pt\/contato\/"},{"@type":"ListItem","position":2,"name":"Kit de imprensa"}]}]}},"_links":{"self":[{"href":"https:\/\/www.activede.com\/pt-pt\/wp-json\/wp\/v2\/pages\/16392"}],"collection":[{"href":"https:\/\/www.activede.com\/pt-pt\/wp-json\/wp\/v2\/pages"}],"about":[{"href":"https:\/\/www.activede.com\/pt-pt\/wp-json\/wp\/v2\/types\/page"}],"author":[{"embeddable":true,"href":"https:\/\/www.activede.com\/pt-pt\/wp-json\/wp\/v2\/users\/6"}],"replies":[{"embeddable":true,"href":"https:\/\/www.activede.com\/pt-pt\/wp-json\/wp\/v2\/comments?post=16392"}],"version-history":[{"count":6,"href":"https:\/\/www.activede.com\/pt-pt\/wp-json\/wp\/v2\/pages\/16392\/revisions"}],"predecessor-version":[{"id":16689,"href":"https:\/\/www.activede.com\/pt-pt\/wp-json\/wp\/v2\/pages\/16392\/revisions\/16689"}],"up":[{"embeddable":true,"href":"https:\/\/www.activede.com\/pt-pt\/wp-json\/wp\/v2\/pages\/16445"}],"wp:attachment":[{"href":"https:\/\/www.activede.com\/pt-pt\/wp-json\/wp\/v2\/media?parent=16392"}],"curies":[{"name":"wp","href":"https:\/\/api.w.org\/{rel}","templated":true}]}}