{"id":16313,"date":"2024-03-28T07:39:14","date_gmt":"2024-03-28T07:39:14","guid":{"rendered":"https:\/\/www.activede.com\/16313-2\/"},"modified":"2024-03-28T10:58:18","modified_gmt":"2024-03-28T10:58:18","slug":"coaching","status":"publish","type":"page","link":"https:\/\/www.activede.com\/pt-pt\/coaching\/","title":{"rendered":"Coaching"},"content":{"rendered":"<div class=\"flex_column av_one_full  flex_column_div av-zero-column-padding first  \" style='border-radius:0px; '><section class=\"av_textblock_section \"  itemscope=\"itemscope\" itemtype=\"https:\/\/schema.org\/CreativeWork\" ><div class='avia_textblock   av-medium-font-size-overwrite av-medium-font-size-16 av-small-font-size-overwrite av-small-font-size-15 av-mini-font-size-overwrite av-mini-font-size-14'  style='font-size:14px; '  itemprop=\"text\" ><h1>Coaching<\/h1>\n<h2>O coaching que sua equipe precisa<\/h2>\n<p>Nosso coaching \u00e9 um acompanhamento pessoal que\u00a0AJUDA VOC\u00ca A SE DESENVOLVER PESSOAL E PROFISSIONALMENTE\u00a0para alcan\u00e7ar novos resultados no menor tempo poss\u00edvel. Pode ser um servi\u00e7o \u00fanico ou para um grupo espec\u00edfico, combinando e potenciando sinergias e compet\u00eancias para elevados rendimentos em equipa.<\/p>\n<p>Como complemento opcional ao nosso COACHING, oferecemos a an\u00e1lise do comportamento individual atrav\u00e9s da nossa AVALIA\u00c7\u00c3O ADA, identificamos padr\u00f5es e compet\u00eancias que nos permitem diagnosticar as chaves para o seu sucesso futuro. Desenhamos um roteiro pessoal e acompanharemos voc\u00ea em seu caminho, fortalecendo sua intelig\u00eancia emocional, melhorando seu desempenho e aumentando seu comprometimento e motiva\u00e7\u00e3o.<\/p>\n<p>Nossa metodologia \u00e9 semelhante a um\u00a0PERSONAL TRAINER\u00a0no mundo do esporte de alto n\u00edvel: exigiremos dele mais do que ele exigir\u00e1 de si mesmo. Nosso objetivo \u00e9 te preparar, te ajudar a pensar, inspirar, encorajar, persuadir e principalmente desbloquear o que te prende. Juntos faremos a sua empresa e voc\u00ea obter melhores resultados. Uma abordagem muito pr\u00e1tica, baseada no \u201cAprenda fazendo\u201d e no \u201cFa\u00e7a voc\u00ea mesmo\u201d, usando apenas o que funciona e voc\u00ea realmente evoluir\u00e1 e alcan\u00e7ar\u00e1 seus objetivos.<\/p>\n<p>\u00c9 criado um espa\u00e7o de\u00a0MEDITA\u00c7\u00c3O GUIADA\u00a0onde o participante ou \u2018coachee\u2019 se olha no espelho e detecta suas cren\u00e7as limitantes. Voc\u00ea pode explorar novas alternativas e novas maneiras de ser e fazer em um ambiente seguro e confidencial. Trata-se de \u201cresgatar\u201d os pontos fortes que o tornam especial e que sem ajuda dificilmente os teria identificado e promovido.<\/p>\n<p>Alguns dos benef\u00edcios do nosso servi\u00e7o de coaching alcan\u00e7ados pelos nossos clientes s\u00e3o:<\/p>\n<p>\u25cf Fornecer informa\u00e7\u00e3o e conhecimento das suas pr\u00f3prias compet\u00eancias para desenvolver o potencial de forma met\u00f3dica, estruturada e eficaz.<\/p>\n<p>\u25cf Auxiliar no autoconhecimento e efic\u00e1cia da lideran\u00e7a pessoal para liderar equipes multidisciplinares.<\/p>\n<p>\u25cf Contribuir para o crescimento pessoal, melhorando a autoestima e o relacionamento interpessoal, bem como a comunica\u00e7\u00e3o.<\/p>\n<p>\u25cf Preparar voc\u00ea para suas responsabilidades e desafios, ganhando confian\u00e7a e conhecimento de seus pontos fortes e limites.<\/p>\n<p>\u25cf Permitir o desenvolvimento da uni\u00e3o e do esp\u00edrito de equipe, e descobrir novas possibilidades e talentos nos outros.<\/p>\n<p>\u25cf\u00a0Ajudar a pensar e planejar estrategicamente, a gerenciar riscos de forma mais eficaz e a criar, comunicar e executar a miss\u00e3o empresarial.<\/p>\n<p>\u25cf\u00a0Estabele\u00e7a metas claras para desenvolver qualquer projeto com sucesso.<\/p>\n<p>\u25cf\u00a0Ajude a priorizar tarefas de alto valor e delegar com efici\u00eancia.<\/p>\n<p>\u25cf Desenvolver uma cultura e valores pr\u00f3prios.<\/p>\n<p>Nossos especialistas s\u00e3o certificados em escolas de renome internacional, entre as quais podemos encontrar a Federa\u00e7\u00e3o Internacional de Coaching, a Associa\u00e7\u00e3o Espanhola de Coaching (ASESCO) ou Newfield, Escola de Rafael Echeverria, criador da Ontologia da Linguagem e um dos pais do Coaching Ontol\u00f3gico.<\/p>\n<\/div><\/section><\/div><\/div><\/div><\/div><!-- close content main div --><\/div><\/div><div id='av_section_1' class='avia-section main_color avia-section-default avia-no-border-styling avia-bg-style-scroll   container_wrap sidebar_right' style = 'background-color: #3b3b3b; background-image: '  ><div class='container' ><div class='template-page content  av-content-small alpha units'><div class='post-entry post-entry-type-page post-entry-16313'><div class='entry-content-wrapper clearfix'>\n<div class='flex_column_table av-equal-height-column-flextable -flextable' ><div class=\"flex_column av_one_half  flex_column_table_cell av-equal-height-column av-align-middle first  \" style='background: #333333; padding:5%; background-color:#333333; border-radius:0px; '><p><div style='padding-bottom:10px; color:#ffffff;font-size:22px;' class='av-special-heading av-special-heading-h3 custom-color-heading blockquote modern-quote modern-centered  av-inherit-size '><h3 class='av-special-heading-tag  av-medium-font-size-overwrite av-medium-font-size-16 av-small-font-size-overwrite av-small-font-size-18 av-mini-font-size-overwrite av-mini-font-size-20'  itemprop=\"headline\"  >Experi\u00eancia hoje amanh\u00e3<\/h3><div class ='av-subheading av-subheading_below av_custom_color  av-medium-font-size-overwrite av-medium-font-size-14 av-small-font-size-overwrite av-small-font-size-14 av-mini-font-size-overwrite av-mini-font-size-15' style='font-size:16px;'><p>Contate agora para um primeiro diagn\u00f3stico gratuito<\/p>\n<\/div><div class='special-heading-border'><div class='special-heading-inner-border' style='border-color:#ffffff'><\/div><\/div><\/div><br \/>\n<div class='avia-button-wrap avia-button-center '><a href='http:\/\/activede.lemontelecom.com\/contact\/non-binding-consultations\/'  class='avia-button   avia-icon_select-no avia-color-theme-color avia-size-medium avia-position-center '   ><span class='avia_iconbox_title' >CONTACTE AGORA!<\/span><\/a><\/div><\/p><\/div><\/div><!--close column table wrapper. Autoclose: 1 --><div class='flex_column_table av-equal-height-column-flextable -flextable' ><div class='av-flex-placeholder'><\/div><div class=\"flex_column av_one_half  flex_column_table_cell av-equal-height-column av-align-middle   \" style='background: #333333; padding:5%; background-color:#333333; border-radius:0px; '><p><div style='padding-bottom:10px; color:#ffffff;font-size:22px;' class='av-special-heading av-special-heading-h3 custom-color-heading blockquote modern-quote modern-centered  av-inherit-size '><h3 class='av-special-heading-tag  av-medium-font-size-overwrite av-medium-font-size-16 av-small-font-size-overwrite av-small-font-size-18 av-mini-font-size-overwrite av-mini-font-size-20'  itemprop=\"headline\"  >Conhecer o Desenvolvimento Ativo<\/h3><div class ='av-subheading av-subheading_below av_custom_color  av-medium-font-size-overwrite av-medium-font-size-14 av-small-font-size-overwrite av-small-font-size-14 av-mini-font-size-overwrite av-mini-font-size-15' style='font-size:16px;'><p>Descubra como podemos ajud\u00e1-lo<\/p>\n<\/div><div class='special-heading-border'><div class='special-heading-inner-border' style='border-color:#ffffff'><\/div><\/div><\/div><br \/>\n<div class='avia-button-wrap avia-button-center '><a href='https:\/\/www.youtube.com\/embed\/_NWnf7PXfGE?rel=0'  class='avia-button   avia-icon_select-no avia-color-theme-color avia-size-medium avia-position-center '   ><span class='avia_iconbox_title' >VER V\u00cdDEO!<\/span><\/a><\/div><\/p><\/div><\/div><!--close column table wrapper. Autoclose: 1 --><\/div><\/div><\/div><!-- close content main div --><\/div><\/div><div id='after_section_1' class='main_color av_default_container_wrap container_wrap sidebar_right'   ><div class='container' ><div class='template-page content  av-content-small alpha units'><div class='post-entry post-entry-type-page post-entry-16313'><div class='entry-content-wrapper clearfix'><\/p>\n","protected":false},"excerpt":{"rendered":"","protected":false},"author":6,"featured_media":0,"parent":0,"menu_order":0,"comment_status":"closed","ping_status":"closed","template":"","meta":{"_acf_changed":false,"footnotes":""},"acf":[],"yoast_head":"<!-- This site is optimized with the Yoast SEO plugin v18.0 - https:\/\/yoast.com\/wordpress\/plugins\/seo\/ -->\n<title>Coaching e acompanhamento de empresas - Active Development<\/title>\n<meta name=\"description\" content=\"O nosso coaching empresarial \u00e9 um acompanhamento pessoal do executivo para a sua evolu\u00e7\u00e3o pessoal e profissional em compet\u00eancias e lideran\u00e7a.\" \/>\n<meta name=\"robots\" content=\"index, follow, max-snippet:-1, max-image-preview:large, max-video-preview:-1\" \/>\n<link rel=\"canonical\" href=\"https:\/\/www.activede.com\/pt-pt\/coaching\/\" \/>\n<meta property=\"og:locale\" content=\"pt_PT\" \/>\n<meta property=\"og:type\" content=\"article\" \/>\n<meta property=\"og:title\" content=\"Coaching e acompanhamento de empresas - Active Development\" \/>\n<meta property=\"og:description\" content=\"O nosso coaching empresarial \u00e9 um acompanhamento pessoal do executivo para a sua evolu\u00e7\u00e3o pessoal e profissional em compet\u00eancias e lideran\u00e7a.\" \/>\n<meta property=\"og:url\" content=\"https:\/\/www.activede.com\/pt-pt\/coaching\/\" \/>\n<meta property=\"og:site_name\" content=\"Active Development\" \/>\n<meta property=\"article:publisher\" content=\"https:\/\/www.facebook.com\/Active.Development\" \/>\n<meta property=\"article:modified_time\" content=\"2024-03-28T10:58:18+00:00\" \/>\n<meta name=\"twitter:card\" content=\"summary_large_image\" \/>\n<meta name=\"twitter:site\" content=\"@ActiveDe\" \/>\n<meta name=\"twitter:label1\" content=\"Est. reading time\" \/>\n\t<meta name=\"twitter:data1\" content=\"6 minutes\" \/>\n<script type=\"application\/ld+json\" class=\"yoast-schema-graph\">{\"@context\":\"https:\/\/schema.org\",\"@graph\":[{\"@type\":\"Organization\",\"@id\":\"https:\/\/www.activede.com\/ca\/#organization\",\"name\":\"ACTIVE DEVELOPMENT\",\"url\":\"https:\/\/www.activede.com\/ca\/\",\"sameAs\":[\"https:\/\/www.facebook.com\/Active.Development\",\"https:\/\/www.linkedin.com\/company\/999561?trk=tyah&amp;amp;trkInfo=tarId:1419004716750,tas:active development,idx:2-1-3\",\"http:\/\/www.youtube.com\/user\/ActiveDevelopment\",\"https:\/\/twitter.com\/ActiveDe\"],\"logo\":{\"@type\":\"ImageObject\",\"@id\":\"https:\/\/www.activede.com\/ca\/#logo\",\"inLanguage\":\"pt-PT\",\"url\":\"https:\/\/www.activede.com\/wp-content\/uploads\/2018\/10\/logoAD-min.png\",\"contentUrl\":\"https:\/\/www.activede.com\/wp-content\/uploads\/2018\/10\/logoAD-min.png\",\"width\":225,\"height\":51,\"caption\":\"ACTIVE DEVELOPMENT\"},\"image\":{\"@id\":\"https:\/\/www.activede.com\/ca\/#logo\"}},{\"@type\":\"WebSite\",\"@id\":\"https:\/\/www.activede.com\/ca\/#website\",\"url\":\"https:\/\/www.activede.com\/ca\/\",\"name\":\"Active Development\",\"description\":\"\",\"publisher\":{\"@id\":\"https:\/\/www.activede.com\/ca\/#organization\"},\"potentialAction\":[{\"@type\":\"SearchAction\",\"target\":{\"@type\":\"EntryPoint\",\"urlTemplate\":\"https:\/\/www.activede.com\/ca\/?s={search_term_string}\"},\"query-input\":\"required name=search_term_string\"}],\"inLanguage\":\"pt-PT\"},{\"@type\":\"WebPage\",\"@id\":\"https:\/\/www.activede.com\/pt-pt\/coaching\/#webpage\",\"url\":\"https:\/\/www.activede.com\/pt-pt\/coaching\/\",\"name\":\"Coaching e acompanhamento de empresas - Active Development\",\"isPartOf\":{\"@id\":\"https:\/\/www.activede.com\/ca\/#website\"},\"datePublished\":\"2024-03-28T07:39:14+00:00\",\"dateModified\":\"2024-03-28T10:58:18+00:00\",\"description\":\"O nosso coaching empresarial \u00e9 um acompanhamento pessoal do executivo para a sua evolu\u00e7\u00e3o pessoal e profissional em compet\u00eancias e lideran\u00e7a.\",\"breadcrumb\":{\"@id\":\"https:\/\/www.activede.com\/pt-pt\/coaching\/#breadcrumb\"},\"inLanguage\":\"pt-PT\",\"potentialAction\":[{\"@type\":\"ReadAction\",\"target\":[\"https:\/\/www.activede.com\/pt-pt\/coaching\/\"]}]},{\"@type\":\"BreadcrumbList\",\"@id\":\"https:\/\/www.activede.com\/pt-pt\/coaching\/#breadcrumb\",\"itemListElement\":[{\"@type\":\"ListItem\",\"position\":1,\"name\":\"Home\"}]}]}<\/script>\n<!-- \/ Yoast SEO plugin. -->","yoast_head_json":{"title":"Coaching e acompanhamento de empresas - Active Development","description":"O nosso coaching empresarial \u00e9 um acompanhamento pessoal do executivo para a sua evolu\u00e7\u00e3o pessoal e profissional em compet\u00eancias e lideran\u00e7a.","robots":{"index":"index","follow":"follow","max-snippet":"max-snippet:-1","max-image-preview":"max-image-preview:large","max-video-preview":"max-video-preview:-1"},"canonical":"https:\/\/www.activede.com\/pt-pt\/coaching\/","og_locale":"pt_PT","og_type":"article","og_title":"Coaching e acompanhamento de empresas - Active Development","og_description":"O nosso coaching empresarial \u00e9 um acompanhamento pessoal do executivo para a sua evolu\u00e7\u00e3o pessoal e profissional em compet\u00eancias e lideran\u00e7a.","og_url":"https:\/\/www.activede.com\/pt-pt\/coaching\/","og_site_name":"Active Development","article_publisher":"https:\/\/www.facebook.com\/Active.Development","article_modified_time":"2024-03-28T10:58:18+00:00","twitter_card":"summary_large_image","twitter_site":"@ActiveDe","twitter_misc":{"Est. reading time":"6 minutes"},"schema":{"@context":"https:\/\/schema.org","@graph":[{"@type":"Organization","@id":"https:\/\/www.activede.com\/ca\/#organization","name":"ACTIVE DEVELOPMENT","url":"https:\/\/www.activede.com\/ca\/","sameAs":["https:\/\/www.facebook.com\/Active.Development","https:\/\/www.linkedin.com\/company\/999561?trk=tyah&amp;amp;trkInfo=tarId:1419004716750,tas:active development,idx:2-1-3","http:\/\/www.youtube.com\/user\/ActiveDevelopment","https:\/\/twitter.com\/ActiveDe"],"logo":{"@type":"ImageObject","@id":"https:\/\/www.activede.com\/ca\/#logo","inLanguage":"pt-PT","url":"https:\/\/www.activede.com\/wp-content\/uploads\/2018\/10\/logoAD-min.png","contentUrl":"https:\/\/www.activede.com\/wp-content\/uploads\/2018\/10\/logoAD-min.png","width":225,"height":51,"caption":"ACTIVE DEVELOPMENT"},"image":{"@id":"https:\/\/www.activede.com\/ca\/#logo"}},{"@type":"WebSite","@id":"https:\/\/www.activede.com\/ca\/#website","url":"https:\/\/www.activede.com\/ca\/","name":"Active Development","description":"","publisher":{"@id":"https:\/\/www.activede.com\/ca\/#organization"},"potentialAction":[{"@type":"SearchAction","target":{"@type":"EntryPoint","urlTemplate":"https:\/\/www.activede.com\/ca\/?s={search_term_string}"},"query-input":"required name=search_term_string"}],"inLanguage":"pt-PT"},{"@type":"WebPage","@id":"https:\/\/www.activede.com\/pt-pt\/coaching\/#webpage","url":"https:\/\/www.activede.com\/pt-pt\/coaching\/","name":"Coaching e acompanhamento de empresas - Active Development","isPartOf":{"@id":"https:\/\/www.activede.com\/ca\/#website"},"datePublished":"2024-03-28T07:39:14+00:00","dateModified":"2024-03-28T10:58:18+00:00","description":"O nosso coaching empresarial \u00e9 um acompanhamento pessoal do executivo para a sua evolu\u00e7\u00e3o pessoal e profissional em compet\u00eancias e lideran\u00e7a.","breadcrumb":{"@id":"https:\/\/www.activede.com\/pt-pt\/coaching\/#breadcrumb"},"inLanguage":"pt-PT","potentialAction":[{"@type":"ReadAction","target":["https:\/\/www.activede.com\/pt-pt\/coaching\/"]}]},{"@type":"BreadcrumbList","@id":"https:\/\/www.activede.com\/pt-pt\/coaching\/#breadcrumb","itemListElement":[{"@type":"ListItem","position":1,"name":"Home"}]}]}},"_links":{"self":[{"href":"https:\/\/www.activede.com\/pt-pt\/wp-json\/wp\/v2\/pages\/16313"}],"collection":[{"href":"https:\/\/www.activede.com\/pt-pt\/wp-json\/wp\/v2\/pages"}],"about":[{"href":"https:\/\/www.activede.com\/pt-pt\/wp-json\/wp\/v2\/types\/page"}],"author":[{"embeddable":true,"href":"https:\/\/www.activede.com\/pt-pt\/wp-json\/wp\/v2\/users\/6"}],"replies":[{"embeddable":true,"href":"https:\/\/www.activede.com\/pt-pt\/wp-json\/wp\/v2\/comments?post=16313"}],"version-history":[{"count":5,"href":"https:\/\/www.activede.com\/pt-pt\/wp-json\/wp\/v2\/pages\/16313\/revisions"}],"predecessor-version":[{"id":16649,"href":"https:\/\/www.activede.com\/pt-pt\/wp-json\/wp\/v2\/pages\/16313\/revisions\/16649"}],"wp:attachment":[{"href":"https:\/\/www.activede.com\/pt-pt\/wp-json\/wp\/v2\/media?parent=16313"}],"curies":[{"name":"wp","href":"https:\/\/api.w.org\/{rel}","templated":true}]}}