{"id":16275,"date":"2018-11-15T04:04:30","date_gmt":"2018-11-15T04:04:30","guid":{"rendered":"https:\/\/www.activede.com\/16275-2\/"},"modified":"2024-03-28T11:43:15","modified_gmt":"2024-03-28T11:43:15","slug":"nos-conheca","status":"publish","type":"page","link":"https:\/\/www.activede.com\/pt-pt\/nos-conheca\/","title":{"rendered":"Nos conhe\u00e7a"},"content":{"rendered":"<div class=\"flex_column av_one_full  flex_column_div av-zero-column-padding first  \" style='border-radius:0px; '><section class=\"av_textblock_section \"  itemscope=\"itemscope\" itemtype=\"https:\/\/schema.org\/CreativeWork\" ><div class='avia_textblock   av-medium-font-size-overwrite av-medium-font-size-13 av-small-font-size-overwrite av-small-font-size-14 av-mini-font-size-overwrite av-mini-font-size-15'  style='font-size:16px; '  itemprop=\"text\" ><h2>Miss\u00e3o<\/h2>\n<p>Ajudamos as empresas a construir e gerir vantagens competitivas que podem gerar crescimento e lucros. Para fornecer valor sustent\u00e1vel no longo prazo, temos as pessoas certas para desafiar a mudan\u00e7a e a transforma\u00e7\u00e3o nas organiza\u00e7\u00f5es.<\/p>\n<div class=\"clearfix \">\n<div class=\"wpb_wrapper\"><\/div>\n<\/div>\n<\/div><\/section><br \/>\n<div  class='hr hr-default  '><span class='hr-inner ' ><span class='hr-inner-style'><\/span><\/span><\/div><br \/>\n<section class=\"av_textblock_section \"  itemscope=\"itemscope\" itemtype=\"https:\/\/schema.org\/CreativeWork\" ><div class='avia_textblock   av-medium-font-size-overwrite av-medium-font-size-13 av-small-font-size-overwrite av-small-font-size-14 av-mini-font-size-overwrite av-mini-font-size-15'  style='font-size:16px; '  itemprop=\"text\" ><h2>Hist\u00f3ria<\/h2>\n<p>Fundada em 1999 na escola de neg\u00f3cios ESADE por um grupo de ex-alunos, a Active Development nasceu da procura de equipas de \u201copera\u00e7\u00f5es especiais\u201d de grandes multinacionais. Fornecemos ao cliente um valor sem precedentes at\u00e9 agora: unidades mais r\u00e1pidas e flex\u00edveis que a organiza\u00e7\u00e3o-m\u00e3e, com forte desempenho e orientadas para resultados, compostas por poucas pessoas, mas com grande forma\u00e7\u00e3o e experi\u00eancia. Come\u00e7amos a explorar oportunidades, depois a dinamizar projetos e, por fim, vimos como nos tornamos verdadeiros companheiros de viagem, a ponto de criar novas unidades de neg\u00f3cio.<\/p>\n<div class=\"clearfix \">\n<div class=\"wpb_wrapper\"><\/div>\n<\/div>\n<\/div><\/section><br \/>\n<div  class='hr hr-default  '><span class='hr-inner ' ><span class='hr-inner-style'><\/span><\/span><\/div><br \/>\n<section class=\"av_textblock_section \"  itemscope=\"itemscope\" itemtype=\"https:\/\/schema.org\/CreativeWork\" ><div class='avia_textblock   av-medium-font-size-overwrite av-medium-font-size-13 av-small-font-size-overwrite av-small-font-size-14 av-mini-font-size-overwrite av-mini-font-size-15'  style='font-size:16px; '  itemprop=\"text\" ><h2>Proposta<\/h2>\n<p><strong>QUE<br \/>\n<\/strong>Geramos valor impactante para nossos clientes em suas vendas, inova\u00e7\u00e3o e\/ou gest\u00e3o de seu crescimento.<\/p>\n<p><strong>COMO<br \/>\n<\/strong>Procuramos vantagens competitivas nos nossos clientes e exploramo-las estrategicamente atrav\u00e9s de consultoria e forma\u00e7\u00e3o.<\/p>\n<p><strong>PARA ONDE<br \/>\n<\/strong>Localiza\u00e7\u00f5es internacionais em Barcelona (Espanha), Miami (EUA) e Casablanca (Marrocos), uma proposta global com foco local.<\/p>\n<p><strong>HOJE<br \/>\n<\/strong>Oferecemos mais de 15 anos de experi\u00eancia em diversos setores e em empresas de diversos portes. Com uma rede \u00fanica de contatos formada por l\u00edderes especialistas, temos mais de 800 projetos de sucesso em nosso portf\u00f3lio. Somos um s\u00edmbolo de excel\u00eancia.<\/p>\n<div class=\"clearfix \">\n<div class=\"wpb_wrapper\"><\/div>\n<\/div>\n<\/div><\/section><\/p><\/div><div class=\"flex_column av_one_full  flex_column_div av-zero-column-padding first  \" style='border-radius:0px; '><div style='padding-bottom:10px; font-size:22px;' class='av-special-heading av-special-heading-h2  blockquote modern-quote  av-inherit-size '><h2 class='av-special-heading-tag  av-medium-font-size-overwrite av-medium-font-size-16 av-small-font-size-overwrite av-small-font-size-18 av-mini-font-size-overwrite av-mini-font-size-20'  itemprop=\"headline\"  >Nosso DNA, valores s\u00e3o o que nos tornam \u00fanicos<\/h2><div class='special-heading-border'><div class='special-heading-inner-border' ><\/div><\/div><\/div><\/div><div class=\"flex_column av_one_half  flex_column_div av-zero-column-padding first  \" style='border-radius:0px; '><div class='avia-image-container  av-styling-    avia-align-center '  itemprop=\"ImageObject\" itemscope=\"itemscope\" itemtype=\"https:\/\/schema.org\/ImageObject\"  ><div class='avia-image-container-inner'><div class='avia-image-overlay-wrap'><img class='avia_image ' src='https:\/\/www.activede.com\/wp-content\/uploads\/2018\/11\/about-us-new-2.jpg' alt='' title='about-us-new-2' height=\"265\"width=\"365\"  itemprop=\"thumbnailUrl\"  \/><\/div><\/div><\/div><\/div><\/p>\n<div class=\"flex_column av_one_half  flex_column_div av-zero-column-padding   \" style='border-radius:0px; '><section class=\"av_textblock_section \"  itemscope=\"itemscope\" itemtype=\"https:\/\/schema.org\/CreativeWork\" ><div class='avia_textblock   av-medium-font-size-overwrite av-medium-font-size-13 av-small-font-size-overwrite av-small-font-size-14 av-mini-font-size-overwrite av-mini-font-size-15'  style='font-size:16px; '  itemprop=\"text\" ><p>Nos sentimos muito orgulhosos e sortudos por poder ajudar e transformar empresas de forma inteligente, r\u00e1pida e permanente.<\/p>\n<p>Nossa cultura foi desenvolvida ao longo dos anos e \u00e9 baseada no atendimento ao cliente a qualquer pre\u00e7o. Aspiramos ser sempre o n\u00famero 1 e fazer o que fazemos melhor do que ningu\u00e9m, criando um sentimento de perten\u00e7a e orgulho na nossa organiza\u00e7\u00e3o.<\/p>\n<\/div><\/section><\/div><div class=\"flex_column av_three_fourth  flex_column_div av-zero-column-padding first  \" style='border-radius:0px; '><section class=\"av_textblock_section \"  itemscope=\"itemscope\" itemtype=\"https:\/\/schema.org\/CreativeWork\" ><div class='avia_textblock   av-medium-font-size-overwrite av-medium-font-size-13 av-small-font-size-overwrite av-small-font-size-14 av-mini-font-size-overwrite av-mini-font-size-15'  style='font-size:16px; '  itemprop=\"text\" ><p>Nosso DNA \u00e9 o que nos diferencia, est\u00e1 em nossos genes:<\/p>\n<p><strong>OS CLIENTES EST\u00c3O EM PRIMEIRO LUGAR:<\/strong>\u00a0Colaboramos com nossos clientes para superar suas expectativas, portanto, nosso sucesso \u00e9 medido pelo sucesso deles.<\/p>\n<p><strong>EXPERI\u00caNCIA:\u00a0\u00a0<\/strong>Mais de 15 anos de experi\u00eancia ajudando empresas a crescer. Agregamos valor e constru\u00edmos relacionamentos de longo prazo com nossos clientes.<\/p>\n<p><strong>ESPECIALISTAS S\u00caNIOR:\u00a0<\/strong>Oferecemos uma rede exclusiva de l\u00edderes seniores que desenvolvem e maximizam o potencial de nossos clientes.<\/p>\n<p><strong>HERAN\u00c7A:\u00a0<\/strong>Mais de 800 projetos conclu\u00eddos com sucesso garantem nossa experi\u00eancia e nos tornam o companheiro de viagem confi\u00e1vel para qualquer cliente em potencial.<\/p>\n<p><strong>PROXIMIDADE:<\/strong>\u00a0Estamos ao seu lado, dispostos a ouvir com empatia porque lideramos pelo exemplo. Aqui voc\u00ea encontrar\u00e1 pessoas que apertar\u00e3o sua m\u00e3o.<\/p>\n<p><strong>MULTISSECTOR:\u00a0<\/strong>Oferecemos experi\u00eancia de diversos setores como farmac\u00eautico, sa\u00fade, turismo, imobili\u00e1rio, entre outros.<\/p>\n<p><strong>DIVERSIDADE:\u00a0<\/strong>Somos internacionais, mas com foco local, com sede em Barcelona (Espanha) e unidades de neg\u00f3cios em Miami (EUA) e Casablanca (Marrocos). Fornecemos nossa experi\u00eancia a nossos clientes de diferentes tamanhos e culturas.<\/p>\n<p><strong>INTEGRIDADE:\u00a0<\/strong>Tratamos nossos clientes, fornecedores e colaboradores de maneira respeitosa, transparente e honesta.<\/p>\n<p><strong>RSE:\u00a0<\/strong>Contribu\u00edmos ativamente para a melhoria social e econ\u00f3mica dos nossos clientes com o objetivo de melhorar a sua situa\u00e7\u00e3o competitiva.<\/p>\n<p>Nosso DNA est\u00e1 gravado em cada integrante de nossa equipe, <a href=\"https:\/\/www.activede.com\/pt-pt\/equipa\/\">clique aqui<\/a> para nos conhecer.<\/p>\n<p>O resultado \u00e9 que Empreendedores e Gestores encontram no Desenvolvimento Ativo um companheiro de viagem comprometido e com esp\u00edrito vencedor que compartilha a aventura com paix\u00e3o al\u00e9m de contribuir com sua for\u00e7a e conhecimento.<\/p>\n<div class=\"clearfix \">\n<div class=\"wpb_wrapper\"><\/div>\n<\/div>\n<\/div><\/section><\/div><div class=\"flex_column av_one_fourth  flex_column_div av-zero-column-padding   \" style='border-radius:0px; '><div class='avia-image-container  av-styling-    avia-align-left '  itemprop=\"ImageObject\" itemscope=\"itemscope\" itemtype=\"https:\/\/schema.org\/ImageObject\"  ><div class='avia-image-container-inner'><div class='avia-image-overlay-wrap'><img class='avia_image ' src='https:\/\/www.activede.com\/wp-content\/uploads\/2018\/12\/DNA-BUENO2-ES.jpg' alt='' title='DNA-BUENO2-ES' height=\"1400\"width=\"412\"  itemprop=\"thumbnailUrl\"  \/><\/div><\/div><\/div><\/div><\/p>\n","protected":false},"excerpt":{"rendered":"","protected":false},"author":6,"featured_media":0,"parent":0,"menu_order":0,"comment_status":"closed","ping_status":"closed","template":"","meta":{"_acf_changed":false,"footnotes":""},"acf":[],"yoast_head":"<!-- This site is optimized with the Yoast SEO plugin v18.0 - https:\/\/yoast.com\/wordpress\/plugins\/seo\/ -->\n<title>Nos conhe\u00e7a - Active Development<\/title>\n<meta name=\"robots\" content=\"index, follow, max-snippet:-1, max-image-preview:large, max-video-preview:-1\" \/>\n<link rel=\"canonical\" href=\"https:\/\/www.activede.com\/pt-pt\/nos-conheca\/\" \/>\n<meta property=\"og:locale\" content=\"pt_PT\" \/>\n<meta property=\"og:type\" content=\"article\" \/>\n<meta property=\"og:title\" content=\"Nos conhe\u00e7a - Active Development\" \/>\n<meta property=\"og:url\" content=\"https:\/\/www.activede.com\/pt-pt\/nos-conheca\/\" \/>\n<meta property=\"og:site_name\" content=\"Active Development\" \/>\n<meta property=\"article:publisher\" content=\"https:\/\/www.facebook.com\/Active.Development\" \/>\n<meta property=\"article:modified_time\" content=\"2024-03-28T11:43:15+00:00\" \/>\n<meta name=\"twitter:card\" content=\"summary_large_image\" \/>\n<meta name=\"twitter:site\" content=\"@ActiveDe\" \/>\n<meta name=\"twitter:label1\" content=\"Est. reading time\" \/>\n\t<meta name=\"twitter:data1\" content=\"7 minutes\" \/>\n<script type=\"application\/ld+json\" class=\"yoast-schema-graph\">{\"@context\":\"https:\/\/schema.org\",\"@graph\":[{\"@type\":\"Organization\",\"@id\":\"https:\/\/www.activede.com\/ca\/#organization\",\"name\":\"ACTIVE DEVELOPMENT\",\"url\":\"https:\/\/www.activede.com\/ca\/\",\"sameAs\":[\"https:\/\/www.facebook.com\/Active.Development\",\"https:\/\/www.linkedin.com\/company\/999561?trk=tyah&amp;amp;trkInfo=tarId:1419004716750,tas:active development,idx:2-1-3\",\"http:\/\/www.youtube.com\/user\/ActiveDevelopment\",\"https:\/\/twitter.com\/ActiveDe\"],\"logo\":{\"@type\":\"ImageObject\",\"@id\":\"https:\/\/www.activede.com\/ca\/#logo\",\"inLanguage\":\"pt-PT\",\"url\":\"https:\/\/www.activede.com\/wp-content\/uploads\/2018\/10\/logoAD-min.png\",\"contentUrl\":\"https:\/\/www.activede.com\/wp-content\/uploads\/2018\/10\/logoAD-min.png\",\"width\":225,\"height\":51,\"caption\":\"ACTIVE DEVELOPMENT\"},\"image\":{\"@id\":\"https:\/\/www.activede.com\/ca\/#logo\"}},{\"@type\":\"WebSite\",\"@id\":\"https:\/\/www.activede.com\/ca\/#website\",\"url\":\"https:\/\/www.activede.com\/ca\/\",\"name\":\"Active Development\",\"description\":\"\",\"publisher\":{\"@id\":\"https:\/\/www.activede.com\/ca\/#organization\"},\"potentialAction\":[{\"@type\":\"SearchAction\",\"target\":{\"@type\":\"EntryPoint\",\"urlTemplate\":\"https:\/\/www.activede.com\/ca\/?s={search_term_string}\"},\"query-input\":\"required name=search_term_string\"}],\"inLanguage\":\"pt-PT\"},{\"@type\":\"WebPage\",\"@id\":\"https:\/\/www.activede.com\/pt-pt\/nos-conheca\/#webpage\",\"url\":\"https:\/\/www.activede.com\/pt-pt\/nos-conheca\/\",\"name\":\"Nos conhe\u00e7a - Active Development\",\"isPartOf\":{\"@id\":\"https:\/\/www.activede.com\/ca\/#website\"},\"datePublished\":\"2018-11-15T04:04:30+00:00\",\"dateModified\":\"2024-03-28T11:43:15+00:00\",\"breadcrumb\":{\"@id\":\"https:\/\/www.activede.com\/pt-pt\/nos-conheca\/#breadcrumb\"},\"inLanguage\":\"pt-PT\",\"potentialAction\":[{\"@type\":\"ReadAction\",\"target\":[\"https:\/\/www.activede.com\/pt-pt\/nos-conheca\/\"]}]},{\"@type\":\"BreadcrumbList\",\"@id\":\"https:\/\/www.activede.com\/pt-pt\/nos-conheca\/#breadcrumb\",\"itemListElement\":[{\"@type\":\"ListItem\",\"position\":1,\"name\":\"Home\"}]}]}<\/script>\n<!-- \/ Yoast SEO plugin. -->","yoast_head_json":{"title":"Nos conhe\u00e7a - Active Development","robots":{"index":"index","follow":"follow","max-snippet":"max-snippet:-1","max-image-preview":"max-image-preview:large","max-video-preview":"max-video-preview:-1"},"canonical":"https:\/\/www.activede.com\/pt-pt\/nos-conheca\/","og_locale":"pt_PT","og_type":"article","og_title":"Nos conhe\u00e7a - Active Development","og_url":"https:\/\/www.activede.com\/pt-pt\/nos-conheca\/","og_site_name":"Active Development","article_publisher":"https:\/\/www.facebook.com\/Active.Development","article_modified_time":"2024-03-28T11:43:15+00:00","twitter_card":"summary_large_image","twitter_site":"@ActiveDe","twitter_misc":{"Est. reading time":"7 minutes"},"schema":{"@context":"https:\/\/schema.org","@graph":[{"@type":"Organization","@id":"https:\/\/www.activede.com\/ca\/#organization","name":"ACTIVE DEVELOPMENT","url":"https:\/\/www.activede.com\/ca\/","sameAs":["https:\/\/www.facebook.com\/Active.Development","https:\/\/www.linkedin.com\/company\/999561?trk=tyah&amp;amp;trkInfo=tarId:1419004716750,tas:active development,idx:2-1-3","http:\/\/www.youtube.com\/user\/ActiveDevelopment","https:\/\/twitter.com\/ActiveDe"],"logo":{"@type":"ImageObject","@id":"https:\/\/www.activede.com\/ca\/#logo","inLanguage":"pt-PT","url":"https:\/\/www.activede.com\/wp-content\/uploads\/2018\/10\/logoAD-min.png","contentUrl":"https:\/\/www.activede.com\/wp-content\/uploads\/2018\/10\/logoAD-min.png","width":225,"height":51,"caption":"ACTIVE DEVELOPMENT"},"image":{"@id":"https:\/\/www.activede.com\/ca\/#logo"}},{"@type":"WebSite","@id":"https:\/\/www.activede.com\/ca\/#website","url":"https:\/\/www.activede.com\/ca\/","name":"Active Development","description":"","publisher":{"@id":"https:\/\/www.activede.com\/ca\/#organization"},"potentialAction":[{"@type":"SearchAction","target":{"@type":"EntryPoint","urlTemplate":"https:\/\/www.activede.com\/ca\/?s={search_term_string}"},"query-input":"required name=search_term_string"}],"inLanguage":"pt-PT"},{"@type":"WebPage","@id":"https:\/\/www.activede.com\/pt-pt\/nos-conheca\/#webpage","url":"https:\/\/www.activede.com\/pt-pt\/nos-conheca\/","name":"Nos conhe\u00e7a - Active Development","isPartOf":{"@id":"https:\/\/www.activede.com\/ca\/#website"},"datePublished":"2018-11-15T04:04:30+00:00","dateModified":"2024-03-28T11:43:15+00:00","breadcrumb":{"@id":"https:\/\/www.activede.com\/pt-pt\/nos-conheca\/#breadcrumb"},"inLanguage":"pt-PT","potentialAction":[{"@type":"ReadAction","target":["https:\/\/www.activede.com\/pt-pt\/nos-conheca\/"]}]},{"@type":"BreadcrumbList","@id":"https:\/\/www.activede.com\/pt-pt\/nos-conheca\/#breadcrumb","itemListElement":[{"@type":"ListItem","position":1,"name":"Home"}]}]}},"_links":{"self":[{"href":"https:\/\/www.activede.com\/pt-pt\/wp-json\/wp\/v2\/pages\/16275"}],"collection":[{"href":"https:\/\/www.activede.com\/pt-pt\/wp-json\/wp\/v2\/pages"}],"about":[{"href":"https:\/\/www.activede.com\/pt-pt\/wp-json\/wp\/v2\/types\/page"}],"author":[{"embeddable":true,"href":"https:\/\/www.activede.com\/pt-pt\/wp-json\/wp\/v2\/users\/6"}],"replies":[{"embeddable":true,"href":"https:\/\/www.activede.com\/pt-pt\/wp-json\/wp\/v2\/comments?post=16275"}],"version-history":[{"count":4,"href":"https:\/\/www.activede.com\/pt-pt\/wp-json\/wp\/v2\/pages\/16275\/revisions"}],"predecessor-version":[{"id":16728,"href":"https:\/\/www.activede.com\/pt-pt\/wp-json\/wp\/v2\/pages\/16275\/revisions\/16728"}],"wp:attachment":[{"href":"https:\/\/www.activede.com\/pt-pt\/wp-json\/wp\/v2\/media?parent=16275"}],"curies":[{"name":"wp","href":"https:\/\/api.w.org\/{rel}","templated":true}]}}