{"id":16220,"date":"2024-03-27T13:20:27","date_gmt":"2024-03-27T13:20:27","guid":{"rendered":"https:\/\/www.activede.com\/por-que-nosotros\/"},"modified":"2024-04-02T08:11:14","modified_gmt":"2024-04-02T08:11:14","slug":"por-que-nosotros","status":"publish","type":"page","link":"https:\/\/www.activede.com\/pt-pt\/por-que-nosotros\/","title":{"rendered":"Porque n\u00f3s?"},"content":{"rendered":"<div id='fullscreen_slider_1' class='avia-fullscreen-slider main_color   container_wrap sidebar_right'   ><a href='#next-section' title='' class='scroll-down-link av-control-default' aria-hidden='true' data-av_icon='\ue877' data-av_iconfont='entypo-fontello'><\/a><div  data-size='extra_large'  data-lightbox_size='large'  data-animation='slide'  data-conditional_play=''  data-ids='11432'  data-video_counter='0'  data-autoplay='false'  data-bg_slider='true'  data-slide_height='100'  data-handle='av_fullscreen'  data-interval='5'  data-class=' '  data-css_id='fullscreen_slider_1'  data-scroll_down='aviaTBscroll_down'  data-control_layout='av-control-default'  data-custom_markup=''  data-perma_caption=''  data-autoplay_stopper=''  data-image_attachment=''  data-min_height='0px'  data-stretch=''  data-default-height='100'  class='avia-slideshow avia-slideshow-1 av-slider-scroll-down-active av-control-default av-default-height-applied avia-slideshow-extra_large av_fullscreen   avia-slide-slider '  itemprop=\"ImageObject\" itemscope=\"itemscope\" itemtype=\"https:\/\/schema.org\/ImageObject\" ><ul class='avia-slideshow-inner ' style='padding-bottom: 100%;' ><li  class=' av-single-slide slide-1 ' ><div data-rel='slideshow-1' class='avia-slide-wrap '   ><div class = \"caption_fullwidth av-slideshow-caption caption_center caption_center_framed caption_framed\"><div class = \"container caption_container\"><div class = \"slideshow_caption\"><div class = \"slideshow_inner_caption\"><div class = \"slideshow_align_caption\"><h2  style='font-size:34px; color:#ffffff; ' class='avia-caption-title '  itemprop=\"name\" >Porqu\u00ea n\u00f3s?<\/h2><div class='avia-caption-content  av_inherit_color'  itemprop=\"description\"   style='font-size:22px; color:#ffffff; '><p>Rasgos que nos hacen \u00fanicos y altamente competitivos.<\/p>\n<\/div><\/div><\/div><\/div><\/div><\/div><\/div><\/li><\/ul><\/div><\/div>\n<div class=\"flex_column av_one_full  flex_column_div av-zero-column-padding first  \" style='border-radius:0px; '><section class=\"av_textblock_section \"  itemscope=\"itemscope\" itemtype=\"https:\/\/schema.org\/CreativeWork\" ><div class='avia_textblock   av-medium-font-size-overwrite av-medium-font-size-13 av-small-font-size-overwrite av-small-font-size-14 av-mini-font-size-overwrite av-mini-font-size-15'   itemprop=\"text\" ><h1>\u00bfPor qu\u00e9 nosotros?<\/h1>\n<div class=\"clearfix \">\n<div class=\"wpb_wrapper\"><\/div>\n<\/div>\n<\/div><\/section><br \/>\n<section class=\"av_textblock_section \"  itemscope=\"itemscope\" itemtype=\"https:\/\/schema.org\/CreativeWork\" ><div class='avia_textblock   av-medium-font-size-overwrite av-medium-font-size-13 av-small-font-size-overwrite av-small-font-size-14 av-mini-font-size-overwrite av-mini-font-size-15'  style='font-size:16px; '  itemprop=\"text\" ><p>Hemos compilado los rasgos que seg\u00fan nuestros clientes nos hacen \u00fanicos y altamente competitivos. Despu\u00e9s de m\u00e1s de 15 a\u00f1os a su servicio, seguimos siendo una f\u00f3rmula de asesoramiento de alto rendimiento, moderna, flexible y muy rentable.<\/p>\n<div class=\"clearfix \">\n<div class=\"wpb_wrapper\"><\/div>\n<\/div>\n<\/div><\/section><br \/>\n<div style=' margin-top:30px; margin-bottom:30px;'  class='hr hr-custom hr-center hr-icon-yes  '><span class='hr-inner   inner-border-av-border-fat' style=' width:300px; border-color:#f18b21;' ><span class='hr-inner-style'><\/span><\/span><span class='av-seperator-icon' style='color:#f18b21;' aria-hidden='true' data-av_icon='\ue89a' data-av_iconfont='entypo-fontello'><\/span><span class='hr-inner   inner-border-av-border-fat' style=' width:300px; border-color:#f18b21;' ><span class='hr-inner-style'><\/span><\/span><\/div><br \/>\n<div class='avia-icon-list-container  '><ul class='avia-icon-list avia-icon-list-left av-iconlist-big avia_animate_when_almost_visible'>\n<li><div  style='background-color:#f18b21; ' class='iconlist_icon  avia-font-entypo-fontello'><span class='iconlist-char ' aria-hidden='true' data-av_icon='\ue856' data-av_iconfont='entypo-fontello'><\/span><\/div><article class=\"article-icon-entry \"  itemscope=\"itemscope\" itemtype=\"https:\/\/schema.org\/CreativeWork\" ><div class='iconlist_content_wrap'><header class=\"entry-content-header\"><h4 class='av_iconlist_title iconlist_title  '  itemprop=\"headline\"   style='font-size:24px; '>Somos uma BOUTIQUE<\/h4><\/header><div class='iconlist_content  '  itemprop=\"text\"  ><h3>Directos, cercanos y obsesionados por tu satisfacci\u00f3n.<\/h3>\n<\/div><\/div><footer class=\"entry-footer\"><\/footer><\/article><div class='iconlist-timeline'><\/div><\/li>\n<li><div  style='background-color:#f18b21; ' class='iconlist_icon  avia-font-entypo-fontello'><span class='iconlist-char ' aria-hidden='true' data-av_icon='\ue80c' data-av_iconfont='entypo-fontello'><\/span><\/div><article class=\"article-icon-entry \"  itemscope=\"itemscope\" itemtype=\"https:\/\/schema.org\/CreativeWork\" ><div class='iconlist_content_wrap'><header class=\"entry-content-header\"><h4 class='av_iconlist_title iconlist_title  '  itemprop=\"headline\"   style='font-size:24px; '>N\u00e3o somos consultores, somos EMPREENDEDORES<\/h4><\/header><div class='iconlist_content  '  itemprop=\"text\"  ><h3>Olvida los consultores que no han trabajado nunca en una empresa. Ya lo hemos vivido, tenemos empat\u00eda.<\/h3>\n<\/div><\/div><footer class=\"entry-footer\"><\/footer><\/article><div class='iconlist-timeline'><\/div><\/li>\n<li><div  style='background-color:#f18b21; ' class='iconlist_icon  avia-font-entypo-fontello'><span class='iconlist-char ' aria-hidden='true' data-av_icon='\ue84f' data-av_iconfont='entypo-fontello'><\/span><\/div><article class=\"article-icon-entry \"  itemscope=\"itemscope\" itemtype=\"https:\/\/schema.org\/CreativeWork\" ><div class='iconlist_content_wrap'><header class=\"entry-content-header\"><h4 class='av_iconlist_title iconlist_title  '  itemprop=\"headline\"   style='font-size:24px; '>Somos PROFESSORES, escritores, oradores<\/h4><\/header><div class='iconlist_content  '  itemprop=\"text\"  ><h3>Los otros trabajan con nuestros alumnos. Marcamos tendencia, con metodolog\u00eda propia y t\u00e9cnicas punteras.<\/h3>\n<\/div><\/div><footer class=\"entry-footer\"><\/footer><\/article><div class='iconlist-timeline'><\/div><\/li>\n<li><div  style='background-color:#f18b21; ' class='iconlist_icon  avia-font-entypo-fontello'><span class='iconlist-char ' aria-hidden='true' data-av_icon='\ue822' data-av_iconfont='entypo-fontello'><\/span><\/div><article class=\"article-icon-entry \"  itemscope=\"itemscope\" itemtype=\"https:\/\/schema.org\/CreativeWork\" ><div class='iconlist_content_wrap'><header class=\"entry-content-header\"><h4 class='av_iconlist_title iconlist_title  '  itemprop=\"headline\"   style='font-size:24px; '>VIS\u00c3O TRANSVERSAL<\/h4><\/header><div class='iconlist_content  '  itemprop=\"text\"  ><h3>Aportando las mejores pr\u00e1cticas de otros sectores.<\/h3>\n<\/div><\/div><footer class=\"entry-footer\"><\/footer><\/article><div class='iconlist-timeline'><\/div><\/li>\n<li><div  style='background-color:#f18b21; ' class='iconlist_icon  avia-font-entypo-fontello'><span class='iconlist-char ' aria-hidden='true' data-av_icon='\ue8c5' data-av_iconfont='entypo-fontello'><\/span><\/div><article class=\"article-icon-entry \"  itemscope=\"itemscope\" itemtype=\"https:\/\/schema.org\/CreativeWork\" ><div class='iconlist_content_wrap'><header class=\"entry-content-header\"><h4 class='av_iconlist_title iconlist_title  '  itemprop=\"headline\"   style='font-size:24px; '>Orientada para os resultados, APRENDER FAZENDO<\/h4><\/header><div class='iconlist_content  '  itemprop=\"text\"  ><h3>Impacto y alta eficiencia.<\/h3>\n<\/div><\/div><footer class=\"entry-footer\"><\/footer><\/article><div class='iconlist-timeline'><\/div><\/li>\n<li><div  style='background-color:#f18b21; ' class='iconlist_icon  avia-font-entypo-fontello'><span class='iconlist-char ' aria-hidden='true' data-av_icon='\ue855' data-av_iconfont='entypo-fontello'><\/span><\/div><article class=\"article-icon-entry \"  itemscope=\"itemscope\" itemtype=\"https:\/\/schema.org\/CreativeWork\" ><div class='iconlist_content_wrap'><header class=\"entry-content-header\"><h4 class='av_iconlist_title iconlist_title  '  itemprop=\"headline\"   style='font-size:24px; '>Tamb\u00e9m EXECUTAMOS<\/h4><\/header><div class='iconlist_content  '  itemprop=\"text\"  ><h3>Nos mojamos contigo, en el d\u00eda a d\u00eda, codo a codo.<\/h3>\n<\/div><\/div><footer class=\"entry-footer\"><\/footer><\/article><div class='iconlist-timeline'><\/div><\/li>\n<li><div  style='background-color:#f18b21; ' class='iconlist_icon  avia-font-entypo-fontello'><span class='iconlist-char ' aria-hidden='true' data-av_icon='\ue8d2' data-av_iconfont='entypo-fontello'><\/span><\/div><article class=\"article-icon-entry \"  itemscope=\"itemscope\" itemtype=\"https:\/\/schema.org\/CreativeWork\" ><div class='iconlist_content_wrap'><header class=\"entry-content-header\"><h4 class='av_iconlist_title iconlist_title  '  itemprop=\"headline\"   style='font-size:24px; '>Divulga\u00e7\u00e3o internacional<\/h4><\/header><div class='iconlist_content  '  itemprop=\"text\"  ><h3>Oficinas en Barcelona, Madrid, Casablanca (\u00c1frica), Miami (Am\u00e9ricas) y Riyadh (Saudi Arabia).<\/h3>\n<\/div><\/div><footer class=\"entry-footer\"><\/footer><\/article><div class='iconlist-timeline'><\/div><\/li>\n<li><div  style='background-color:#f18b21; ' class='iconlist_icon  avia-font-entypo-fontello'><span class='iconlist-char ' aria-hidden='true' data-av_icon='\ue80b' data-av_iconfont='entypo-fontello'><\/span><\/div><article class=\"article-icon-entry \"  itemscope=\"itemscope\" itemtype=\"https:\/\/schema.org\/CreativeWork\" ><div class='iconlist_content_wrap'><header class=\"entry-content-header\"><h4 class='av_iconlist_title iconlist_title  '  itemprop=\"headline\"   style='font-size:24px; '>Rede de contactos<\/h4><\/header><div class='iconlist_content  '  itemprop=\"text\"  ><h3>Personas, compa\u00f1\u00edas e instituciones. LinkedIn +8000.<\/h3>\n<\/div><\/div><footer class=\"entry-footer\"><\/footer><\/article><div class='iconlist-timeline'><\/div><\/li>\n<li><div  style='background-color:#f18b21; ' class='iconlist_icon  avia-font-entypo-fontello'><span class='iconlist-char ' aria-hidden='true' data-av_icon='\ue8fc' data-av_iconfont='entypo-fontello'><\/span><\/div><article class=\"article-icon-entry \"  itemscope=\"itemscope\" itemtype=\"https:\/\/schema.org\/CreativeWork\" ><div class='iconlist_content_wrap'><header class=\"entry-content-header\"><h4 class='av_iconlist_title iconlist_title  '  itemprop=\"headline\"   style='font-size:24px; '>LinkedIn <\/h4><\/header><div class='iconlist_content  '  itemprop=\"text\"  ><h3>+20.000 contactos directos<\/h3>\n<\/div><\/div><footer class=\"entry-footer\"><\/footer><\/article><div class='iconlist-timeline'><\/div><\/li>\n<\/ul><\/div><\/p><\/div>\n","protected":false},"excerpt":{"rendered":"","protected":false},"author":6,"featured_media":0,"parent":0,"menu_order":0,"comment_status":"closed","ping_status":"closed","template":"","meta":{"_acf_changed":false,"footnotes":""},"acf":[],"yoast_head":"<!-- This site is optimized with the Yoast SEO plugin v18.0 - https:\/\/yoast.com\/wordpress\/plugins\/seo\/ -->\n<title>Porque n\u00f3s? - Active Development<\/title>\n<meta name=\"robots\" content=\"index, follow, max-snippet:-1, max-image-preview:large, max-video-preview:-1\" \/>\n<link rel=\"canonical\" href=\"https:\/\/www.activede.com\/pt-pt\/por-que-nosotros\/\" \/>\n<meta property=\"og:locale\" content=\"pt_PT\" \/>\n<meta property=\"og:type\" content=\"article\" \/>\n<meta property=\"og:title\" content=\"Porque n\u00f3s? - Active Development\" \/>\n<meta property=\"og:url\" content=\"https:\/\/www.activede.com\/pt-pt\/por-que-nosotros\/\" \/>\n<meta property=\"og:site_name\" content=\"Active Development\" \/>\n<meta property=\"article:publisher\" content=\"https:\/\/www.facebook.com\/Active.Development\" \/>\n<meta property=\"article:modified_time\" content=\"2024-04-02T08:11:14+00:00\" \/>\n<meta name=\"twitter:card\" content=\"summary_large_image\" \/>\n<meta name=\"twitter:site\" content=\"@ActiveDe\" \/>\n<meta name=\"twitter:label1\" content=\"Est. reading time\" \/>\n\t<meta name=\"twitter:data1\" content=\"4 minutes\" \/>\n<script type=\"application\/ld+json\" class=\"yoast-schema-graph\">{\"@context\":\"https:\/\/schema.org\",\"@graph\":[{\"@type\":\"Organization\",\"@id\":\"https:\/\/www.activede.com\/ca\/#organization\",\"name\":\"ACTIVE DEVELOPMENT\",\"url\":\"https:\/\/www.activede.com\/ca\/\",\"sameAs\":[\"https:\/\/www.facebook.com\/Active.Development\",\"https:\/\/www.linkedin.com\/company\/999561?trk=tyah&amp;amp;trkInfo=tarId:1419004716750,tas:active development,idx:2-1-3\",\"http:\/\/www.youtube.com\/user\/ActiveDevelopment\",\"https:\/\/twitter.com\/ActiveDe\"],\"logo\":{\"@type\":\"ImageObject\",\"@id\":\"https:\/\/www.activede.com\/ca\/#logo\",\"inLanguage\":\"pt-PT\",\"url\":\"https:\/\/www.activede.com\/wp-content\/uploads\/2018\/10\/logoAD-min.png\",\"contentUrl\":\"https:\/\/www.activede.com\/wp-content\/uploads\/2018\/10\/logoAD-min.png\",\"width\":225,\"height\":51,\"caption\":\"ACTIVE DEVELOPMENT\"},\"image\":{\"@id\":\"https:\/\/www.activede.com\/ca\/#logo\"}},{\"@type\":\"WebSite\",\"@id\":\"https:\/\/www.activede.com\/ca\/#website\",\"url\":\"https:\/\/www.activede.com\/ca\/\",\"name\":\"Active Development\",\"description\":\"\",\"publisher\":{\"@id\":\"https:\/\/www.activede.com\/ca\/#organization\"},\"potentialAction\":[{\"@type\":\"SearchAction\",\"target\":{\"@type\":\"EntryPoint\",\"urlTemplate\":\"https:\/\/www.activede.com\/ca\/?s={search_term_string}\"},\"query-input\":\"required name=search_term_string\"}],\"inLanguage\":\"pt-PT\"},{\"@type\":\"WebPage\",\"@id\":\"https:\/\/www.activede.com\/pt-pt\/por-que-nosotros\/#webpage\",\"url\":\"https:\/\/www.activede.com\/pt-pt\/por-que-nosotros\/\",\"name\":\"Porque n\u00f3s? - Active Development\",\"isPartOf\":{\"@id\":\"https:\/\/www.activede.com\/ca\/#website\"},\"datePublished\":\"2024-03-27T13:20:27+00:00\",\"dateModified\":\"2024-04-02T08:11:14+00:00\",\"breadcrumb\":{\"@id\":\"https:\/\/www.activede.com\/pt-pt\/por-que-nosotros\/#breadcrumb\"},\"inLanguage\":\"pt-PT\",\"potentialAction\":[{\"@type\":\"ReadAction\",\"target\":[\"https:\/\/www.activede.com\/pt-pt\/por-que-nosotros\/\"]}]},{\"@type\":\"BreadcrumbList\",\"@id\":\"https:\/\/www.activede.com\/pt-pt\/por-que-nosotros\/#breadcrumb\",\"itemListElement\":[{\"@type\":\"ListItem\",\"position\":1,\"name\":\"Home\"}]}]}<\/script>\n<!-- \/ Yoast SEO plugin. -->","yoast_head_json":{"title":"Porque n\u00f3s? - Active Development","robots":{"index":"index","follow":"follow","max-snippet":"max-snippet:-1","max-image-preview":"max-image-preview:large","max-video-preview":"max-video-preview:-1"},"canonical":"https:\/\/www.activede.com\/pt-pt\/por-que-nosotros\/","og_locale":"pt_PT","og_type":"article","og_title":"Porque n\u00f3s? - Active Development","og_url":"https:\/\/www.activede.com\/pt-pt\/por-que-nosotros\/","og_site_name":"Active Development","article_publisher":"https:\/\/www.facebook.com\/Active.Development","article_modified_time":"2024-04-02T08:11:14+00:00","twitter_card":"summary_large_image","twitter_site":"@ActiveDe","twitter_misc":{"Est. reading time":"4 minutes"},"schema":{"@context":"https:\/\/schema.org","@graph":[{"@type":"Organization","@id":"https:\/\/www.activede.com\/ca\/#organization","name":"ACTIVE DEVELOPMENT","url":"https:\/\/www.activede.com\/ca\/","sameAs":["https:\/\/www.facebook.com\/Active.Development","https:\/\/www.linkedin.com\/company\/999561?trk=tyah&amp;amp;trkInfo=tarId:1419004716750,tas:active development,idx:2-1-3","http:\/\/www.youtube.com\/user\/ActiveDevelopment","https:\/\/twitter.com\/ActiveDe"],"logo":{"@type":"ImageObject","@id":"https:\/\/www.activede.com\/ca\/#logo","inLanguage":"pt-PT","url":"https:\/\/www.activede.com\/wp-content\/uploads\/2018\/10\/logoAD-min.png","contentUrl":"https:\/\/www.activede.com\/wp-content\/uploads\/2018\/10\/logoAD-min.png","width":225,"height":51,"caption":"ACTIVE DEVELOPMENT"},"image":{"@id":"https:\/\/www.activede.com\/ca\/#logo"}},{"@type":"WebSite","@id":"https:\/\/www.activede.com\/ca\/#website","url":"https:\/\/www.activede.com\/ca\/","name":"Active Development","description":"","publisher":{"@id":"https:\/\/www.activede.com\/ca\/#organization"},"potentialAction":[{"@type":"SearchAction","target":{"@type":"EntryPoint","urlTemplate":"https:\/\/www.activede.com\/ca\/?s={search_term_string}"},"query-input":"required name=search_term_string"}],"inLanguage":"pt-PT"},{"@type":"WebPage","@id":"https:\/\/www.activede.com\/pt-pt\/por-que-nosotros\/#webpage","url":"https:\/\/www.activede.com\/pt-pt\/por-que-nosotros\/","name":"Porque n\u00f3s? - Active Development","isPartOf":{"@id":"https:\/\/www.activede.com\/ca\/#website"},"datePublished":"2024-03-27T13:20:27+00:00","dateModified":"2024-04-02T08:11:14+00:00","breadcrumb":{"@id":"https:\/\/www.activede.com\/pt-pt\/por-que-nosotros\/#breadcrumb"},"inLanguage":"pt-PT","potentialAction":[{"@type":"ReadAction","target":["https:\/\/www.activede.com\/pt-pt\/por-que-nosotros\/"]}]},{"@type":"BreadcrumbList","@id":"https:\/\/www.activede.com\/pt-pt\/por-que-nosotros\/#breadcrumb","itemListElement":[{"@type":"ListItem","position":1,"name":"Home"}]}]}},"_links":{"self":[{"href":"https:\/\/www.activede.com\/pt-pt\/wp-json\/wp\/v2\/pages\/16220"}],"collection":[{"href":"https:\/\/www.activede.com\/pt-pt\/wp-json\/wp\/v2\/pages"}],"about":[{"href":"https:\/\/www.activede.com\/pt-pt\/wp-json\/wp\/v2\/types\/page"}],"author":[{"embeddable":true,"href":"https:\/\/www.activede.com\/pt-pt\/wp-json\/wp\/v2\/users\/6"}],"replies":[{"embeddable":true,"href":"https:\/\/www.activede.com\/pt-pt\/wp-json\/wp\/v2\/comments?post=16220"}],"version-history":[{"count":4,"href":"https:\/\/www.activede.com\/pt-pt\/wp-json\/wp\/v2\/pages\/16220\/revisions"}],"predecessor-version":[{"id":16801,"href":"https:\/\/www.activede.com\/pt-pt\/wp-json\/wp\/v2\/pages\/16220\/revisions\/16801"}],"wp:attachment":[{"href":"https:\/\/www.activede.com\/pt-pt\/wp-json\/wp\/v2\/media?parent=16220"}],"curies":[{"name":"wp","href":"https:\/\/api.w.org\/{rel}","templated":true}]}}