{"id":3317,"date":"2018-10-14T06:57:06","date_gmt":"2018-10-14T06:57:06","guid":{"rendered":"http:\/\/activede.lemontelecom.com\/?page_id=3317"},"modified":"2019-05-03T17:53:17","modified_gmt":"2019-05-03T17:53:17","slug":"published-books","status":"publish","type":"page","link":"https:\/\/www.activede.com\/en\/published-books\/","title":{"rendered":"Published Books"},"content":{"rendered":"<section class=\"av_textblock_section \"  itemscope=\"itemscope\" itemtype=\"https:\/\/schema.org\/CreativeWork\" ><div class='avia_textblock  '   itemprop=\"text\" ><h1>Published Books<\/h1>\n<\/div><\/section>\n<div style='padding-bottom:10px; ' class='av-special-heading av-special-heading-h1  blockquote modern-quote modern-centered   '><h1 class='av-special-heading-tag '  itemprop=\"headline\"  >IMPULSO<\/h1><div class ='av-subheading av-subheading_below  ' style='font-size:20px;'><p>Las Cinco Palancas para Activar el Intraemprendimiento<br \/>\n\u00a1Bienvenidos los Rebeldes!<\/p>\n<\/div><div class='special-heading-border'><div class='special-heading-inner-border' ><\/div><\/div><\/div>\n<div class='avia-image-container  av-styling-    avia-align-center '  itemprop=\"ImageObject\" itemscope=\"itemscope\" itemtype=\"https:\/\/schema.org\/ImageObject\"  ><div class='avia-image-container-inner'><div class='avia-image-overlay-wrap'><img class='avia_image ' src='https:\/\/www.activede.com\/wp-content\/uploads\/2019\/04\/Impulso-Joan-Riera-Active-Development-esade-min.jpg' alt='Impulso Joan Riera Active Development Libro Intraemprendimiento' title='Impulso Joan Riera Active Development Libro Intraemprendimiento' height=\"1125\"width=\"1500\"  itemprop=\"thumbnailUrl\"  \/><\/div><\/div><\/div>\n<div class='avia-video avia-video-16-9   av-lazyload-immediate  av-lazyload-video-embed  '   itemprop=\"video\" itemtype=\"https:\/\/schema.org\/VideoObject\"  data-original_url='https:\/\/youtu.be\/dw98UYf3efM' ><script type='text\/html' class='av-video-tmpl'><div class='avia-iframe-wrap'><iframe width=\"1500\" height=\"844\" src=\"https:\/\/www.youtube.com\/embed\/dw98UYf3efM?feature=oembed\" frameborder=\"0\" allow=\"autoplay; encrypted-media\" allowfullscreen><\/iframe><\/div><\/script><div class='av-click-to-play-overlay'><div class=\"avia_playpause_icon\"><\/div><\/div><\/div>\n<\/div><\/div><\/div><!-- close content main div --><\/div><\/div><div id='av_section_1' class='avia-section main_color avia-section-default avia-no-border-styling avia-bg-style-scroll   container_wrap sidebar_right' style = 'background-image: '  ><div class='container' ><div class='template-page content  av-content-small alpha units'><div class='post-entry post-entry-type-page post-entry-3317'><div class='entry-content-wrapper clearfix'>\n<div class=\"flex_column av_one_half  flex_column_div av-zero-column-padding first  \" style='border-radius:0px; '><div class='avia-image-container  av-styling- av-hover-grow   avia-align-left '  itemprop=\"ImageObject\" itemscope=\"itemscope\" itemtype=\"https:\/\/schema.org\/ImageObject\"  ><div class='avia-image-container-inner'><div class='avia-image-overlay-wrap'><a href='https:\/\/libroimpulso.com\/' class='avia_image'   target=\"_blank\" ><img class='avia_image ' src='https:\/\/www.activede.com\/wp-content\/uploads\/2018\/10\/libro-impulso-joan-riera.jpg' alt='' title='libro-impulso-joan-riera'  itemprop=\"thumbnailUrl\"  \/><\/a><\/div><\/div><\/div><\/div><div class=\"flex_column av_one_half  flex_column_div av-zero-column-padding   \" style='border-radius:0px; '><p><section class=\"av_textblock_section \"  itemscope=\"itemscope\" itemtype=\"https:\/\/schema.org\/CreativeWork\" ><div class='avia_textblock  av_inherit_color '  style='font-size:16px; color:#000000; '  itemprop=\"text\" ><p><strong>Joan Riera y Tom\u00e1s Soler<\/strong><br \/>\nSi quieres impulsar, activar tu empresa y recuperar el esp\u00edritu emprendedor de sus or\u00edgines, Impulso es el libro que esperabas. Metodolog\u00eda probada, entrevistas con expertos y casos reales para aplicar directamente en tu empresa.<\/p>\n<p><strong>Metodolog\u00eda<\/strong><br \/>\n5 palancas: estrategia, ecosistema, captaci\u00f3n y filtrado, puesta en marcha y cuadro de mando.<\/p>\n<div class=\"content-container\">\n<div class=\"wrap-lg\">\n<div class=\"columns columns-4\">\n<div class=\"column\">\n<div class=\"content-container\">\n<div class=\"wrap-lg\">\n<div class=\"columns columns-4\">\n<div class=\"column\">\n<p id=\"casos-reales\"><strong>Casos reales<\/strong><br \/>\nExperiencias reales que podr\u00e1s adaptar a las necesidades de tu empresa.<\/p>\n<p><strong>Entrevistas<br \/>\n<\/strong>A expertos en innovaci\u00f3n y emprendimiento corporativo que te explican su experiencia, ideas y visi\u00f3n.<\/p>\n<p><strong>Dinamismo<br \/>\n<\/strong>Lectura din\u00e1mica y entretenida que esconde una rigurosa metodolog\u00eda y experiencia de m\u00e1s de 15 a\u00f1os innovando.<\/p>\n<\/div>\n<\/div>\n<\/div>\n<\/div>\n<\/div>\n<\/div>\n<\/div>\n<\/div>\n<\/div><\/section><br \/>\n<section class=\"av_textblock_section \"  itemscope=\"itemscope\" itemtype=\"https:\/\/schema.org\/CreativeWork\" ><div class='avia_textblock  '   itemprop=\"text\" ><p><em>Impulso<\/em>\u00a0es un excelente punto de partida para que las grandes organizaciones reaccionen ante un nuevo entorno empresarial donde continuamente emergen startups con una ambici\u00f3n innovadora. Sus autores proporcionan una metodolog\u00eda rigurosa que nos gu\u00eda en el emprendimiento corporativo para transformar el esp\u00edritu interno de la empresa, dinamizar la innovaci\u00f3n y entender los procesos y las formas de colaboraci\u00f3n en este nuevo escenario<\/p>\n<p><img decoding=\"async\" class=\"alignnone size-full wp-image-3334\" src=\"http:\/\/www.activede.com\/wp-content\/uploads\/2018\/10\/bill-aulet-1920x1000-1.jpg\" alt=\"\" width=\"100\" height=\"113\" \/><\/p>\n<p>Bill Aulet, director del Martin Trust Center para el<strong>\u00a0<a href=\"http:\/\/entrepreneurship.mit.edu\/\" target=\"_blank\" rel=\"noopener noreferrer\">MIT Entrepreneurship<\/a><\/strong><\/p>\n<\/div><\/section><\/p><\/div><div class='avia-buttonrow-wrap avia-buttonrow-center  '>\n<a href='https:\/\/libroimpulso.com\/presentacion-libro'  class='avia-button  avia-icon_select-no avia-color-theme-color avia-size-x-large '  target=\"_blank\"  style='margin-bottom:5px; margin-left:3px; margin-right:3px; ' ><span class='avia_iconbox_title' >DESCUBRE EL LIBRO Y EMPRENDE TU PROPIA AVENTURA<\/span><\/a>\n<a href='http:\/\/www.lideditorial.com\/libros\/impulso'  class='avia-button  avia-icon_select-no avia-color-theme-color avia-size-x-large '  target=\"_blank\"  style='margin-bottom:5px; margin-left:3px; margin-right:3px; ' ><span class='avia_iconbox_title' >COMPRAR<\/span><\/a>\n<\/div>\n<\/div><\/div><\/div><!-- close content main div --><\/div><\/div><div id='after_section_1' class='main_color av_default_container_wrap container_wrap sidebar_right'   ><div class='container' ><div class='template-page content  av-content-small alpha units'><div class='post-entry post-entry-type-page post-entry-3317'><div class='entry-content-wrapper clearfix'>\n<\/div><\/div><\/div><!-- close content main div --><\/div><\/div><div id='av_section_2' class='avia-section main_color avia-section-default avia-no-border-styling avia-bg-style-scroll   container_wrap sidebar_right' style = 'background-image: '  ><div class='container' ><div class='template-page content  av-content-small alpha units'><div class='post-entry post-entry-type-page post-entry-3317'><div class='entry-content-wrapper clearfix'>\n<div style='padding-bottom:10px; ' class='av-special-heading av-special-heading-h1  blockquote modern-quote modern-centered   '><h1 class='av-special-heading-tag '  itemprop=\"headline\"  >EMPRENDE TU PROPIA AVENTURA<\/h1><div class ='av-subheading av-subheading_below  ' style='font-size:20px;'><p>Tu eres el protagonista de esta historia empresarial<br \/>\nEl primer libro de empresa que te permite tomar tus propias decisiones.<\/p>\n<\/div><div class='special-heading-border'><div class='special-heading-inner-border' ><\/div><\/div><\/div>\n<div class='avia-video avia-video-16-9   av-lazyload-immediate  av-lazyload-video-embed  '   itemprop=\"video\" itemtype=\"https:\/\/schema.org\/VideoObject\"  data-original_url='https:\/\/www.youtube.com\/watch?v=VvHd6AqyapI&amp;t=72s' ><script type='text\/html' class='av-video-tmpl'><div class='avia-iframe-wrap'><iframe width=\"1333\" height=\"1000\" src=\"https:\/\/www.youtube.com\/embed\/VvHd6AqyapI?start=72&feature=oembed\" frameborder=\"0\" allow=\"accelerometer; autoplay; encrypted-media; gyroscope; picture-in-picture\" allowfullscreen><\/iframe><\/div><\/script><div class='av-click-to-play-overlay'><div class=\"avia_playpause_icon\"><\/div><\/div><\/div>\n<div class=\"flex_column av_one_half  flex_column_div av-zero-column-padding first  \" style='border-radius:0px; '><p><div class='avia-image-container  av-styling- av-hover-grow   avia-align-left '  itemprop=\"ImageObject\" itemscope=\"itemscope\" itemtype=\"https:\/\/schema.org\/ImageObject\"  ><div class='avia-image-container-inner'><div class='avia-image-overlay-wrap'><a href='https:\/\/emprendetupropiaaventura.com\/' class='avia_image'   target=\"_blank\" ><img class='avia_image ' src='https:\/\/www.activede.com\/wp-content\/uploads\/2018\/10\/autores-joan-riera-tomas-soler.jpg' alt='' title='autores-joan-riera-tomas-soler'  itemprop=\"thumbnailUrl\"  \/><\/a><\/div><\/div><\/div><br \/>\n<div class='avia-image-container  av-styling- av-hover-grow   avia-align-left '  itemprop=\"ImageObject\" itemscope=\"itemscope\" itemtype=\"https:\/\/schema.org\/ImageObject\"  ><div class='avia-image-container-inner'><div class='avia-image-overlay-wrap'><a href='https:\/\/emprendetupropiaaventura.com\/' class='avia_image'   target=\"_blank\" ><img class='avia_image ' src='https:\/\/www.activede.com\/wp-content\/uploads\/2018\/10\/libro-emprende-tu-propia-aventura-joan-riera.jpg' alt='' title='libro-emprende-tu-propia-aventura-joan-riera'  itemprop=\"thumbnailUrl\"  \/><\/a><\/div><\/div><\/div><\/p><\/div><div class=\"flex_column av_one_half  flex_column_div av-zero-column-padding   \" style='border-radius:0px; '><p><section class=\"av_textblock_section \"  itemscope=\"itemscope\" itemtype=\"https:\/\/schema.org\/CreativeWork\" ><div class='avia_textblock  av_inherit_color '  style='font-size:16px; color:#000000; '  itemprop=\"text\" ><p><strong>Joan Riera y Tom\u00e1s Soler<\/strong><br \/>\nSiguiendo el modelo de Elige tu propia aventura, que cautiv\u00f3 a millones de j\u00f3venes lectores en todo el mundo, Joan Riera y Tom\u00e1s Soler, dos expertos que han asesorado a cientos de incipientes empresarios, te meten en la piel de Kim, una emprendedora que decide montar su propio negocio<\/p>\n<\/div><\/section><br \/>\n<section class=\"av_textblock_section \"  itemscope=\"itemscope\" itemtype=\"https:\/\/schema.org\/CreativeWork\" ><div class='avia_textblock  '   itemprop=\"text\" ><p>Tiene en las manos un claro ejemplo de iniciativa e innovaci\u00f3n, tanto por concepto como por contenido.<\/p>\n<p>Es una obra de iniciativa innovadora, que proporciona al lector la posibilidad de vivir y de meterse en la piel del emprendedor. Una lectura activa, mezcla de novela y casos pr\u00e1cticos. Una lectura deliciosa y una aut\u00e9ntica lecci\u00f3n de saber ense\u00f1ar a emprender por uno mismo.<\/p>\n<p><img decoding=\"async\" class=\"alignnone size-full wp-image-3329\" src=\"http:\/\/www.activede.com\/wp-content\/uploads\/2018\/10\/ricardo-fisas.jpg\" alt=\"\" width=\"100\" height=\"113\" \/><\/p>\n<p>Ricardo Fisas Mulleras, Presidente y Fundador de\u00a0<strong>Natura Biss\u00e9 Int SA<\/strong><\/p>\n<\/div><\/section><br \/>\n<div class='avia-buttonrow-wrap avia-buttonrow-center  '>\n<a href='https:\/\/emprendetupropiaaventura.com\/projects'  class='avia-button  avia-icon_select-no avia-color-theme-color avia-size-x-large '  target=\"_blank\"  style='margin-bottom:5px; margin-left:3px; margin-right:3px; ' ><span class='avia_iconbox_title' >DESCUBRE EL LIBRO Y EMPRENDE TU PROPIA AVENTURA<\/span><\/a>\n<a href='https:\/\/www.amazon.es\/gp\/product\/8483565919\/ref=as_li_ss_tl?ie=UTF8&amp;linkCode=ll1&amp;tag=emprentupropi-21&amp;linkId=20dc5ffc030e9ffc1c4177608697a2f2'  class='avia-button  avia-icon_select-no avia-color-theme-color avia-size-x-large '  target=\"_blank\"  style='margin-bottom:5px; margin-left:3px; margin-right:3px; ' ><span class='avia_iconbox_title' >COMPRAR<\/span><\/a>\n<\/div><\/p><\/div>\n<\/div><\/div><\/div><!-- close content main div --><\/div><\/div><div id='after_section_2' class='main_color av_default_container_wrap container_wrap sidebar_right'   ><div class='container' ><div class='template-page content  av-content-small alpha units'><div class='post-entry post-entry-type-page post-entry-3317'><div class='entry-content-wrapper clearfix'>\n","protected":false},"excerpt":{"rendered":"","protected":false},"author":6,"featured_media":0,"parent":0,"menu_order":0,"comment_status":"closed","ping_status":"closed","template":"","meta":{"_acf_changed":false,"footnotes":""},"acf":[],"yoast_head":"<!-- This site is optimized with the Yoast SEO plugin v18.0 - https:\/\/yoast.com\/wordpress\/plugins\/seo\/ -->\n<title>Intrapreneurship published books - Active Development<\/title>\n<meta name=\"description\" content=\"Work with the creators of the methodology, get to know our books that have become a reference, like Impulso,The Five Levers to Activate the Intrapreneurship\" \/>\n<meta name=\"robots\" content=\"index, follow, max-snippet:-1, max-image-preview:large, max-video-preview:-1\" \/>\n<link rel=\"canonical\" href=\"https:\/\/www.activede.com\/en\/published-books\/\" \/>\n<meta property=\"og:locale\" content=\"en_US\" \/>\n<meta property=\"og:type\" content=\"article\" \/>\n<meta property=\"og:title\" content=\"Intrapreneurship published books - Active Development\" \/>\n<meta property=\"og:description\" content=\"Work with the creators of the methodology, get to know our books that have become a reference, like Impulso,The Five Levers to Activate the Intrapreneurship\" \/>\n<meta property=\"og:url\" content=\"https:\/\/www.activede.com\/en\/published-books\/\" \/>\n<meta property=\"og:site_name\" content=\"Active Development\" \/>\n<meta property=\"article:publisher\" content=\"https:\/\/www.facebook.com\/Active.Development\" \/>\n<meta property=\"article:modified_time\" content=\"2019-05-03T17:53:17+00:00\" \/>\n<meta property=\"og:image\" content=\"http:\/\/www.activede.com\/wp-content\/uploads\/2018\/10\/bill-aulet-1920x1000-1.jpg\" \/>\n<meta name=\"twitter:card\" content=\"summary_large_image\" \/>\n<meta name=\"twitter:site\" content=\"@ActiveDe\" \/>\n<meta name=\"twitter:label1\" content=\"Est. reading time\" \/>\n\t<meta name=\"twitter:data1\" content=\"9 minutes\" \/>\n<script type=\"application\/ld+json\" class=\"yoast-schema-graph\">{\"@context\":\"https:\/\/schema.org\",\"@graph\":[{\"@type\":\"Organization\",\"@id\":\"https:\/\/www.activede.com\/ca\/#organization\",\"name\":\"ACTIVE DEVELOPMENT\",\"url\":\"https:\/\/www.activede.com\/ca\/\",\"sameAs\":[\"https:\/\/www.facebook.com\/Active.Development\",\"https:\/\/www.linkedin.com\/company\/999561?trk=tyah&amp;amp;trkInfo=tarId:1419004716750,tas:active development,idx:2-1-3\",\"http:\/\/www.youtube.com\/user\/ActiveDevelopment\",\"https:\/\/twitter.com\/ActiveDe\"],\"logo\":{\"@type\":\"ImageObject\",\"@id\":\"https:\/\/www.activede.com\/ca\/#logo\",\"inLanguage\":\"en-US\",\"url\":\"https:\/\/www.activede.com\/wp-content\/uploads\/2018\/10\/logoAD-min.png\",\"contentUrl\":\"https:\/\/www.activede.com\/wp-content\/uploads\/2018\/10\/logoAD-min.png\",\"width\":225,\"height\":51,\"caption\":\"ACTIVE DEVELOPMENT\"},\"image\":{\"@id\":\"https:\/\/www.activede.com\/ca\/#logo\"}},{\"@type\":\"WebSite\",\"@id\":\"https:\/\/www.activede.com\/ca\/#website\",\"url\":\"https:\/\/www.activede.com\/ca\/\",\"name\":\"Active Development\",\"description\":\"\",\"publisher\":{\"@id\":\"https:\/\/www.activede.com\/ca\/#organization\"},\"potentialAction\":[{\"@type\":\"SearchAction\",\"target\":{\"@type\":\"EntryPoint\",\"urlTemplate\":\"https:\/\/www.activede.com\/ca\/?s={search_term_string}\"},\"query-input\":\"required name=search_term_string\"}],\"inLanguage\":\"en-US\"},{\"@type\":\"ImageObject\",\"@id\":\"https:\/\/www.activede.com\/en\/published-books\/#primaryimage\",\"inLanguage\":\"en-US\",\"url\":\"http:\/\/www.activede.com\/wp-content\/uploads\/2018\/10\/bill-aulet-1920x1000-1.jpg\",\"contentUrl\":\"http:\/\/www.activede.com\/wp-content\/uploads\/2018\/10\/bill-aulet-1920x1000-1.jpg\"},{\"@type\":\"WebPage\",\"@id\":\"https:\/\/www.activede.com\/en\/published-books\/#webpage\",\"url\":\"https:\/\/www.activede.com\/en\/published-books\/\",\"name\":\"Intrapreneurship published books - Active Development\",\"isPartOf\":{\"@id\":\"https:\/\/www.activede.com\/ca\/#website\"},\"primaryImageOfPage\":{\"@id\":\"https:\/\/www.activede.com\/en\/published-books\/#primaryimage\"},\"datePublished\":\"2018-10-14T06:57:06+00:00\",\"dateModified\":\"2019-05-03T17:53:17+00:00\",\"description\":\"Work with the creators of the methodology, get to know our books that have become a reference, like Impulso,The Five Levers to Activate the Intrapreneurship\",\"breadcrumb\":{\"@id\":\"https:\/\/www.activede.com\/en\/published-books\/#breadcrumb\"},\"inLanguage\":\"en-US\",\"potentialAction\":[{\"@type\":\"ReadAction\",\"target\":[\"https:\/\/www.activede.com\/en\/published-books\/\"]}]},{\"@type\":\"BreadcrumbList\",\"@id\":\"https:\/\/www.activede.com\/en\/published-books\/#breadcrumb\",\"itemListElement\":[{\"@type\":\"ListItem\",\"position\":1,\"name\":\"Home\",\"item\":\"https:\/\/www.activede.com\/en\/\"},{\"@type\":\"ListItem\",\"position\":2,\"name\":\"Published Books\"}]}]}<\/script>\n<!-- \/ Yoast SEO plugin. -->","yoast_head_json":{"title":"Intrapreneurship published books - Active Development","description":"Work with the creators of the methodology, get to know our books that have become a reference, like Impulso,The Five Levers to Activate the Intrapreneurship","robots":{"index":"index","follow":"follow","max-snippet":"max-snippet:-1","max-image-preview":"max-image-preview:large","max-video-preview":"max-video-preview:-1"},"canonical":"https:\/\/www.activede.com\/en\/published-books\/","og_locale":"en_US","og_type":"article","og_title":"Intrapreneurship published books - Active Development","og_description":"Work with the creators of the methodology, get to know our books that have become a reference, like Impulso,The Five Levers to Activate the Intrapreneurship","og_url":"https:\/\/www.activede.com\/en\/published-books\/","og_site_name":"Active Development","article_publisher":"https:\/\/www.facebook.com\/Active.Development","article_modified_time":"2019-05-03T17:53:17+00:00","og_image":[{"url":"http:\/\/www.activede.com\/wp-content\/uploads\/2018\/10\/bill-aulet-1920x1000-1.jpg"}],"twitter_card":"summary_large_image","twitter_site":"@ActiveDe","twitter_misc":{"Est. reading time":"9 minutes"},"schema":{"@context":"https:\/\/schema.org","@graph":[{"@type":"Organization","@id":"https:\/\/www.activede.com\/ca\/#organization","name":"ACTIVE DEVELOPMENT","url":"https:\/\/www.activede.com\/ca\/","sameAs":["https:\/\/www.facebook.com\/Active.Development","https:\/\/www.linkedin.com\/company\/999561?trk=tyah&amp;amp;trkInfo=tarId:1419004716750,tas:active development,idx:2-1-3","http:\/\/www.youtube.com\/user\/ActiveDevelopment","https:\/\/twitter.com\/ActiveDe"],"logo":{"@type":"ImageObject","@id":"https:\/\/www.activede.com\/ca\/#logo","inLanguage":"en-US","url":"https:\/\/www.activede.com\/wp-content\/uploads\/2018\/10\/logoAD-min.png","contentUrl":"https:\/\/www.activede.com\/wp-content\/uploads\/2018\/10\/logoAD-min.png","width":225,"height":51,"caption":"ACTIVE DEVELOPMENT"},"image":{"@id":"https:\/\/www.activede.com\/ca\/#logo"}},{"@type":"WebSite","@id":"https:\/\/www.activede.com\/ca\/#website","url":"https:\/\/www.activede.com\/ca\/","name":"Active Development","description":"","publisher":{"@id":"https:\/\/www.activede.com\/ca\/#organization"},"potentialAction":[{"@type":"SearchAction","target":{"@type":"EntryPoint","urlTemplate":"https:\/\/www.activede.com\/ca\/?s={search_term_string}"},"query-input":"required name=search_term_string"}],"inLanguage":"en-US"},{"@type":"ImageObject","@id":"https:\/\/www.activede.com\/en\/published-books\/#primaryimage","inLanguage":"en-US","url":"http:\/\/www.activede.com\/wp-content\/uploads\/2018\/10\/bill-aulet-1920x1000-1.jpg","contentUrl":"http:\/\/www.activede.com\/wp-content\/uploads\/2018\/10\/bill-aulet-1920x1000-1.jpg"},{"@type":"WebPage","@id":"https:\/\/www.activede.com\/en\/published-books\/#webpage","url":"https:\/\/www.activede.com\/en\/published-books\/","name":"Intrapreneurship published books - Active Development","isPartOf":{"@id":"https:\/\/www.activede.com\/ca\/#website"},"primaryImageOfPage":{"@id":"https:\/\/www.activede.com\/en\/published-books\/#primaryimage"},"datePublished":"2018-10-14T06:57:06+00:00","dateModified":"2019-05-03T17:53:17+00:00","description":"Work with the creators of the methodology, get to know our books that have become a reference, like Impulso,The Five Levers to Activate the Intrapreneurship","breadcrumb":{"@id":"https:\/\/www.activede.com\/en\/published-books\/#breadcrumb"},"inLanguage":"en-US","potentialAction":[{"@type":"ReadAction","target":["https:\/\/www.activede.com\/en\/published-books\/"]}]},{"@type":"BreadcrumbList","@id":"https:\/\/www.activede.com\/en\/published-books\/#breadcrumb","itemListElement":[{"@type":"ListItem","position":1,"name":"Home","item":"https:\/\/www.activede.com\/en\/"},{"@type":"ListItem","position":2,"name":"Published Books"}]}]}},"_links":{"self":[{"href":"https:\/\/www.activede.com\/en\/wp-json\/wp\/v2\/pages\/3317"}],"collection":[{"href":"https:\/\/www.activede.com\/en\/wp-json\/wp\/v2\/pages"}],"about":[{"href":"https:\/\/www.activede.com\/en\/wp-json\/wp\/v2\/types\/page"}],"author":[{"embeddable":true,"href":"https:\/\/www.activede.com\/en\/wp-json\/wp\/v2\/users\/6"}],"replies":[{"embeddable":true,"href":"https:\/\/www.activede.com\/en\/wp-json\/wp\/v2\/comments?post=3317"}],"version-history":[{"count":16,"href":"https:\/\/www.activede.com\/en\/wp-json\/wp\/v2\/pages\/3317\/revisions"}],"predecessor-version":[{"id":12959,"href":"https:\/\/www.activede.com\/en\/wp-json\/wp\/v2\/pages\/3317\/revisions\/12959"}],"wp:attachment":[{"href":"https:\/\/www.activede.com\/en\/wp-json\/wp\/v2\/media?parent=3317"}],"curies":[{"name":"wp","href":"https:\/\/api.w.org\/{rel}","templated":true}]}}