{"id":8543,"date":"2018-11-15T04:04:30","date_gmt":"2018-11-15T04:04:30","guid":{"rendered":"http:\/\/activede.lemontelecom.com\/conocenos\/"},"modified":"2019-05-03T17:58:16","modified_gmt":"2019-05-03T17:58:16","slug":"coneix-nos","status":"publish","type":"page","link":"https:\/\/www.activede.com\/ca\/coneix-nos\/","title":{"rendered":"Coneix-nos"},"content":{"rendered":"<div class=\"flex_column av_one_full  flex_column_div av-zero-column-padding first  \" style='border-radius:0px; '><section class=\"av_textblock_section \"  itemscope=\"itemscope\" itemtype=\"https:\/\/schema.org\/CreativeWork\" ><div class='avia_textblock   av-medium-font-size-overwrite av-medium-font-size-13 av-small-font-size-overwrite av-small-font-size-14 av-mini-font-size-overwrite av-mini-font-size-15'  style='font-size:16px; '  itemprop=\"text\" ><h2>Missi\u00f3<\/h2>\n<p>Ajudem a les empreses a construir i gestionar avantatges competitius que puguin generar creixement i beneficis. Per \u00a0poder aportar valor que sigui sostenible a llarg termini, comptem amb les persones adients per a desafiar\u00a0el canvi i la transformaci\u00f3 en les organitzacions.<\/p>\n<div class=\"clearfix \">\n<div class=\"wpb_wrapper\"><\/div>\n<\/div>\n<\/div><\/section><br \/>\n<div  class='hr hr-default  '><span class='hr-inner ' ><span class='hr-inner-style'><\/span><\/span><\/div><br \/>\n<section class=\"av_textblock_section \"  itemscope=\"itemscope\" itemtype=\"https:\/\/schema.org\/CreativeWork\" ><div class='avia_textblock   av-medium-font-size-overwrite av-medium-font-size-13 av-small-font-size-overwrite av-small-font-size-14 av-mini-font-size-overwrite av-mini-font-size-15'  style='font-size:16px; '  itemprop=\"text\" ><h2>Hist\u00f2ria<\/h2>\n<p>Fundada l\u2019any 1999 a l\u2019escola de negocis d\u2019ESADE per un grup d\u2019antics alumnes, Active Development neix davant la demanda d\u2019equips \u201cd\u2019operacions especials\u201d per part de grans multinacionals. Aportem al client un valor in\u00e8dit fins el moment: unitats m\u00e9s r\u00e0pides i flexibles que l\u2019organitzaci\u00f3 matriu, d\u2019actuaci\u00f3 contundent i orientades a resultats, formades per poques persones, per\u00f2 amb una gran formaci\u00f3 i experi\u00e8ncia. Vam comen\u00e7ar explorant oportunitats, despr\u00e9s dinamitzant projectes i finalment, vam veure com ens convert\u00edem en aut\u00e8ntics companys de viatge, fins al punt de crear noves unitats de negoci.<\/p>\n<div class=\"clearfix \">\n<div class=\"wpb_wrapper\"><\/div>\n<\/div>\n<\/div><\/section><br \/>\n<div  class='hr hr-default  '><span class='hr-inner ' ><span class='hr-inner-style'><\/span><\/span><\/div><br \/>\n<section class=\"av_textblock_section \"  itemscope=\"itemscope\" itemtype=\"https:\/\/schema.org\/CreativeWork\" ><div class='avia_textblock   av-medium-font-size-overwrite av-medium-font-size-13 av-small-font-size-overwrite av-small-font-size-14 av-mini-font-size-overwrite av-mini-font-size-15'  style='font-size:16px; '  itemprop=\"text\" ><h2>Proposta<\/h2>\n<p><strong>QU\u00c8<br \/>\n<\/strong>Generem valor per als nostres clients impactant en les seves vendes, la innovaci\u00f3 i\/o gestionant el seu creixement.<\/p>\n<p><strong>COM<br \/>\n<\/strong>Busquem avantatges competitius en els nostres\u00a0clients i els explotem de forma estrat\u00e8gica mitjan\u00e7ant la consultoria i l\u2019entrenament.<\/p>\n<p><strong>A ON<br \/>\n<\/strong>Ubicacions internacionals a\u00a0Barcelona (Espanya), Miami (EEUU) i\u00a0Casablanca (Marroc), una proposta\u00a0global amb enfocament local.<\/p>\n<p><strong>AVUI<br \/>\n<\/strong>Oferim m\u00e9s de 15 anys d\u2019experi\u00e8ncia en diferents ind\u00fastries\u00a0i en companyies de diferents dimensions. Amb una \u00a0xarxa de contactes \u00fanica formada per l\u00edders experts, tenim al nostre\u00a0portfoli m\u00e9s de 800 projectes d\u2019\u00e8xit. Som un s\u00edmbol d\u2019excel\u00b7l\u00e8ncia.<\/p>\n<div class=\"clearfix \">\n<div class=\"wpb_wrapper\"><\/div>\n<\/div>\n<\/div><\/section><\/p><\/div>\n<div class=\"flex_column av_one_full  flex_column_div av-zero-column-padding first  \" style='border-radius:0px; '><div style='padding-bottom:10px; font-size:22px;' class='av-special-heading av-special-heading-h2  blockquote modern-quote  av-inherit-size '><h2 class='av-special-heading-tag  av-medium-font-size-overwrite av-medium-font-size-16 av-small-font-size-overwrite av-small-font-size-18 av-mini-font-size-overwrite av-mini-font-size-20'  itemprop=\"headline\"  >El nostre ADN, els valors \u00e9s el que ens fan \u00fanics<\/h2><div class='special-heading-border'><div class='special-heading-inner-border' ><\/div><\/div><\/div><\/div>\n<div class=\"flex_column av_one_half  flex_column_div av-zero-column-padding first  \" style='border-radius:0px; '><div class='avia-image-container  av-styling-    avia-align-center '  itemprop=\"ImageObject\" itemscope=\"itemscope\" itemtype=\"https:\/\/schema.org\/ImageObject\"  ><div class='avia-image-container-inner'><div class='avia-image-overlay-wrap'><img class='avia_image ' src='https:\/\/www.activede.com\/wp-content\/uploads\/2018\/11\/about-us-new-2.jpg' alt='' title='about-us-new-2' height=\"265\"width=\"365\"  itemprop=\"thumbnailUrl\"  \/><\/div><\/div><\/div><\/div>\n<div class=\"flex_column av_one_half  flex_column_div av-zero-column-padding   \" style='border-radius:0px; '><section class=\"av_textblock_section \"  itemscope=\"itemscope\" itemtype=\"https:\/\/schema.org\/CreativeWork\" ><div class='avia_textblock   av-medium-font-size-overwrite av-medium-font-size-13 av-small-font-size-overwrite av-small-font-size-14 av-mini-font-size-overwrite av-mini-font-size-15'  style='font-size:16px; '  itemprop=\"text\" ><p>Ens sentim molt orgullosos i afortunats de poder ajudar i transformar empreses de forma intel\u00b7ligent, r\u00e0pida i de forma permanent.<\/p>\n<p>La nostra cultura s\u2019ha gestat al llarg dels anys i es fonamenta en el servei al client a qualsevol preu. Aspirem a ser sempre el n\u00famero 1 i a fer el que fem millor que ning\u00fa, creant un sentiment de pertinen\u00e7a i orgull en la nostra organitzaci\u00f3.<\/p>\n<div class=\"clearfix \">\n<div class=\"wpb_wrapper\"><\/div>\n<\/div>\n<\/div><\/section><\/div>\n<div class=\"flex_column av_three_fourth  flex_column_div av-zero-column-padding first  \" style='border-radius:0px; '><section class=\"av_textblock_section \"  itemscope=\"itemscope\" itemtype=\"https:\/\/schema.org\/CreativeWork\" ><div class='avia_textblock   av-medium-font-size-overwrite av-medium-font-size-13 av-small-font-size-overwrite av-small-font-size-14 av-mini-font-size-overwrite av-mini-font-size-15'  style='font-size:16px; '  itemprop=\"text\" ><p>El nostre\u00a0ADN \u00e9s el que ens diferencia, \u00e9s en els nostres gens:<\/p>\n<p><strong>ELS CLIENTS, EL PRIMER:\u00a0<\/strong>Col\u00b7laborem amb els nostres clients per superar les seves expectatives, perqu\u00e8 el nostre \u00e8xit es mesura pel seu \u00e8xit.<\/p>\n<p><strong>EXPERI\u00c8NCIA:\u00a0\u00a0<\/strong>M\u00e9s de 15 anys d\u2019experi\u00e8ncia ajudant empreses a cr\u00e9ixer. Aportem valor i constru\u00efm relacions a llarg termini amb els nostres clients.<\/p>\n<p><strong>EXPERTS SENIOR:<\/strong>\u00a0Oferim\u00a0 una xarxa \u00fanica de l\u00edders s\u00e8nior que desenvolupen i maximitzen el potencial dels nostres clients.<\/p>\n<p><strong>HER\u00c8NCIA:\u00a0<\/strong>M\u00e9s de 800 projectes completats amb \u00e8xit avalen la nostra experi\u00e8ncia, i ens converteixen en el company de viatge de confian\u00e7a de qualsevol client potencial.<\/p>\n<p><strong>PROXIMITAT:\u00a0<\/strong>Estem al teu costat, disposats a escoltar amb empatia perqu\u00e8 prediquem amb l\u2019exemple. Aqu\u00ed trobar\u00e0s persones que et donaran la m\u00e0.<\/p>\n<p><strong>MULTISECTOR:\u00a0<\/strong>Aportem l\u2019experi\u00e8ncia\u00a0de diferents ind\u00fastries com\u00a0la farmac\u00e8utica, salut, turisme, immobiliari, entre d\u2019altres.<\/p>\n<p><strong>DIVERSITAT:\u00a0<\/strong>Som internacionals per\u00f2 amb un enfocament local, amb oficines centrals a\u00a0\u00a0Barcelona (Espanya), i unitats de negoci a Miami (USA) i Casablanca (Marroc). Brindem la nostra experi\u00e8ncia als nostres clients de diferents dimensions i cultures.<\/p>\n<p><strong>INTEGRITAT:\u00a0<\/strong>Tractem als nostres clients, prove\u00efdors i col\u00b7laboradors de forma respectuosa, transparent i honesta.<\/p>\n<p><strong>RSC:\u00a0<\/strong>Contribuim de manera activa al millorament social i econ\u00f2mic dels nostres clients amb l\u2019objectiu de millorar la seva situaci\u00f3 competitiva.<\/p>\n<p>El nostre\u00a0ADN\u00a0est\u00e0 gravat en cada membre\u00a0del nostre equip, fes\u00a0<strong><a href=\"http:\/\/www.activede.com\/ca\/equip\/\">clic aqu\u00ed<\/a><\/strong>\u00a0per coneixer-nos.<\/p>\n<p>El resultat \u00e9s que Empresaris i Directius troben en Active Development un company de viatge comprom\u00e8s i amb esperit guanyador que comparteix apassionadament l\u2019aventura a m\u00e9s de contribuir amb la seva for\u00e7a i coneixements.<\/p>\n<div class=\"clearfix \">\n<div class=\"wpb_wrapper\"><\/div>\n<\/div>\n<\/div><\/section><\/div>\n<div class=\"flex_column av_one_fourth  flex_column_div av-zero-column-padding   \" style='border-radius:0px; '><div class='avia-image-container  av-styling-    avia-align-left '  itemprop=\"ImageObject\" itemscope=\"itemscope\" itemtype=\"https:\/\/schema.org\/ImageObject\"  ><div class='avia-image-container-inner'><div class='avia-image-overlay-wrap'><img class='avia_image ' src='https:\/\/www.activede.com\/wp-content\/uploads\/2018\/12\/DNA-BUENO2-CAT.jpg' alt='' title='DNA-BUENO2-CAT' height=\"1400\"width=\"412\"  itemprop=\"thumbnailUrl\"  \/><\/div><\/div><\/div><\/div>\n","protected":false},"excerpt":{"rendered":"","protected":false},"author":6,"featured_media":0,"parent":0,"menu_order":0,"comment_status":"closed","ping_status":"closed","template":"","meta":{"_acf_changed":false,"footnotes":""},"acf":[],"yoast_head":"<!-- This site is optimized with the Yoast SEO plugin v18.0 - https:\/\/yoast.com\/wordpress\/plugins\/seo\/ -->\n<title>Coneix-nos - Active Development<\/title>\n<meta name=\"robots\" content=\"index, follow, max-snippet:-1, max-image-preview:large, max-video-preview:-1\" \/>\n<link rel=\"canonical\" href=\"https:\/\/www.activede.com\/ca\/coneix-nos\/\" \/>\n<meta property=\"og:locale\" content=\"ca_ES\" \/>\n<meta property=\"og:type\" content=\"article\" \/>\n<meta property=\"og:title\" content=\"Coneix-nos - Active Development\" \/>\n<meta property=\"og:url\" content=\"https:\/\/www.activede.com\/ca\/coneix-nos\/\" \/>\n<meta property=\"og:site_name\" content=\"Active Development\" \/>\n<meta property=\"article:publisher\" content=\"https:\/\/www.facebook.com\/Active.Development\" \/>\n<meta property=\"article:modified_time\" content=\"2019-05-03T17:58:16+00:00\" \/>\n<meta name=\"twitter:card\" content=\"summary_large_image\" \/>\n<meta name=\"twitter:site\" content=\"@ActiveDe\" \/>\n<meta name=\"twitter:label1\" content=\"Temps estimat de lectura\" \/>\n\t<meta name=\"twitter:data1\" content=\"8 minuts\" \/>\n<script type=\"application\/ld+json\" class=\"yoast-schema-graph\">{\"@context\":\"https:\/\/schema.org\",\"@graph\":[{\"@type\":\"Organization\",\"@id\":\"https:\/\/www.activede.com\/ca\/#organization\",\"name\":\"ACTIVE DEVELOPMENT\",\"url\":\"https:\/\/www.activede.com\/ca\/\",\"sameAs\":[\"https:\/\/www.facebook.com\/Active.Development\",\"https:\/\/www.linkedin.com\/company\/999561?trk=tyah&amp;amp;trkInfo=tarId:1419004716750,tas:active development,idx:2-1-3\",\"http:\/\/www.youtube.com\/user\/ActiveDevelopment\",\"https:\/\/twitter.com\/ActiveDe\"],\"logo\":{\"@type\":\"ImageObject\",\"@id\":\"https:\/\/www.activede.com\/ca\/#logo\",\"inLanguage\":\"ca\",\"url\":\"https:\/\/www.activede.com\/wp-content\/uploads\/2018\/10\/logoAD-min.png\",\"contentUrl\":\"https:\/\/www.activede.com\/wp-content\/uploads\/2018\/10\/logoAD-min.png\",\"width\":225,\"height\":51,\"caption\":\"ACTIVE DEVELOPMENT\"},\"image\":{\"@id\":\"https:\/\/www.activede.com\/ca\/#logo\"}},{\"@type\":\"WebSite\",\"@id\":\"https:\/\/www.activede.com\/ca\/#website\",\"url\":\"https:\/\/www.activede.com\/ca\/\",\"name\":\"Active Development\",\"description\":\"\",\"publisher\":{\"@id\":\"https:\/\/www.activede.com\/ca\/#organization\"},\"potentialAction\":[{\"@type\":\"SearchAction\",\"target\":{\"@type\":\"EntryPoint\",\"urlTemplate\":\"https:\/\/www.activede.com\/ca\/?s={search_term_string}\"},\"query-input\":\"required name=search_term_string\"}],\"inLanguage\":\"ca\"},{\"@type\":\"WebPage\",\"@id\":\"https:\/\/www.activede.com\/ca\/coneix-nos\/#webpage\",\"url\":\"https:\/\/www.activede.com\/ca\/coneix-nos\/\",\"name\":\"Coneix-nos - Active Development\",\"isPartOf\":{\"@id\":\"https:\/\/www.activede.com\/ca\/#website\"},\"datePublished\":\"2018-11-15T04:04:30+00:00\",\"dateModified\":\"2019-05-03T17:58:16+00:00\",\"breadcrumb\":{\"@id\":\"https:\/\/www.activede.com\/ca\/coneix-nos\/#breadcrumb\"},\"inLanguage\":\"ca\",\"potentialAction\":[{\"@type\":\"ReadAction\",\"target\":[\"https:\/\/www.activede.com\/ca\/coneix-nos\/\"]}]},{\"@type\":\"BreadcrumbList\",\"@id\":\"https:\/\/www.activede.com\/ca\/coneix-nos\/#breadcrumb\",\"itemListElement\":[{\"@type\":\"ListItem\",\"position\":1,\"name\":\"Home\",\"item\":\"https:\/\/www.activede.com\/ca\/\"},{\"@type\":\"ListItem\",\"position\":2,\"name\":\"Coneix-nos\"}]}]}<\/script>\n<!-- \/ Yoast SEO plugin. -->","yoast_head_json":{"title":"Coneix-nos - Active Development","robots":{"index":"index","follow":"follow","max-snippet":"max-snippet:-1","max-image-preview":"max-image-preview:large","max-video-preview":"max-video-preview:-1"},"canonical":"https:\/\/www.activede.com\/ca\/coneix-nos\/","og_locale":"ca_ES","og_type":"article","og_title":"Coneix-nos - Active Development","og_url":"https:\/\/www.activede.com\/ca\/coneix-nos\/","og_site_name":"Active Development","article_publisher":"https:\/\/www.facebook.com\/Active.Development","article_modified_time":"2019-05-03T17:58:16+00:00","twitter_card":"summary_large_image","twitter_site":"@ActiveDe","twitter_misc":{"Temps estimat de lectura":"8 minuts"},"schema":{"@context":"https:\/\/schema.org","@graph":[{"@type":"Organization","@id":"https:\/\/www.activede.com\/ca\/#organization","name":"ACTIVE DEVELOPMENT","url":"https:\/\/www.activede.com\/ca\/","sameAs":["https:\/\/www.facebook.com\/Active.Development","https:\/\/www.linkedin.com\/company\/999561?trk=tyah&amp;amp;trkInfo=tarId:1419004716750,tas:active development,idx:2-1-3","http:\/\/www.youtube.com\/user\/ActiveDevelopment","https:\/\/twitter.com\/ActiveDe"],"logo":{"@type":"ImageObject","@id":"https:\/\/www.activede.com\/ca\/#logo","inLanguage":"ca","url":"https:\/\/www.activede.com\/wp-content\/uploads\/2018\/10\/logoAD-min.png","contentUrl":"https:\/\/www.activede.com\/wp-content\/uploads\/2018\/10\/logoAD-min.png","width":225,"height":51,"caption":"ACTIVE DEVELOPMENT"},"image":{"@id":"https:\/\/www.activede.com\/ca\/#logo"}},{"@type":"WebSite","@id":"https:\/\/www.activede.com\/ca\/#website","url":"https:\/\/www.activede.com\/ca\/","name":"Active Development","description":"","publisher":{"@id":"https:\/\/www.activede.com\/ca\/#organization"},"potentialAction":[{"@type":"SearchAction","target":{"@type":"EntryPoint","urlTemplate":"https:\/\/www.activede.com\/ca\/?s={search_term_string}"},"query-input":"required name=search_term_string"}],"inLanguage":"ca"},{"@type":"WebPage","@id":"https:\/\/www.activede.com\/ca\/coneix-nos\/#webpage","url":"https:\/\/www.activede.com\/ca\/coneix-nos\/","name":"Coneix-nos - Active Development","isPartOf":{"@id":"https:\/\/www.activede.com\/ca\/#website"},"datePublished":"2018-11-15T04:04:30+00:00","dateModified":"2019-05-03T17:58:16+00:00","breadcrumb":{"@id":"https:\/\/www.activede.com\/ca\/coneix-nos\/#breadcrumb"},"inLanguage":"ca","potentialAction":[{"@type":"ReadAction","target":["https:\/\/www.activede.com\/ca\/coneix-nos\/"]}]},{"@type":"BreadcrumbList","@id":"https:\/\/www.activede.com\/ca\/coneix-nos\/#breadcrumb","itemListElement":[{"@type":"ListItem","position":1,"name":"Home","item":"https:\/\/www.activede.com\/ca\/"},{"@type":"ListItem","position":2,"name":"Coneix-nos"}]}]}},"_links":{"self":[{"href":"https:\/\/www.activede.com\/ca\/wp-json\/wp\/v2\/pages\/8543"}],"collection":[{"href":"https:\/\/www.activede.com\/ca\/wp-json\/wp\/v2\/pages"}],"about":[{"href":"https:\/\/www.activede.com\/ca\/wp-json\/wp\/v2\/types\/page"}],"author":[{"embeddable":true,"href":"https:\/\/www.activede.com\/ca\/wp-json\/wp\/v2\/users\/6"}],"replies":[{"embeddable":true,"href":"https:\/\/www.activede.com\/ca\/wp-json\/wp\/v2\/comments?post=8543"}],"version-history":[{"count":4,"href":"https:\/\/www.activede.com\/ca\/wp-json\/wp\/v2\/pages\/8543\/revisions"}],"predecessor-version":[{"id":12354,"href":"https:\/\/www.activede.com\/ca\/wp-json\/wp\/v2\/pages\/8543\/revisions\/12354"}],"wp:attachment":[{"href":"https:\/\/www.activede.com\/ca\/wp-json\/wp\/v2\/media?parent=8543"}],"curies":[{"name":"wp","href":"https:\/\/api.w.org\/{rel}","templated":true}]}}