{"id":8522,"date":"2018-11-15T04:53:46","date_gmt":"2018-11-15T04:53:46","guid":{"rendered":"http:\/\/activede.lemontelecom.com\/el-fundador\/"},"modified":"2019-06-10T15:40:14","modified_gmt":"2019-06-10T15:40:14","slug":"joan-riera","status":"publish","type":"page","link":"https:\/\/www.activede.com\/ca\/joan-riera\/","title":{"rendered":"Joan Riera"},"content":{"rendered":"<div id='fullscreen_slider_1' class='avia-fullscreen-slider main_color   container_wrap sidebar_right'   ><a href='#next-section' title='' class='scroll-down-link av-control-default' aria-hidden='true' data-av_icon='\ue877' data-av_iconfont='entypo-fontello'><\/a><div  data-size='extra_large'  data-lightbox_size='large'  data-animation='slide'  data-conditional_play=''  data-ids='13314'  data-video_counter='0'  data-autoplay='false'  data-bg_slider='true'  data-slide_height='100'  data-handle='av_fullscreen'  data-interval='5'  data-class=' '  data-css_id='fullscreen_slider_1'  data-scroll_down='aviaTBscroll_down'  data-control_layout='av-control-default'  data-custom_markup=''  data-perma_caption=''  data-autoplay_stopper=''  data-image_attachment=''  data-min_height='0px'  data-stretch=''  data-default-height='100'  class='avia-slideshow avia-slideshow-1 av-slider-scroll-down-active av-control-default av-default-height-applied avia-slideshow-extra_large av_fullscreen   avia-slide-slider '  itemprop=\"ImageObject\" itemscope=\"itemscope\" itemtype=\"https:\/\/schema.org\/ImageObject\" ><ul class='avia-slideshow-inner ' style='padding-bottom: 66.666666666667%;' ><li style='background-position:top left;' data-img-url='https:\/\/www.activede.com\/wp-content\/uploads\/2019\/06\/joan-riera-fundador-active-development-min-1500x1000.jpg' class=' av-single-slide slide-1 ' ><div data-rel='slideshow-1' class='avia-slide-wrap '   ><div class = \"caption_fullwidth av-slideshow-caption caption_bottom caption_bottom_framed caption_framed\"><div class = \"container caption_container\"><div class = \"slideshow_caption\"><div class = \"slideshow_inner_caption\"><div class = \"slideshow_align_caption\"><h2  style='font-size:34px; color:#ffffff; ' class='avia-caption-title '  itemprop=\"name\" >Joan Riera<\/h2><div class='avia-caption-content  av_inherit_color'  itemprop=\"description\"   style='font-size:22px; color:#ffffff; '><p>Fundador i CEO de Active Development<\/p>\n<\/div><\/div><\/div><\/div><\/div><\/div><\/div><\/li><\/ul><\/div><\/div>\n<section class=\"av_textblock_section \"  itemscope=\"itemscope\" itemtype=\"https:\/\/schema.org\/CreativeWork\" ><div class='avia_textblock  '   itemprop=\"text\" ><h1>Joan Riera<\/h1>\n<h2>Fundador i CEO de Active Development<\/h2>\n<\/div><\/section>\n<div class=\"flex_column av_one_full  flex_column_div av-zero-column-padding first  \" style='border-radius:0px; '><p><div style=' margin-top:30px; margin-bottom:30px;'  class='hr hr-custom hr-center hr-icon-yes  '><span class='hr-inner   inner-border-av-border-fat' style=' width:300px; border-color:#f18b21;' ><span class='hr-inner-style'><\/span><\/span><span class='av-seperator-icon' style='color:#f18b21;' aria-hidden='true' data-av_icon='\ue89a' data-av_iconfont='entypo-fontello'><\/span><span class='hr-inner   inner-border-av-border-fat' style=' width:300px; border-color:#f18b21;' ><span class='hr-inner-style'><\/span><\/span><\/div><br \/>\n<section class=\"av_textblock_section \"  itemscope=\"itemscope\" itemtype=\"https:\/\/schema.org\/CreativeWork\" ><div class='avia_textblock   av-small-font-size-overwrite av-small-font-size-14 av-mini-font-size-overwrite av-mini-font-size-15'  style='font-size:16px; '  itemprop=\"text\" ><p>En Joan Riera \u00e9s assessor, professor, innovador, inversor, escriptor i ponent, conegut per la seva capacitat de connexi\u00f3 amb les persones, la seva intensa passi\u00f3 i la seva obsessi\u00f3 per trobar vies emprenedores per generar canvis positius en el m\u00f3n. En Joan t\u00e9 m\u00e9s de 20 anys d&#8217;\u00e8xit empresarial en el m\u00f3n corporatiu, aix\u00ed com en el d&#8217;emprenedor mitjan\u00e7ant la creaci\u00f3 de 8 empreses (la primera, amb 23 anys).<\/p>\n<p>En Joan ha tingut l&#8217;honor de participar en m\u00e9s de 400 projectes i ajudar a m\u00e9s de 50.000 executius de m\u00e9s de 60 pa\u00efsos a transformar i energitzar les seves vides i organitzacions. Per complir aquesta missi\u00f3 va crear Active Development el 2010, una firma boutique de consultoria que ofereix assessorament en la gesti\u00f3 del creixement, la innovaci\u00f3, l&#8217;emprenedoria corporativa i les vendes. Actualment pilota la companyia com a president i participa en projectes en el pla t\u00e0ctic.<\/p>\n<p>En Joan sempre s&#8217;ha caracteritzat pel seu entusiasme i passi\u00f3 pel m\u00f3n acad\u00e8mic, aix\u00ed com el comprom\u00eds en el desenvolupament i empoderament de l\u00edders. Durant m\u00e9s de 20 anys de la seva activitat docent es centra en l\u2019 Emprenedoria, la Innovaci\u00f3, l\u2019 Emprenedoria Corporativa, Lean Startup, Lideratge, Estrategia i Direcci\u00f3 General a ESADE Business School. Participa en programes de refer\u00e8ncia com MSC, MBA o EMBA, aix\u00ed com en programes insignia com &#8220;The Journey Transformation&#8221; en la col\u00b7laboraci\u00f3 amb Singularity University o programes a mesura per executius en companyies com Telef\u00f3nica, Boston Scientific, Puig, Grupo Planeta, Pfizer, Repsol, La Caixa, LIDL, Danone, Porsche, Novartis, BBVA, PricewaterhouseCoopers, Abbott, Solvay o Adif.<\/p>\n<p>A ESADE tamb\u00e9 va assumir diverses posicions executives en l&#8217;escola i com intraprenedor, va ser cofundador i primer Director General d&#8217; ESADE CREAPOLIS, un parc empresarial que accelera la innovaci\u00f3 de corporacions i startups, o cofundador d&#8217; ESADE BAN, una de les xarxes de business angels m\u00e9s prestigioses d&#8217;Europa.<\/p>\n<p>\u00c9s un autor prol\u00edfic que regularment participa en pon\u00e8ncies, aparicions en mitjans i publicacions. En Joan \u00e9s reconegut com a expert en Emprenedoria Corporativa per la seva metodologia de les 5 palanques que es plasma en el seu \u00faltim llibre <a href=\"http:\/\/activede.lemontelecom.com\/ca\/llibre-impulso-joan-riera\/\">IMPULSO<\/a>, oferint un sistema accessible i integral per instaurar l&#8217; intraprenement en les organitzacions.<\/p>\n<p>Preocupat per donar suport a les iniciatives amb impacte social, en Joan s&#8217;enorgulleix d&#8217;haver dissenyat i executat diversos programes, no solament per governs i institucions, sin\u00f3 tamb\u00e9 per fundacions i ONG, com un programa per emprenedors d&#8217;altes capacitats o una acceleradora per emprenedors discapacitats.<\/p>\n<\/div><\/section><\/p><\/div>\n","protected":false},"excerpt":{"rendered":"","protected":false},"author":6,"featured_media":0,"parent":0,"menu_order":0,"comment_status":"closed","ping_status":"closed","template":"","meta":{"_acf_changed":false,"footnotes":""},"acf":[],"yoast_head":"<!-- This site is optimized with the Yoast SEO plugin v18.0 - https:\/\/yoast.com\/wordpress\/plugins\/seo\/ -->\n<title>Joan Riera, consultor, emprendedor i ponent - Active Development<\/title>\n<meta name=\"description\" content=\"Coneix a Joan Riera, fundador de AD i professor d&#039;ESADE, ponent i consultor expert en innovaci\u00f3, emprenedoria, intraprenedoria i vendes.\" \/>\n<meta name=\"robots\" content=\"index, follow, max-snippet:-1, max-image-preview:large, max-video-preview:-1\" \/>\n<link rel=\"canonical\" href=\"https:\/\/www.activede.com\/ca\/joan-riera\/\" \/>\n<meta property=\"og:locale\" content=\"ca_ES\" \/>\n<meta property=\"og:type\" content=\"article\" \/>\n<meta property=\"og:title\" content=\"Joan Riera, consultor, emprendedor i ponent - Active Development\" \/>\n<meta property=\"og:description\" content=\"Coneix a Joan Riera, fundador de AD i professor d&#039;ESADE, ponent i consultor expert en innovaci\u00f3, emprenedoria, intraprenedoria i vendes.\" \/>\n<meta property=\"og:url\" content=\"https:\/\/www.activede.com\/ca\/joan-riera\/\" \/>\n<meta property=\"og:site_name\" content=\"Active Development\" \/>\n<meta property=\"article:publisher\" content=\"https:\/\/www.facebook.com\/Active.Development\" \/>\n<meta property=\"article:modified_time\" content=\"2019-06-10T15:40:14+00:00\" \/>\n<meta name=\"twitter:card\" content=\"summary_large_image\" \/>\n<meta name=\"twitter:site\" content=\"@ActiveDe\" \/>\n<meta name=\"twitter:label1\" content=\"Temps estimat de lectura\" \/>\n\t<meta name=\"twitter:data1\" content=\"4 minuts\" \/>\n<script type=\"application\/ld+json\" class=\"yoast-schema-graph\">{\"@context\":\"https:\/\/schema.org\",\"@graph\":[{\"@type\":\"Organization\",\"@id\":\"https:\/\/www.activede.com\/ca\/#organization\",\"name\":\"ACTIVE DEVELOPMENT\",\"url\":\"https:\/\/www.activede.com\/ca\/\",\"sameAs\":[\"https:\/\/www.facebook.com\/Active.Development\",\"https:\/\/www.linkedin.com\/company\/999561?trk=tyah&amp;amp;trkInfo=tarId:1419004716750,tas:active development,idx:2-1-3\",\"http:\/\/www.youtube.com\/user\/ActiveDevelopment\",\"https:\/\/twitter.com\/ActiveDe\"],\"logo\":{\"@type\":\"ImageObject\",\"@id\":\"https:\/\/www.activede.com\/ca\/#logo\",\"inLanguage\":\"ca\",\"url\":\"https:\/\/www.activede.com\/wp-content\/uploads\/2018\/10\/logoAD-min.png\",\"contentUrl\":\"https:\/\/www.activede.com\/wp-content\/uploads\/2018\/10\/logoAD-min.png\",\"width\":225,\"height\":51,\"caption\":\"ACTIVE DEVELOPMENT\"},\"image\":{\"@id\":\"https:\/\/www.activede.com\/ca\/#logo\"}},{\"@type\":\"WebSite\",\"@id\":\"https:\/\/www.activede.com\/ca\/#website\",\"url\":\"https:\/\/www.activede.com\/ca\/\",\"name\":\"Active Development\",\"description\":\"\",\"publisher\":{\"@id\":\"https:\/\/www.activede.com\/ca\/#organization\"},\"potentialAction\":[{\"@type\":\"SearchAction\",\"target\":{\"@type\":\"EntryPoint\",\"urlTemplate\":\"https:\/\/www.activede.com\/ca\/?s={search_term_string}\"},\"query-input\":\"required name=search_term_string\"}],\"inLanguage\":\"ca\"},{\"@type\":\"WebPage\",\"@id\":\"https:\/\/www.activede.com\/ca\/joan-riera\/#webpage\",\"url\":\"https:\/\/www.activede.com\/ca\/joan-riera\/\",\"name\":\"Joan Riera, consultor, emprendedor i ponent - Active Development\",\"isPartOf\":{\"@id\":\"https:\/\/www.activede.com\/ca\/#website\"},\"datePublished\":\"2018-11-15T04:53:46+00:00\",\"dateModified\":\"2019-06-10T15:40:14+00:00\",\"description\":\"Coneix a Joan Riera, fundador de AD i professor d'ESADE, ponent i consultor expert en innovaci\u00f3, emprenedoria, intraprenedoria i vendes.\",\"breadcrumb\":{\"@id\":\"https:\/\/www.activede.com\/ca\/joan-riera\/#breadcrumb\"},\"inLanguage\":\"ca\",\"potentialAction\":[{\"@type\":\"ReadAction\",\"target\":[\"https:\/\/www.activede.com\/ca\/joan-riera\/\"]}]},{\"@type\":\"BreadcrumbList\",\"@id\":\"https:\/\/www.activede.com\/ca\/joan-riera\/#breadcrumb\",\"itemListElement\":[{\"@type\":\"ListItem\",\"position\":1,\"name\":\"Home\",\"item\":\"https:\/\/www.activede.com\/ca\/\"},{\"@type\":\"ListItem\",\"position\":2,\"name\":\"Joan Riera\"}]}]}<\/script>\n<!-- \/ Yoast SEO plugin. -->","yoast_head_json":{"title":"Joan Riera, consultor, emprendedor i ponent - Active Development","description":"Coneix a Joan Riera, fundador de AD i professor d'ESADE, ponent i consultor expert en innovaci\u00f3, emprenedoria, intraprenedoria i vendes.","robots":{"index":"index","follow":"follow","max-snippet":"max-snippet:-1","max-image-preview":"max-image-preview:large","max-video-preview":"max-video-preview:-1"},"canonical":"https:\/\/www.activede.com\/ca\/joan-riera\/","og_locale":"ca_ES","og_type":"article","og_title":"Joan Riera, consultor, emprendedor i ponent - Active Development","og_description":"Coneix a Joan Riera, fundador de AD i professor d'ESADE, ponent i consultor expert en innovaci\u00f3, emprenedoria, intraprenedoria i vendes.","og_url":"https:\/\/www.activede.com\/ca\/joan-riera\/","og_site_name":"Active Development","article_publisher":"https:\/\/www.facebook.com\/Active.Development","article_modified_time":"2019-06-10T15:40:14+00:00","twitter_card":"summary_large_image","twitter_site":"@ActiveDe","twitter_misc":{"Temps estimat de lectura":"4 minuts"},"schema":{"@context":"https:\/\/schema.org","@graph":[{"@type":"Organization","@id":"https:\/\/www.activede.com\/ca\/#organization","name":"ACTIVE DEVELOPMENT","url":"https:\/\/www.activede.com\/ca\/","sameAs":["https:\/\/www.facebook.com\/Active.Development","https:\/\/www.linkedin.com\/company\/999561?trk=tyah&amp;amp;trkInfo=tarId:1419004716750,tas:active development,idx:2-1-3","http:\/\/www.youtube.com\/user\/ActiveDevelopment","https:\/\/twitter.com\/ActiveDe"],"logo":{"@type":"ImageObject","@id":"https:\/\/www.activede.com\/ca\/#logo","inLanguage":"ca","url":"https:\/\/www.activede.com\/wp-content\/uploads\/2018\/10\/logoAD-min.png","contentUrl":"https:\/\/www.activede.com\/wp-content\/uploads\/2018\/10\/logoAD-min.png","width":225,"height":51,"caption":"ACTIVE DEVELOPMENT"},"image":{"@id":"https:\/\/www.activede.com\/ca\/#logo"}},{"@type":"WebSite","@id":"https:\/\/www.activede.com\/ca\/#website","url":"https:\/\/www.activede.com\/ca\/","name":"Active Development","description":"","publisher":{"@id":"https:\/\/www.activede.com\/ca\/#organization"},"potentialAction":[{"@type":"SearchAction","target":{"@type":"EntryPoint","urlTemplate":"https:\/\/www.activede.com\/ca\/?s={search_term_string}"},"query-input":"required name=search_term_string"}],"inLanguage":"ca"},{"@type":"WebPage","@id":"https:\/\/www.activede.com\/ca\/joan-riera\/#webpage","url":"https:\/\/www.activede.com\/ca\/joan-riera\/","name":"Joan Riera, consultor, emprendedor i ponent - Active Development","isPartOf":{"@id":"https:\/\/www.activede.com\/ca\/#website"},"datePublished":"2018-11-15T04:53:46+00:00","dateModified":"2019-06-10T15:40:14+00:00","description":"Coneix a Joan Riera, fundador de AD i professor d'ESADE, ponent i consultor expert en innovaci\u00f3, emprenedoria, intraprenedoria i vendes.","breadcrumb":{"@id":"https:\/\/www.activede.com\/ca\/joan-riera\/#breadcrumb"},"inLanguage":"ca","potentialAction":[{"@type":"ReadAction","target":["https:\/\/www.activede.com\/ca\/joan-riera\/"]}]},{"@type":"BreadcrumbList","@id":"https:\/\/www.activede.com\/ca\/joan-riera\/#breadcrumb","itemListElement":[{"@type":"ListItem","position":1,"name":"Home","item":"https:\/\/www.activede.com\/ca\/"},{"@type":"ListItem","position":2,"name":"Joan Riera"}]}]}},"_links":{"self":[{"href":"https:\/\/www.activede.com\/ca\/wp-json\/wp\/v2\/pages\/8522"}],"collection":[{"href":"https:\/\/www.activede.com\/ca\/wp-json\/wp\/v2\/pages"}],"about":[{"href":"https:\/\/www.activede.com\/ca\/wp-json\/wp\/v2\/types\/page"}],"author":[{"embeddable":true,"href":"https:\/\/www.activede.com\/ca\/wp-json\/wp\/v2\/users\/6"}],"replies":[{"embeddable":true,"href":"https:\/\/www.activede.com\/ca\/wp-json\/wp\/v2\/comments?post=8522"}],"version-history":[{"count":8,"href":"https:\/\/www.activede.com\/ca\/wp-json\/wp\/v2\/pages\/8522\/revisions"}],"predecessor-version":[{"id":16698,"href":"https:\/\/www.activede.com\/ca\/wp-json\/wp\/v2\/pages\/8522\/revisions\/16698"}],"wp:attachment":[{"href":"https:\/\/www.activede.com\/ca\/wp-json\/wp\/v2\/media?parent=8522"}],"curies":[{"name":"wp","href":"https:\/\/api.w.org\/{rel}","templated":true}]}}