{"id":8216,"date":"2018-11-03T04:26:29","date_gmt":"2018-11-03T04:26:29","guid":{"rendered":"http:\/\/activede.lemontelecom.com\/contacte\/trabaja-con-nosotros\/"},"modified":"2019-04-22T17:01:24","modified_gmt":"2019-04-22T17:01:24","slug":"treballa-amb-nosaltres","status":"publish","type":"page","link":"https:\/\/www.activede.com\/ca\/contacte\/treballa-amb-nosaltres\/","title":{"rendered":"Treballa amb nosaltres"},"content":{"rendered":"<div class=\"flex_column av_one_full  flex_column_div av-zero-column-padding first  \" style='border-radius:0px; '><section class=\"av_textblock_section \"  itemscope=\"itemscope\" itemtype=\"https:\/\/schema.org\/CreativeWork\" ><div class='avia_textblock   av-medium-font-size-overwrite av-medium-font-size-15 av-small-font-size-overwrite av-small-font-size-14 av-mini-font-size-overwrite av-mini-font-size-14'  style='font-size:16px; '  itemprop=\"text\" ><h2>A la recerca dels millors<\/h2>\n<p>Busquem gent que tingui alguna cosa a aportar, amb iniciativa, inquieta i proactiva, encara que puguin dedicar-se a temps parcial o col\u00b7laborar puntualment. Si ens pot superar en alguna cosa, molt millor. Perqu\u00e8 al final el secret \u00e9s l\u2019equip, i rodejar-nos dels millors ha demostrat ser la clau del nostre \u00e8xit al llarg del temps.<\/p>\n<p>Premiem l\u2019actitud i l\u2019entusiasme, que no es compren amb diners. El nostre equip busca l\u2019excel\u00b7l\u00e8ncia, no les hores f\u00edsiques, perqu\u00e8 el nostre esperit \u00e9s guanyador. El nostre afany de servei s\u2019anteposa a tot, \u00e9s el que ens permet superar les expectatives dels nostres clients. Ens encanta l\u2019acci\u00f3 i el dinamisme, en el nostre h\u00e0bitat sempre \u00e9s millor demanar perd\u00f3 que perm\u00eds. El conformisme i la timidesa no s\u00f3n benvinguts, nosaltres parlem clar, som directes i confiem plenament en les nostres capacitats.<\/p>\n<p>Ens esforcem per fer d\u2019Active Development el millor lloc per treballar del m\u00f3n, per\u00f2 \u00e9s important que comparteixis la nostra filosofia i valors. Si creus que la nostra cultura encaixa amb tu, tens les portes obertes. No et podem garantir res, per\u00f2 haur\u00e0s fet un gran pas endavant per explorar noves oportunitats.<\/p>\n<\/div><\/section><br \/>\n<div  class='hr hr-default  '><span class='hr-inner ' ><span class='hr-inner-style'><\/span><\/span><\/div><\/p><\/div><section class=\"avia_codeblock_section  avia_code_block_0\"  itemscope=\"itemscope\" itemtype=\"https:\/\/schema.org\/CreativeWork\" ><div class='avia_codeblock '  itemprop=\"text\" > [avia_codeblock_placeholder uid=\"0\"] <\/div><\/section><\/p>\n","protected":false},"excerpt":{"rendered":"","protected":false},"author":6,"featured_media":0,"parent":7799,"menu_order":0,"comment_status":"closed","ping_status":"closed","template":"","meta":{"_acf_changed":false,"footnotes":""},"acf":[],"yoast_head":"<!-- This site is optimized with the Yoast SEO plugin v18.0 - https:\/\/yoast.com\/wordpress\/plugins\/seo\/ -->\n<title>Treballa com a consulotr, coneix la nostra oferta - Active Development<\/title>\n<meta name=\"description\" content=\"Treballa en la consultoria del futur. Tenim una oferta amb un lloc per a tu, un consultor d&#039;empresa amb perfil inquiet, din\u00e0mic i obert a aprendre.\" \/>\n<meta name=\"robots\" content=\"index, follow, max-snippet:-1, max-image-preview:large, max-video-preview:-1\" \/>\n<link rel=\"canonical\" href=\"https:\/\/www.activede.com\/ca\/contacte\/treballa-amb-nosaltres\/\" \/>\n<meta property=\"og:locale\" content=\"ca_ES\" \/>\n<meta property=\"og:type\" content=\"article\" \/>\n<meta property=\"og:title\" content=\"Treballa com a consulotr, coneix la nostra oferta - Active Development\" \/>\n<meta property=\"og:description\" content=\"Treballa en la consultoria del futur. Tenim una oferta amb un lloc per a tu, un consultor d&#039;empresa amb perfil inquiet, din\u00e0mic i obert a aprendre.\" \/>\n<meta property=\"og:url\" content=\"https:\/\/www.activede.com\/ca\/contacte\/treballa-amb-nosaltres\/\" \/>\n<meta property=\"og:site_name\" content=\"Active Development\" \/>\n<meta property=\"article:publisher\" content=\"https:\/\/www.facebook.com\/Active.Development\" \/>\n<meta property=\"article:modified_time\" content=\"2019-04-22T17:01:24+00:00\" \/>\n<meta name=\"twitter:card\" content=\"summary_large_image\" \/>\n<meta name=\"twitter:site\" content=\"@ActiveDe\" \/>\n<meta name=\"twitter:label1\" content=\"Temps estimat de lectura\" \/>\n\t<meta name=\"twitter:data1\" content=\"2 minuts\" \/>\n<script type=\"application\/ld+json\" class=\"yoast-schema-graph\">{\"@context\":\"https:\/\/schema.org\",\"@graph\":[{\"@type\":\"Organization\",\"@id\":\"https:\/\/www.activede.com\/ca\/#organization\",\"name\":\"ACTIVE DEVELOPMENT\",\"url\":\"https:\/\/www.activede.com\/ca\/\",\"sameAs\":[\"https:\/\/www.facebook.com\/Active.Development\",\"https:\/\/www.linkedin.com\/company\/999561?trk=tyah&amp;amp;trkInfo=tarId:1419004716750,tas:active development,idx:2-1-3\",\"http:\/\/www.youtube.com\/user\/ActiveDevelopment\",\"https:\/\/twitter.com\/ActiveDe\"],\"logo\":{\"@type\":\"ImageObject\",\"@id\":\"https:\/\/www.activede.com\/ca\/#logo\",\"inLanguage\":\"ca\",\"url\":\"https:\/\/www.activede.com\/wp-content\/uploads\/2018\/10\/logoAD-min.png\",\"contentUrl\":\"https:\/\/www.activede.com\/wp-content\/uploads\/2018\/10\/logoAD-min.png\",\"width\":225,\"height\":51,\"caption\":\"ACTIVE DEVELOPMENT\"},\"image\":{\"@id\":\"https:\/\/www.activede.com\/ca\/#logo\"}},{\"@type\":\"WebSite\",\"@id\":\"https:\/\/www.activede.com\/ca\/#website\",\"url\":\"https:\/\/www.activede.com\/ca\/\",\"name\":\"Active Development\",\"description\":\"\",\"publisher\":{\"@id\":\"https:\/\/www.activede.com\/ca\/#organization\"},\"potentialAction\":[{\"@type\":\"SearchAction\",\"target\":{\"@type\":\"EntryPoint\",\"urlTemplate\":\"https:\/\/www.activede.com\/ca\/?s={search_term_string}\"},\"query-input\":\"required name=search_term_string\"}],\"inLanguage\":\"ca\"},{\"@type\":\"WebPage\",\"@id\":\"https:\/\/www.activede.com\/ca\/contacte\/treballa-amb-nosaltres\/#webpage\",\"url\":\"https:\/\/www.activede.com\/ca\/contacte\/treballa-amb-nosaltres\/\",\"name\":\"Treballa com a consulotr, coneix la nostra oferta - Active Development\",\"isPartOf\":{\"@id\":\"https:\/\/www.activede.com\/ca\/#website\"},\"datePublished\":\"2018-11-03T04:26:29+00:00\",\"dateModified\":\"2019-04-22T17:01:24+00:00\",\"description\":\"Treballa en la consultoria del futur. Tenim una oferta amb un lloc per a tu, un consultor d'empresa amb perfil inquiet, din\u00e0mic i obert a aprendre.\",\"breadcrumb\":{\"@id\":\"https:\/\/www.activede.com\/ca\/contacte\/treballa-amb-nosaltres\/#breadcrumb\"},\"inLanguage\":\"ca\",\"potentialAction\":[{\"@type\":\"ReadAction\",\"target\":[\"https:\/\/www.activede.com\/ca\/contacte\/treballa-amb-nosaltres\/\"]}]},{\"@type\":\"BreadcrumbList\",\"@id\":\"https:\/\/www.activede.com\/ca\/contacte\/treballa-amb-nosaltres\/#breadcrumb\",\"itemListElement\":[{\"@type\":\"ListItem\",\"position\":1,\"name\":\"Home\",\"item\":\"https:\/\/www.activede.com\/ca\/\"},{\"@type\":\"ListItem\",\"position\":2,\"name\":\"Contacte\",\"item\":\"https:\/\/www.activede.com\/ca\/contacte\/\"},{\"@type\":\"ListItem\",\"position\":3,\"name\":\"Treballa amb nosaltres\"}]}]}<\/script>\n<!-- \/ Yoast SEO plugin. -->","yoast_head_json":{"title":"Treballa com a consulotr, coneix la nostra oferta - Active Development","description":"Treballa en la consultoria del futur. Tenim una oferta amb un lloc per a tu, un consultor d'empresa amb perfil inquiet, din\u00e0mic i obert a aprendre.","robots":{"index":"index","follow":"follow","max-snippet":"max-snippet:-1","max-image-preview":"max-image-preview:large","max-video-preview":"max-video-preview:-1"},"canonical":"https:\/\/www.activede.com\/ca\/contacte\/treballa-amb-nosaltres\/","og_locale":"ca_ES","og_type":"article","og_title":"Treballa com a consulotr, coneix la nostra oferta - Active Development","og_description":"Treballa en la consultoria del futur. Tenim una oferta amb un lloc per a tu, un consultor d'empresa amb perfil inquiet, din\u00e0mic i obert a aprendre.","og_url":"https:\/\/www.activede.com\/ca\/contacte\/treballa-amb-nosaltres\/","og_site_name":"Active Development","article_publisher":"https:\/\/www.facebook.com\/Active.Development","article_modified_time":"2019-04-22T17:01:24+00:00","twitter_card":"summary_large_image","twitter_site":"@ActiveDe","twitter_misc":{"Temps estimat de lectura":"2 minuts"},"schema":{"@context":"https:\/\/schema.org","@graph":[{"@type":"Organization","@id":"https:\/\/www.activede.com\/ca\/#organization","name":"ACTIVE DEVELOPMENT","url":"https:\/\/www.activede.com\/ca\/","sameAs":["https:\/\/www.facebook.com\/Active.Development","https:\/\/www.linkedin.com\/company\/999561?trk=tyah&amp;amp;trkInfo=tarId:1419004716750,tas:active development,idx:2-1-3","http:\/\/www.youtube.com\/user\/ActiveDevelopment","https:\/\/twitter.com\/ActiveDe"],"logo":{"@type":"ImageObject","@id":"https:\/\/www.activede.com\/ca\/#logo","inLanguage":"ca","url":"https:\/\/www.activede.com\/wp-content\/uploads\/2018\/10\/logoAD-min.png","contentUrl":"https:\/\/www.activede.com\/wp-content\/uploads\/2018\/10\/logoAD-min.png","width":225,"height":51,"caption":"ACTIVE DEVELOPMENT"},"image":{"@id":"https:\/\/www.activede.com\/ca\/#logo"}},{"@type":"WebSite","@id":"https:\/\/www.activede.com\/ca\/#website","url":"https:\/\/www.activede.com\/ca\/","name":"Active Development","description":"","publisher":{"@id":"https:\/\/www.activede.com\/ca\/#organization"},"potentialAction":[{"@type":"SearchAction","target":{"@type":"EntryPoint","urlTemplate":"https:\/\/www.activede.com\/ca\/?s={search_term_string}"},"query-input":"required name=search_term_string"}],"inLanguage":"ca"},{"@type":"WebPage","@id":"https:\/\/www.activede.com\/ca\/contacte\/treballa-amb-nosaltres\/#webpage","url":"https:\/\/www.activede.com\/ca\/contacte\/treballa-amb-nosaltres\/","name":"Treballa com a consulotr, coneix la nostra oferta - Active Development","isPartOf":{"@id":"https:\/\/www.activede.com\/ca\/#website"},"datePublished":"2018-11-03T04:26:29+00:00","dateModified":"2019-04-22T17:01:24+00:00","description":"Treballa en la consultoria del futur. Tenim una oferta amb un lloc per a tu, un consultor d'empresa amb perfil inquiet, din\u00e0mic i obert a aprendre.","breadcrumb":{"@id":"https:\/\/www.activede.com\/ca\/contacte\/treballa-amb-nosaltres\/#breadcrumb"},"inLanguage":"ca","potentialAction":[{"@type":"ReadAction","target":["https:\/\/www.activede.com\/ca\/contacte\/treballa-amb-nosaltres\/"]}]},{"@type":"BreadcrumbList","@id":"https:\/\/www.activede.com\/ca\/contacte\/treballa-amb-nosaltres\/#breadcrumb","itemListElement":[{"@type":"ListItem","position":1,"name":"Home","item":"https:\/\/www.activede.com\/ca\/"},{"@type":"ListItem","position":2,"name":"Contacte","item":"https:\/\/www.activede.com\/ca\/contacte\/"},{"@type":"ListItem","position":3,"name":"Treballa amb nosaltres"}]}]}},"_links":{"self":[{"href":"https:\/\/www.activede.com\/ca\/wp-json\/wp\/v2\/pages\/8216"}],"collection":[{"href":"https:\/\/www.activede.com\/ca\/wp-json\/wp\/v2\/pages"}],"about":[{"href":"https:\/\/www.activede.com\/ca\/wp-json\/wp\/v2\/types\/page"}],"author":[{"embeddable":true,"href":"https:\/\/www.activede.com\/ca\/wp-json\/wp\/v2\/users\/6"}],"replies":[{"embeddable":true,"href":"https:\/\/www.activede.com\/ca\/wp-json\/wp\/v2\/comments?post=8216"}],"version-history":[{"count":2,"href":"https:\/\/www.activede.com\/ca\/wp-json\/wp\/v2\/pages\/8216\/revisions"}],"predecessor-version":[{"id":11760,"href":"https:\/\/www.activede.com\/ca\/wp-json\/wp\/v2\/pages\/8216\/revisions\/11760"}],"up":[{"embeddable":true,"href":"https:\/\/www.activede.com\/ca\/wp-json\/wp\/v2\/pages\/7799"}],"wp:attachment":[{"href":"https:\/\/www.activede.com\/ca\/wp-json\/wp\/v2\/media?parent=8216"}],"curies":[{"name":"wp","href":"https:\/\/api.w.org\/{rel}","templated":true}]}}