{"id":8034,"date":"2018-10-22T06:57:09","date_gmt":"2018-10-22T06:57:09","guid":{"rendered":"http:\/\/activede.lemontelecom.com\/avaluacio-ada\/"},"modified":"2019-05-13T18:15:31","modified_gmt":"2019-05-13T18:15:31","slug":"avaluacio-ada","status":"publish","type":"page","link":"https:\/\/www.activede.com\/ca\/avaluacio-ada\/","title":{"rendered":"Avaluaci\u00f3 ADA"},"content":{"rendered":"<section class=\"av_textblock_section \"  itemscope=\"itemscope\" itemtype=\"https:\/\/schema.org\/CreativeWork\" ><div class='avia_textblock  '   itemprop=\"text\" ><h1>Avaluaci\u00f3 ADA<\/h1>\n<h2 class=\"av-special-heading-tag av-medium-font-size-overwrite av-medium-font-size-22 av-small-font-size-overwrite av-small-font-size-20 av-mini-font-size-overwrite av-mini-font-size-18\">Coneix-te a tu mateix<\/h2>\n<\/div><\/section>\n<\/div><\/div><\/div><!-- close content main div --><\/div><\/div><div id='av_section_1' class='avia-section main_color avia-section-default avia-no-border-styling avia-bg-style-scroll   container_wrap sidebar_right' style = 'background-color: #fcfcfc; background-image: '  ><div class='container' ><div class='template-page content  av-content-small alpha units'><div class='post-entry post-entry-type-page post-entry-8034'><div class='entry-content-wrapper clearfix'>\n<div class=\"flex_column av_one_full  flex_column_div av-zero-column-padding first  \" style='border-radius:0px; '><section class=\"av_textblock_section \"  itemscope=\"itemscope\" itemtype=\"https:\/\/schema.org\/CreativeWork\" ><div class='avia_textblock  '  style='font-size:14px; '  itemprop=\"text\" ><p style=\"text-align: center;\"><strong>VOLS CON\u00c8IXER EL CAR\u00c0CTER COMERCIAL DELS TEUS EQUIPS?<\/strong><\/p>\n<p style=\"text-align: center;\"><strong>VOLS CREAR EQUIPS COMPATIBLES D\u2019ALT RENDIMENT?<\/strong><\/p>\n<p style=\"text-align: center;\"><strong>VOLS EVALUAR SI ELS TEUS EMPLEATS SON INNOVADORS?<\/strong><\/p>\n<\/div><\/section><\/div>\n<\/div><\/div><\/div><!-- close content main div --><\/div><\/div><div id='after_section_1' class='main_color av_default_container_wrap container_wrap sidebar_right'   ><div class='container' ><div class='template-page content  av-content-small alpha units'><div class='post-entry post-entry-type-page post-entry-8034'><div class='entry-content-wrapper clearfix'>\n<div class=\"flex_column av_one_full  flex_column_div av-zero-column-padding first  \" style='border-radius:0px; '><section class=\"av_textblock_section \"  itemscope=\"itemscope\" itemtype=\"https:\/\/schema.org\/CreativeWork\" ><div class='avia_textblock   av-medium-font-size-overwrite av-medium-font-size-16 av-small-font-size-overwrite av-small-font-size-15 av-mini-font-size-overwrite av-mini-font-size-14'  style='font-size:14px; '  itemprop=\"text\" ><p>Active Development ha desenvolupat la seva pr\u00f2pia metodologia\u00a0<strong>ADA<\/strong>, de forma aut\u00f2noma i integrada en els nostres serveis de <a href=\"http:\/\/www.activede.com\/ca\/consultoria\/\">CONSULTORIA<\/a>, <a href=\"http:\/\/www.activede.com\/ca\/tallers\/\">TALLERS<\/a> D\u2019ENTRENAMENT o <a href=\"http:\/\/www.activede.com\/ca\/coaching\/\">COACHING<\/a>.<\/p>\n<p>L\u2019 ADA \u00e9s una avaluaci\u00f3 individual que descriu i analitza el Perfil Conductual de les persones que t\u00e9 per objectiu desenvolupar el talent, treballar les \u00e0rees de millora i augmentar la compatibilitat amb el c\u00e0rrec, el grup o l\u2019empresa.<\/p>\n<p>Es tracta d\u2019un exercici sorprenent, amb una durada de 20 minuts que es realitza a trav\u00e9s del nostre aplicatiu web, i que conclou en un informe complet en 5 eixos que potenciar\u00e0 el teu autoconeixement. Permet descobrir quin \u00e9s l\u2019estil de lideratge de la persona, la manera en que es prenen les decisions, la seva manera de relacionar-se amb els altres, l\u2019estil de persuasi\u00f3, la capacitat d\u2019an\u00e0lisis o l\u2019autocontrol emocional.<\/p>\n<p>Amb l\u2019aplicaci\u00f3 d\u2019aquesta eina i la informaci\u00f3 de valor que proporciona, els nostres clients ja han obtingut diversos avantatges:<\/p>\n<p>\u25cf Refor\u00e7ament dels equips, augmentant l\u2019efic\u00e0cia del seu l\u00edder i el rendiment grupal.<\/p>\n<p>\u25cf Una guia per diagnosticar les \u00e0rees de millora a trav\u00e9s dels itineraris de coaching.<\/p>\n<p>\u25cf Identificaci\u00f3 del talent latent que et permetr\u00e0 desenvolupar-lo y fidelitzar-lo.<\/p>\n<p>\u25cf Establiment d\u2019un mapa de compet\u00e8ncies individuals i grupals per nodrir els plans de formaci\u00f3 i desenvolupament intern.<\/p>\n<p>\u25cf En l\u2019\u00e0mbit comercial, avaluem i mesurem la capacitat de la for\u00e7a de vendes, per millorar la compatibilitat i la din\u00e0mica dels equips, potenciant les seves habilitats en l\u2019\u00e0rea m\u00e9s cr\u00edtica de la seva empresa.<\/p>\n<p>\u25cf Generaci\u00f3 d\u2019una comunicaci\u00f3 m\u00e9s transparent i efica\u00e7, refor\u00e7ant els vincles entre els membres de l\u2019equip.<\/p>\n<p>\u25cf Definici\u00f3 dels requeriments conductuals per assegurar l\u2019encaix de la persona al lloc de treball, ja sigui per a processos de selecci\u00f3 o promoci\u00f3, gr\u00e0cies a la definici\u00f3 dels requeriments conductuals.<\/p>\n<p>L\u2019ADA, es basa en una metodologia simple, precisa i cient\u00edficament avalada amb m\u00e9s de 50 anys d\u2019investigaci\u00f3. Est\u00e0 recolzada per diverses teories i estudis estad\u00edstics i est\u00e0 avalada cient\u00edficament amb el 90% de confian\u00e7a, t\u00e9 el Certificat de Validesa internacional per l\u2019 \u201cAmerican Institute of Business Psichology (AIOBP), el certificat ISO9001 i compleix els requeriments EEOC.<\/p>\n<p>El nostre equip est\u00e0 certificat de manera oficial per oferir informaci\u00f3 profunda, espec\u00edfica i amb interpretacions s\u00f2lides que serveixen com a base per a les seves decisions clau com tamb\u00e9 en el feedback sobre les puntuacions individuals. Estarem encantats de realitzar una demostraci\u00f3 o profunditzar en la pot\u00e8ncia de la nostra metodologia.<\/p>\n<p>Aquests s\u00f3n els avantatges de la nostra metodologia ADA vs DISC i vs BTI:<\/p>\n<\/div><\/section><\/div><div style='height:50px' class='hr hr-invisible  '><span class='hr-inner ' ><span class='hr-inner-style'><\/span><\/span><\/div><\/p>\n<div class=\"flex_column av_one_half  flex_column_div av-zero-column-padding first  \" style='border-radius:0px; '><section class=\"av_textblock_section \"  itemscope=\"itemscope\" itemtype=\"https:\/\/schema.org\/CreativeWork\" ><div class='avia_textblock  '   itemprop=\"text\" ><p><img fetchpriority=\"high\" decoding=\"async\" class=\"aligncenter size-full wp-image-11591\" src=\"http:\/\/www.activede.com\/wp-content\/uploads\/2019\/04\/ADA-vs-DISC-2.jpg\" alt=\"ADA-vs-DISC\" width=\"500\" height=\"1102\" srcset=\"https:\/\/www.activede.com\/wp-content\/uploads\/2019\/04\/ADA-vs-DISC-2.jpg 500w, https:\/\/www.activede.com\/wp-content\/uploads\/2019\/04\/ADA-vs-DISC-2-136x300.jpg 136w, https:\/\/www.activede.com\/wp-content\/uploads\/2019\/04\/ADA-vs-DISC-2-467x1030.jpg 467w, https:\/\/www.activede.com\/wp-content\/uploads\/2019\/04\/ADA-vs-DISC-2-320x705.jpg 320w, https:\/\/www.activede.com\/wp-content\/uploads\/2019\/04\/ADA-vs-DISC-2-450x992.jpg 450w\" sizes=\"(max-width: 500px) 100vw, 500px\" \/><\/p>\n<\/div><\/section><\/div>\n<div class=\"flex_column av_one_half  flex_column_div av-zero-column-padding   \" style='border-radius:0px; '><section class=\"av_textblock_section \"  itemscope=\"itemscope\" itemtype=\"https:\/\/schema.org\/CreativeWork\" ><div class='avia_textblock  '   itemprop=\"text\" ><p><img decoding=\"async\" class=\"aligncenter size-full wp-image-11594\" src=\"http:\/\/www.activede.com\/wp-content\/uploads\/2019\/04\/ADA-vs-MBTI22.jpg\" alt=\"ADA-vs-MBTI\" width=\"500\" height=\"1585\" srcset=\"https:\/\/www.activede.com\/wp-content\/uploads\/2019\/04\/ADA-vs-MBTI22.jpg 500w, https:\/\/www.activede.com\/wp-content\/uploads\/2019\/04\/ADA-vs-MBTI22-95x300.jpg 95w, https:\/\/www.activede.com\/wp-content\/uploads\/2019\/04\/ADA-vs-MBTI22-325x1030.jpg 325w, https:\/\/www.activede.com\/wp-content\/uploads\/2019\/04\/ADA-vs-MBTI22-473x1500.jpg 473w, https:\/\/www.activede.com\/wp-content\/uploads\/2019\/04\/ADA-vs-MBTI22-222x705.jpg 222w, https:\/\/www.activede.com\/wp-content\/uploads\/2019\/04\/ADA-vs-MBTI22-315x999.jpg 315w\" sizes=\"(max-width: 500px) 100vw, 500px\" \/><\/p>\n<\/div><\/section><\/div>\n<div style='height:50px' class='hr hr-invisible  '><span class='hr-inner ' ><span class='hr-inner-style'><\/span><\/span><\/div>\n<\/div><\/div><\/div><!-- close content main div --><\/div><\/div><div id='av_section_2' class='avia-section main_color avia-section-default avia-no-border-styling avia-bg-style-scroll   container_wrap sidebar_right' style = 'background-color: #3b3b3b; background-image: '  ><div class='container' ><div class='template-page content  av-content-small alpha units'><div class='post-entry post-entry-type-page post-entry-8034'><div class='entry-content-wrapper clearfix'>\n<div class='flex_column_table av-equal-height-column-flextable -flextable' ><div class=\"flex_column av_one_half  flex_column_table_cell av-equal-height-column av-align-middle first  \" style='background: #333333; padding:5%; background-color:#333333; border-radius:0px; '><p><div style='padding-bottom:10px; color:#ffffff;font-size:22px;' class='av-special-heading av-special-heading-h3 custom-color-heading blockquote modern-quote modern-centered  av-inherit-size '><h3 class='av-special-heading-tag  av-medium-font-size-overwrite av-medium-font-size-16 av-small-font-size-overwrite av-small-font-size-18 av-mini-font-size-overwrite av-mini-font-size-20'  itemprop=\"headline\"  >Experimenta avui el dem\u00e0<\/h3><div class ='av-subheading av-subheading_below av_custom_color  av-medium-font-size-overwrite av-medium-font-size-14 av-small-font-size-overwrite av-small-font-size-14 av-mini-font-size-overwrite av-mini-font-size-15' style='font-size:16px;'><p>Contacta ara per a un primer diagn\u00f2stic gratuit<\/p>\n<\/div><div class='special-heading-border'><div class='special-heading-inner-border' style='border-color:#ffffff'><\/div><\/div><\/div><br \/>\n<div class='avia-button-wrap avia-button-center '><a href='http:\/\/www.activede.com\/ca\/contacte\/consulta-avui\/'  class='avia-button   avia-icon_select-no avia-color-theme-color avia-size-medium avia-position-center '   ><span class='avia_iconbox_title' >CONTACTA ARA!<\/span><\/a><\/div><\/p><\/div><\/div><!--close column table wrapper. Autoclose: 1 --><div class='flex_column_table av-equal-height-column-flextable -flextable' ><div class='av-flex-placeholder'><\/div><div class=\"flex_column av_one_half  flex_column_table_cell av-equal-height-column av-align-middle   \" style='background: #333333; padding:5%; background-color:#333333; border-radius:0px; '><p><div style='padding-bottom:10px; color:#ffffff;font-size:22px;' class='av-special-heading av-special-heading-h3 custom-color-heading blockquote modern-quote modern-centered   av-inherit-size '><h3 class='av-special-heading-tag  av-medium-font-size-overwrite av-medium-font-size-16 av-small-font-size-overwrite av-small-font-size-18 av-mini-font-size-overwrite av-mini-font-size-20'  itemprop=\"headline\"  >Conoce Active Development<\/h3><div class ='av-subheading av-subheading_below av_custom_color  av-medium-font-size-overwrite av-medium-font-size-14 av-small-font-size-overwrite av-small-font-size-14 av-mini-font-size-overwrite av-mini-font-size-15' style='font-size:16px;'><p>Descubre c\u00f3mo te podemos ayudar<\/p>\n<\/div><div class='special-heading-border'><div class='special-heading-inner-border' style='border-color:#ffffff'><\/div><\/div><\/div><br \/>\n<div class='avia-button-wrap avia-button-center '><a href='https:\/\/www.youtube.com\/embed\/_NWnf7PXfGE?rel=0'  class='avia-button   avia-icon_select-no avia-color-theme-color avia-size-medium avia-position-center '   ><span class='avia_iconbox_title' >VER VIDEO!<\/span><\/a><\/div><\/p><\/div><\/div><!--close column table wrapper. Autoclose: 1 -->\n<\/div><\/div><\/div><!-- close content main div --><\/div><\/div><div id='after_section_2' class='main_color av_default_container_wrap container_wrap sidebar_right'   ><div class='container' ><div class='template-page content  av-content-small alpha units'><div class='post-entry post-entry-type-page post-entry-8034'><div class='entry-content-wrapper clearfix'>\n","protected":false},"excerpt":{"rendered":"","protected":false},"author":6,"featured_media":0,"parent":0,"menu_order":0,"comment_status":"closed","ping_status":"closed","template":"","meta":{"_acf_changed":false,"footnotes":""},"acf":[],"yoast_head":"<!-- This site is optimized with the Yoast SEO plugin v18.0 - https:\/\/yoast.com\/wordpress\/plugins\/seo\/ -->\n<title>Avaluaci\u00f3 i Test de comportament ADA - Active Development<\/title>\n<meta name=\"description\" content=\"El ADA \u00e9s una eina d&#039;acte-avaluaci\u00f3 individual que descriu i analitza el comportament natural i ajuda a desenvolupar el talent per compet\u00e8ncies.\" \/>\n<meta name=\"robots\" content=\"index, follow, max-snippet:-1, max-image-preview:large, max-video-preview:-1\" \/>\n<link rel=\"canonical\" href=\"https:\/\/www.activede.com\/ca\/avaluacio-ada\/\" \/>\n<meta property=\"og:locale\" content=\"ca_ES\" \/>\n<meta property=\"og:type\" content=\"article\" \/>\n<meta property=\"og:title\" content=\"Avaluaci\u00f3 i Test de comportament ADA - Active Development\" \/>\n<meta property=\"og:description\" content=\"El ADA \u00e9s una eina d&#039;acte-avaluaci\u00f3 individual que descriu i analitza el comportament natural i ajuda a desenvolupar el talent per compet\u00e8ncies.\" \/>\n<meta property=\"og:url\" content=\"https:\/\/www.activede.com\/ca\/avaluacio-ada\/\" \/>\n<meta property=\"og:site_name\" content=\"Active Development\" \/>\n<meta property=\"article:publisher\" content=\"https:\/\/www.facebook.com\/Active.Development\" \/>\n<meta property=\"article:modified_time\" content=\"2019-05-13T18:15:31+00:00\" \/>\n<meta property=\"og:image\" content=\"http:\/\/www.activede.com\/wp-content\/uploads\/2019\/04\/ADA-vs-DISC-2.jpg\" \/>\n<meta name=\"twitter:card\" content=\"summary_large_image\" \/>\n<meta name=\"twitter:site\" content=\"@ActiveDe\" \/>\n<meta name=\"twitter:label1\" content=\"Temps estimat de lectura\" \/>\n\t<meta name=\"twitter:data1\" content=\"8 minuts\" \/>\n<script type=\"application\/ld+json\" class=\"yoast-schema-graph\">{\"@context\":\"https:\/\/schema.org\",\"@graph\":[{\"@type\":\"Organization\",\"@id\":\"https:\/\/www.activede.com\/ca\/#organization\",\"name\":\"ACTIVE DEVELOPMENT\",\"url\":\"https:\/\/www.activede.com\/ca\/\",\"sameAs\":[\"https:\/\/www.facebook.com\/Active.Development\",\"https:\/\/www.linkedin.com\/company\/999561?trk=tyah&amp;amp;trkInfo=tarId:1419004716750,tas:active development,idx:2-1-3\",\"http:\/\/www.youtube.com\/user\/ActiveDevelopment\",\"https:\/\/twitter.com\/ActiveDe\"],\"logo\":{\"@type\":\"ImageObject\",\"@id\":\"https:\/\/www.activede.com\/ca\/#logo\",\"inLanguage\":\"ca\",\"url\":\"https:\/\/www.activede.com\/wp-content\/uploads\/2018\/10\/logoAD-min.png\",\"contentUrl\":\"https:\/\/www.activede.com\/wp-content\/uploads\/2018\/10\/logoAD-min.png\",\"width\":225,\"height\":51,\"caption\":\"ACTIVE DEVELOPMENT\"},\"image\":{\"@id\":\"https:\/\/www.activede.com\/ca\/#logo\"}},{\"@type\":\"WebSite\",\"@id\":\"https:\/\/www.activede.com\/ca\/#website\",\"url\":\"https:\/\/www.activede.com\/ca\/\",\"name\":\"Active Development\",\"description\":\"\",\"publisher\":{\"@id\":\"https:\/\/www.activede.com\/ca\/#organization\"},\"potentialAction\":[{\"@type\":\"SearchAction\",\"target\":{\"@type\":\"EntryPoint\",\"urlTemplate\":\"https:\/\/www.activede.com\/ca\/?s={search_term_string}\"},\"query-input\":\"required name=search_term_string\"}],\"inLanguage\":\"ca\"},{\"@type\":\"ImageObject\",\"@id\":\"https:\/\/www.activede.com\/ca\/avaluacio-ada\/#primaryimage\",\"inLanguage\":\"ca\",\"url\":\"http:\/\/www.activede.com\/wp-content\/uploads\/2019\/04\/ADA-vs-DISC-2.jpg\",\"contentUrl\":\"http:\/\/www.activede.com\/wp-content\/uploads\/2019\/04\/ADA-vs-DISC-2.jpg\"},{\"@type\":\"WebPage\",\"@id\":\"https:\/\/www.activede.com\/ca\/avaluacio-ada\/#webpage\",\"url\":\"https:\/\/www.activede.com\/ca\/avaluacio-ada\/\",\"name\":\"Avaluaci\u00f3 i Test de comportament ADA - Active Development\",\"isPartOf\":{\"@id\":\"https:\/\/www.activede.com\/ca\/#website\"},\"primaryImageOfPage\":{\"@id\":\"https:\/\/www.activede.com\/ca\/avaluacio-ada\/#primaryimage\"},\"datePublished\":\"2018-10-22T06:57:09+00:00\",\"dateModified\":\"2019-05-13T18:15:31+00:00\",\"description\":\"El ADA \u00e9s una eina d'acte-avaluaci\u00f3 individual que descriu i analitza el comportament natural i ajuda a desenvolupar el talent per compet\u00e8ncies.\",\"breadcrumb\":{\"@id\":\"https:\/\/www.activede.com\/ca\/avaluacio-ada\/#breadcrumb\"},\"inLanguage\":\"ca\",\"potentialAction\":[{\"@type\":\"ReadAction\",\"target\":[\"https:\/\/www.activede.com\/ca\/avaluacio-ada\/\"]}]},{\"@type\":\"BreadcrumbList\",\"@id\":\"https:\/\/www.activede.com\/ca\/avaluacio-ada\/#breadcrumb\",\"itemListElement\":[{\"@type\":\"ListItem\",\"position\":1,\"name\":\"Home\",\"item\":\"https:\/\/www.activede.com\/ca\/\"},{\"@type\":\"ListItem\",\"position\":2,\"name\":\"Avaluaci\u00f3 ADA\"}]}]}<\/script>\n<!-- \/ Yoast SEO plugin. -->","yoast_head_json":{"title":"Avaluaci\u00f3 i Test de comportament ADA - Active Development","description":"El ADA \u00e9s una eina d'acte-avaluaci\u00f3 individual que descriu i analitza el comportament natural i ajuda a desenvolupar el talent per compet\u00e8ncies.","robots":{"index":"index","follow":"follow","max-snippet":"max-snippet:-1","max-image-preview":"max-image-preview:large","max-video-preview":"max-video-preview:-1"},"canonical":"https:\/\/www.activede.com\/ca\/avaluacio-ada\/","og_locale":"ca_ES","og_type":"article","og_title":"Avaluaci\u00f3 i Test de comportament ADA - Active Development","og_description":"El ADA \u00e9s una eina d'acte-avaluaci\u00f3 individual que descriu i analitza el comportament natural i ajuda a desenvolupar el talent per compet\u00e8ncies.","og_url":"https:\/\/www.activede.com\/ca\/avaluacio-ada\/","og_site_name":"Active Development","article_publisher":"https:\/\/www.facebook.com\/Active.Development","article_modified_time":"2019-05-13T18:15:31+00:00","og_image":[{"url":"http:\/\/www.activede.com\/wp-content\/uploads\/2019\/04\/ADA-vs-DISC-2.jpg"}],"twitter_card":"summary_large_image","twitter_site":"@ActiveDe","twitter_misc":{"Temps estimat de lectura":"8 minuts"},"schema":{"@context":"https:\/\/schema.org","@graph":[{"@type":"Organization","@id":"https:\/\/www.activede.com\/ca\/#organization","name":"ACTIVE DEVELOPMENT","url":"https:\/\/www.activede.com\/ca\/","sameAs":["https:\/\/www.facebook.com\/Active.Development","https:\/\/www.linkedin.com\/company\/999561?trk=tyah&amp;amp;trkInfo=tarId:1419004716750,tas:active development,idx:2-1-3","http:\/\/www.youtube.com\/user\/ActiveDevelopment","https:\/\/twitter.com\/ActiveDe"],"logo":{"@type":"ImageObject","@id":"https:\/\/www.activede.com\/ca\/#logo","inLanguage":"ca","url":"https:\/\/www.activede.com\/wp-content\/uploads\/2018\/10\/logoAD-min.png","contentUrl":"https:\/\/www.activede.com\/wp-content\/uploads\/2018\/10\/logoAD-min.png","width":225,"height":51,"caption":"ACTIVE DEVELOPMENT"},"image":{"@id":"https:\/\/www.activede.com\/ca\/#logo"}},{"@type":"WebSite","@id":"https:\/\/www.activede.com\/ca\/#website","url":"https:\/\/www.activede.com\/ca\/","name":"Active Development","description":"","publisher":{"@id":"https:\/\/www.activede.com\/ca\/#organization"},"potentialAction":[{"@type":"SearchAction","target":{"@type":"EntryPoint","urlTemplate":"https:\/\/www.activede.com\/ca\/?s={search_term_string}"},"query-input":"required name=search_term_string"}],"inLanguage":"ca"},{"@type":"ImageObject","@id":"https:\/\/www.activede.com\/ca\/avaluacio-ada\/#primaryimage","inLanguage":"ca","url":"http:\/\/www.activede.com\/wp-content\/uploads\/2019\/04\/ADA-vs-DISC-2.jpg","contentUrl":"http:\/\/www.activede.com\/wp-content\/uploads\/2019\/04\/ADA-vs-DISC-2.jpg"},{"@type":"WebPage","@id":"https:\/\/www.activede.com\/ca\/avaluacio-ada\/#webpage","url":"https:\/\/www.activede.com\/ca\/avaluacio-ada\/","name":"Avaluaci\u00f3 i Test de comportament ADA - Active Development","isPartOf":{"@id":"https:\/\/www.activede.com\/ca\/#website"},"primaryImageOfPage":{"@id":"https:\/\/www.activede.com\/ca\/avaluacio-ada\/#primaryimage"},"datePublished":"2018-10-22T06:57:09+00:00","dateModified":"2019-05-13T18:15:31+00:00","description":"El ADA \u00e9s una eina d'acte-avaluaci\u00f3 individual que descriu i analitza el comportament natural i ajuda a desenvolupar el talent per compet\u00e8ncies.","breadcrumb":{"@id":"https:\/\/www.activede.com\/ca\/avaluacio-ada\/#breadcrumb"},"inLanguage":"ca","potentialAction":[{"@type":"ReadAction","target":["https:\/\/www.activede.com\/ca\/avaluacio-ada\/"]}]},{"@type":"BreadcrumbList","@id":"https:\/\/www.activede.com\/ca\/avaluacio-ada\/#breadcrumb","itemListElement":[{"@type":"ListItem","position":1,"name":"Home","item":"https:\/\/www.activede.com\/ca\/"},{"@type":"ListItem","position":2,"name":"Avaluaci\u00f3 ADA"}]}]}},"_links":{"self":[{"href":"https:\/\/www.activede.com\/ca\/wp-json\/wp\/v2\/pages\/8034"}],"collection":[{"href":"https:\/\/www.activede.com\/ca\/wp-json\/wp\/v2\/pages"}],"about":[{"href":"https:\/\/www.activede.com\/ca\/wp-json\/wp\/v2\/types\/page"}],"author":[{"embeddable":true,"href":"https:\/\/www.activede.com\/ca\/wp-json\/wp\/v2\/users\/6"}],"replies":[{"embeddable":true,"href":"https:\/\/www.activede.com\/ca\/wp-json\/wp\/v2\/comments?post=8034"}],"version-history":[{"count":8,"href":"https:\/\/www.activede.com\/ca\/wp-json\/wp\/v2\/pages\/8034\/revisions"}],"predecessor-version":[{"id":13159,"href":"https:\/\/www.activede.com\/ca\/wp-json\/wp\/v2\/pages\/8034\/revisions\/13159"}],"wp:attachment":[{"href":"https:\/\/www.activede.com\/ca\/wp-json\/wp\/v2\/media?parent=8034"}],"curies":[{"name":"wp","href":"https:\/\/api.w.org\/{rel}","templated":true}]}}