{"id":8030,"date":"2018-10-22T06:55:47","date_gmt":"2018-10-22T06:55:47","guid":{"rendered":"http:\/\/activede.lemontelecom.com\/descobriu-com-podem-ajudar-vos\/"},"modified":"2020-04-09T20:14:14","modified_gmt":"2020-04-09T20:14:14","slug":"coaching","status":"publish","type":"page","link":"https:\/\/www.activede.com\/ca\/coaching\/","title":{"rendered":"Coaching"},"content":{"rendered":"<section class=\"av_textblock_section \"  itemscope=\"itemscope\" itemtype=\"https:\/\/schema.org\/CreativeWork\" ><div class='avia_textblock  '   itemprop=\"text\" ><h1>Coaching<\/h1>\n<h2>El coaching que el teu equip necessita<\/h2>\n<\/div><\/section>\n<div class=\"flex_column av_one_full  flex_column_div av-zero-column-padding first  \" style='border-radius:0px; '><section class=\"av_textblock_section \"  itemscope=\"itemscope\" itemtype=\"https:\/\/schema.org\/CreativeWork\" ><div class='avia_textblock   av-medium-font-size-overwrite av-medium-font-size-16 av-small-font-size-overwrite av-small-font-size-15 av-mini-font-size-overwrite av-mini-font-size-14'  style='font-size:14px; '  itemprop=\"text\" ><p>El nostre coaching \u00e9s un acompanyament personal que\u00a0<strong>T\u2019AJUDA A EVOLUCIONAR EN L\u2019\u00c0MBIT PERSONAL I PROFESSIONAL<\/strong>\u00a0per tal d\u2019assolir nous resultats en el m\u00ednim temps possible. Pot ser un servei individual o grupal, compatibilitzant i potenciant compet\u00e8ncies per a obtenir sinergies i alts rendiments en equip.<\/p>\n<p>Per a identificar les claus del teu \u00e8xit en el futur, fem servir la nostra eina d\u2019 <a href=\"http:\/\/www.activede.com\/ca\/avaluacio-ada\/\">AVALUACI\u00d3 ADA<\/a>, per mitj\u00e0 de la qual identifiquem patrons i compet\u00e8ncies. \u00c9s una an\u00e0lisi del comportament individual, que, de manera opcional, complementa el nostre servei de\u00a0<em>coaching<\/em>.<\/p>\n<p>Dissenyem itineraris personalitzats durant els que t\u2019acompanyarem, potenciant la teva intel\u00b7lig\u00e8ncia emocional i millorant el teu rendiment, gr\u00e0cies a l\u2019augment del comprom\u00eds i la motivaci\u00f3.<\/p>\n<p>La nostra metodologia \u00e9s similar a la d\u2019un\u00a0<strong>ENTRENADOR PERSONAL<\/strong>\u00a0en el m\u00f3n de l\u2019esport d\u2019alta competici\u00f3: t\u2019exigirem m\u00e9s del que t\u2019exigeixes a tu mateix. El nostre objectiu \u00e9s preparar-te, ajudar-te a pensar, inspirar-te, animar-te, persuadir-te i sobretot desbloquejar all\u00f2 que et frena. Junts aconseguirem que la teva empresa obtingui millors resultats amb una aproximaci\u00f3 molt pr\u00e0ctica, basada en el \u2018Lean by Doing\u2019 i en el \u2018Do it yourself\u2019 i fent servir all\u00f2 que funciona i que veritablement et far\u00e0 evolucionar i aconseguir els teus objectius.<\/p>\n<p>Mitjan\u00e7ant la creaci\u00f3 d\u2019un espai de\u00a0<strong>REFLEXI\u00d3 GUIADA<\/strong>\u00a0el participant o \u2018coachee\u2019 es mirar\u00e0 al mirall i aconseguir\u00e0 descobrir creences que limiten. Aix\u00f2 li permetr\u00e0 explorar noves alternatives, aix\u00ed com noves formes de ser i fer en un entorn segur i confidencial. Es tracta de recuperar i potenciar aquelles fortaleses que el diferencien de la compet\u00e8ncia<\/p>\n<p>Alguns dels beneficis del nostre servei de coaching s\u00f3n:<\/p>\n<p>\u25cf Proporcionar informaci\u00f3 i coneixement de les habilitats pr\u00f2pies per al desenvolupament del potencial de manera met\u00f2dica, estructurada i efica\u00e7.<\/p>\n<p>\u25cf Ajudar amb l\u2019autoconeixement i l\u2019efic\u00e0cia del lideratge personal per dirigir equips multidisciplinaris.<\/p>\n<p>\u25cf Contribuir al creixement personal, a la millora de l\u2019autoestima i de les relacions interpersonals, aix\u00ed com la comunicaci\u00f3.<\/p>\n<p>\u25cf\u00a0Et preparem per afrontar les teves responsabilitats i desafiaments, guanyant seguretat i coneixement sobre els teus punts forts i sense oblidar les teves limitacions.<\/p>\n<p>\u25cf Fer possible el desenvolupament de la unitat i l\u2019esperit d\u2019equip, i descobrir nous talents i capacitats en les altres persones.<\/p>\n<p>\u25cf Ajudar a pensar i planificar d\u2019una forma estrat\u00e8gica, a gestionar el risc amb major efic\u00e0cia i crear, comunicar i executar la missi\u00f3 empresarial.<\/p>\n<p>\u25cf Establir objectius clars que permetin desenvolupar amb \u00e8xit qualsevol projecte.<\/p>\n<p>\u25cf Ajudar a prioritzar les tasques d\u2019alt valor i delegar de manera efica\u00e7.<\/p>\n<p>\u25cf Desenvolupar una cultura i uns valors propis.<\/p>\n<p>Els nostres experts estan certificats en escoles de reconegut prestigi internacional, entre les quals destaquen la International Coaching Federation, \u2018La Asociaci\u00f3n Espa\u00f1ola de Coaching\u201d (Asesco) o Newfiled, l\u2019escola de Rafael Echevarr\u00eda, creador de l\u2019Ontologia del llenguatge i un dels pares del Coaching Ontol\u00f2gic.<\/p>\n<\/div><\/section><\/div>\n<\/div><\/div><\/div><!-- close content main div --><\/div><\/div><div id='av_section_1' class='avia-section main_color avia-section-default avia-no-border-styling avia-bg-style-scroll   container_wrap sidebar_right' style = 'background-color: #3b3b3b; background-image: '  ><div class='container' ><div class='template-page content  av-content-small alpha units'><div class='post-entry post-entry-type-page post-entry-8030'><div class='entry-content-wrapper clearfix'>\n<div class='flex_column_table av-equal-height-column-flextable -flextable' ><div class=\"flex_column av_one_half  flex_column_table_cell av-equal-height-column av-align-middle first  \" style='background: #333333; padding:5%; background-color:#333333; border-radius:0px; '><p><div style='padding-bottom:10px; color:#ffffff;font-size:22px;' class='av-special-heading av-special-heading-h3 custom-color-heading blockquote modern-quote modern-centered   av-inherit-size '><h3 class='av-special-heading-tag  av-medium-font-size-overwrite av-medium-font-size-16 av-small-font-size-overwrite av-small-font-size-18 av-mini-font-size-overwrite av-mini-font-size-20'  itemprop=\"headline\"  >Experimenta avui el dem\u00e0<\/h3><div class ='av-subheading av-subheading_below av_custom_color  av-medium-font-size-overwrite av-medium-font-size-14 av-small-font-size-overwrite av-small-font-size-14 av-mini-font-size-overwrite av-mini-font-size-15' style='font-size:16px;'><p>Contacta ara per a un primer diagn\u00f2stic gratuit<\/p>\n<\/div><div class='special-heading-border'><div class='special-heading-inner-border' style='border-color:#ffffff'><\/div><\/div><\/div><br \/>\n<div class='avia-button-wrap avia-button-center '><a href='http:\/\/activede.lemontelecom.com\/es\/contact\/dosier-de-prensa\/'  class='avia-button   avia-icon_select-no avia-color-theme-color avia-size-medium avia-position-center '   ><span class='avia_iconbox_title' >CONTACTA ARA!<\/span><\/a><\/div><\/p><\/div><\/div><!--close column table wrapper. Autoclose: 1 --><div class='flex_column_table av-equal-height-column-flextable -flextable' ><div class='av-flex-placeholder'><\/div><div class=\"flex_column av_one_half  flex_column_table_cell av-equal-height-column av-align-middle   \" style='background: #333333; padding:5%; background-color:#333333; border-radius:0px; '><p><div style='padding-bottom:10px; color:#ffffff;font-size:22px;' class='av-special-heading av-special-heading-h3 custom-color-heading blockquote modern-quote modern-centered   av-inherit-size '><h3 class='av-special-heading-tag  av-medium-font-size-overwrite av-medium-font-size-16 av-small-font-size-overwrite av-small-font-size-18 av-mini-font-size-overwrite av-mini-font-size-20'  itemprop=\"headline\"  >Cat\u00e1logo AD<\/h3><div class ='av-subheading av-subheading_below av_custom_color  av-medium-font-size-overwrite av-medium-font-size-14 av-small-font-size-overwrite av-small-font-size-14 av-mini-font-size-overwrite av-mini-font-size-15' style='font-size:16px;'><p>Conoce m\u00e1s sobre nuestras soluciones<\/p>\n<\/div><div class='special-heading-border'><div class='special-heading-inner-border' style='border-color:#ffffff'><\/div><\/div><\/div><br \/>\n<div class='avia-button-wrap avia-button-center '><a href='https:\/\/www.activede.com\/wp-content\/uploads\/2020\/04\/Catalogo-ActiveDevelopment.pdf'  class='avia-button   avia-icon_select-no avia-color-theme-color avia-size-medium avia-position-center '   ><span class='avia_iconbox_title' >DESCARGA<\/span><\/a><\/div><\/p><\/div><\/div><!--close column table wrapper. Autoclose: 1 --><\/div><\/div><\/div><!-- close content main div --><\/div><\/div><div id='after_section_1' class='main_color av_default_container_wrap container_wrap sidebar_right'   ><div class='container' ><div class='template-page content  av-content-small alpha units'><div class='post-entry post-entry-type-page post-entry-8030'><div class='entry-content-wrapper clearfix'>\n","protected":false},"excerpt":{"rendered":"","protected":false},"author":6,"featured_media":0,"parent":0,"menu_order":0,"comment_status":"closed","ping_status":"closed","template":"","meta":{"_acf_changed":false,"footnotes":""},"acf":[],"yoast_head":"<!-- This site is optimized with the Yoast SEO plugin v18.0 - https:\/\/yoast.com\/wordpress\/plugins\/seo\/ -->\n<title>Coaching i acompanyament empresarial - Active Development<\/title>\n<meta name=\"description\" content=\"El nostre coaching empresarial \u00e9s un acompanyament personal a l&#039;executiu per a la seva evoluci\u00f3 personal i professional en compet\u00e8ncies i lideratge.\" \/>\n<meta name=\"robots\" content=\"index, follow, max-snippet:-1, max-image-preview:large, max-video-preview:-1\" \/>\n<link rel=\"canonical\" href=\"https:\/\/www.activede.com\/ca\/coaching\/\" \/>\n<meta property=\"og:locale\" content=\"ca_ES\" \/>\n<meta property=\"og:type\" content=\"article\" \/>\n<meta property=\"og:title\" content=\"Coaching i acompanyament empresarial - Active Development\" \/>\n<meta property=\"og:description\" content=\"El nostre coaching empresarial \u00e9s un acompanyament personal a l&#039;executiu per a la seva evoluci\u00f3 personal i professional en compet\u00e8ncies i lideratge.\" \/>\n<meta property=\"og:url\" content=\"https:\/\/www.activede.com\/ca\/coaching\/\" \/>\n<meta property=\"og:site_name\" content=\"Active Development\" \/>\n<meta property=\"article:publisher\" content=\"https:\/\/www.facebook.com\/Active.Development\" \/>\n<meta property=\"article:modified_time\" content=\"2020-04-09T20:14:14+00:00\" \/>\n<meta name=\"twitter:card\" content=\"summary_large_image\" \/>\n<meta name=\"twitter:site\" content=\"@ActiveDe\" \/>\n<meta name=\"twitter:label1\" content=\"Temps estimat de lectura\" \/>\n\t<meta name=\"twitter:data1\" content=\"6 minuts\" \/>\n<script type=\"application\/ld+json\" class=\"yoast-schema-graph\">{\"@context\":\"https:\/\/schema.org\",\"@graph\":[{\"@type\":\"Organization\",\"@id\":\"https:\/\/www.activede.com\/ca\/#organization\",\"name\":\"ACTIVE DEVELOPMENT\",\"url\":\"https:\/\/www.activede.com\/ca\/\",\"sameAs\":[\"https:\/\/www.facebook.com\/Active.Development\",\"https:\/\/www.linkedin.com\/company\/999561?trk=tyah&amp;amp;trkInfo=tarId:1419004716750,tas:active development,idx:2-1-3\",\"http:\/\/www.youtube.com\/user\/ActiveDevelopment\",\"https:\/\/twitter.com\/ActiveDe\"],\"logo\":{\"@type\":\"ImageObject\",\"@id\":\"https:\/\/www.activede.com\/ca\/#logo\",\"inLanguage\":\"ca\",\"url\":\"https:\/\/www.activede.com\/wp-content\/uploads\/2018\/10\/logoAD-min.png\",\"contentUrl\":\"https:\/\/www.activede.com\/wp-content\/uploads\/2018\/10\/logoAD-min.png\",\"width\":225,\"height\":51,\"caption\":\"ACTIVE DEVELOPMENT\"},\"image\":{\"@id\":\"https:\/\/www.activede.com\/ca\/#logo\"}},{\"@type\":\"WebSite\",\"@id\":\"https:\/\/www.activede.com\/ca\/#website\",\"url\":\"https:\/\/www.activede.com\/ca\/\",\"name\":\"Active Development\",\"description\":\"\",\"publisher\":{\"@id\":\"https:\/\/www.activede.com\/ca\/#organization\"},\"potentialAction\":[{\"@type\":\"SearchAction\",\"target\":{\"@type\":\"EntryPoint\",\"urlTemplate\":\"https:\/\/www.activede.com\/ca\/?s={search_term_string}\"},\"query-input\":\"required name=search_term_string\"}],\"inLanguage\":\"ca\"},{\"@type\":\"WebPage\",\"@id\":\"https:\/\/www.activede.com\/ca\/coaching\/#webpage\",\"url\":\"https:\/\/www.activede.com\/ca\/coaching\/\",\"name\":\"Coaching i acompanyament empresarial - Active Development\",\"isPartOf\":{\"@id\":\"https:\/\/www.activede.com\/ca\/#website\"},\"datePublished\":\"2018-10-22T06:55:47+00:00\",\"dateModified\":\"2020-04-09T20:14:14+00:00\",\"description\":\"El nostre coaching empresarial \u00e9s un acompanyament personal a l'executiu per a la seva evoluci\u00f3 personal i professional en compet\u00e8ncies i lideratge.\",\"breadcrumb\":{\"@id\":\"https:\/\/www.activede.com\/ca\/coaching\/#breadcrumb\"},\"inLanguage\":\"ca\",\"potentialAction\":[{\"@type\":\"ReadAction\",\"target\":[\"https:\/\/www.activede.com\/ca\/coaching\/\"]}]},{\"@type\":\"BreadcrumbList\",\"@id\":\"https:\/\/www.activede.com\/ca\/coaching\/#breadcrumb\",\"itemListElement\":[{\"@type\":\"ListItem\",\"position\":1,\"name\":\"Home\",\"item\":\"https:\/\/www.activede.com\/ca\/\"},{\"@type\":\"ListItem\",\"position\":2,\"name\":\"Coaching\"}]}]}<\/script>\n<!-- \/ Yoast SEO plugin. -->","yoast_head_json":{"title":"Coaching i acompanyament empresarial - Active Development","description":"El nostre coaching empresarial \u00e9s un acompanyament personal a l'executiu per a la seva evoluci\u00f3 personal i professional en compet\u00e8ncies i lideratge.","robots":{"index":"index","follow":"follow","max-snippet":"max-snippet:-1","max-image-preview":"max-image-preview:large","max-video-preview":"max-video-preview:-1"},"canonical":"https:\/\/www.activede.com\/ca\/coaching\/","og_locale":"ca_ES","og_type":"article","og_title":"Coaching i acompanyament empresarial - Active Development","og_description":"El nostre coaching empresarial \u00e9s un acompanyament personal a l'executiu per a la seva evoluci\u00f3 personal i professional en compet\u00e8ncies i lideratge.","og_url":"https:\/\/www.activede.com\/ca\/coaching\/","og_site_name":"Active Development","article_publisher":"https:\/\/www.facebook.com\/Active.Development","article_modified_time":"2020-04-09T20:14:14+00:00","twitter_card":"summary_large_image","twitter_site":"@ActiveDe","twitter_misc":{"Temps estimat de lectura":"6 minuts"},"schema":{"@context":"https:\/\/schema.org","@graph":[{"@type":"Organization","@id":"https:\/\/www.activede.com\/ca\/#organization","name":"ACTIVE DEVELOPMENT","url":"https:\/\/www.activede.com\/ca\/","sameAs":["https:\/\/www.facebook.com\/Active.Development","https:\/\/www.linkedin.com\/company\/999561?trk=tyah&amp;amp;trkInfo=tarId:1419004716750,tas:active development,idx:2-1-3","http:\/\/www.youtube.com\/user\/ActiveDevelopment","https:\/\/twitter.com\/ActiveDe"],"logo":{"@type":"ImageObject","@id":"https:\/\/www.activede.com\/ca\/#logo","inLanguage":"ca","url":"https:\/\/www.activede.com\/wp-content\/uploads\/2018\/10\/logoAD-min.png","contentUrl":"https:\/\/www.activede.com\/wp-content\/uploads\/2018\/10\/logoAD-min.png","width":225,"height":51,"caption":"ACTIVE DEVELOPMENT"},"image":{"@id":"https:\/\/www.activede.com\/ca\/#logo"}},{"@type":"WebSite","@id":"https:\/\/www.activede.com\/ca\/#website","url":"https:\/\/www.activede.com\/ca\/","name":"Active Development","description":"","publisher":{"@id":"https:\/\/www.activede.com\/ca\/#organization"},"potentialAction":[{"@type":"SearchAction","target":{"@type":"EntryPoint","urlTemplate":"https:\/\/www.activede.com\/ca\/?s={search_term_string}"},"query-input":"required name=search_term_string"}],"inLanguage":"ca"},{"@type":"WebPage","@id":"https:\/\/www.activede.com\/ca\/coaching\/#webpage","url":"https:\/\/www.activede.com\/ca\/coaching\/","name":"Coaching i acompanyament empresarial - Active Development","isPartOf":{"@id":"https:\/\/www.activede.com\/ca\/#website"},"datePublished":"2018-10-22T06:55:47+00:00","dateModified":"2020-04-09T20:14:14+00:00","description":"El nostre coaching empresarial \u00e9s un acompanyament personal a l'executiu per a la seva evoluci\u00f3 personal i professional en compet\u00e8ncies i lideratge.","breadcrumb":{"@id":"https:\/\/www.activede.com\/ca\/coaching\/#breadcrumb"},"inLanguage":"ca","potentialAction":[{"@type":"ReadAction","target":["https:\/\/www.activede.com\/ca\/coaching\/"]}]},{"@type":"BreadcrumbList","@id":"https:\/\/www.activede.com\/ca\/coaching\/#breadcrumb","itemListElement":[{"@type":"ListItem","position":1,"name":"Home","item":"https:\/\/www.activede.com\/ca\/"},{"@type":"ListItem","position":2,"name":"Coaching"}]}]}},"_links":{"self":[{"href":"https:\/\/www.activede.com\/ca\/wp-json\/wp\/v2\/pages\/8030"}],"collection":[{"href":"https:\/\/www.activede.com\/ca\/wp-json\/wp\/v2\/pages"}],"about":[{"href":"https:\/\/www.activede.com\/ca\/wp-json\/wp\/v2\/types\/page"}],"author":[{"embeddable":true,"href":"https:\/\/www.activede.com\/ca\/wp-json\/wp\/v2\/users\/6"}],"replies":[{"embeddable":true,"href":"https:\/\/www.activede.com\/ca\/wp-json\/wp\/v2\/comments?post=8030"}],"version-history":[{"count":10,"href":"https:\/\/www.activede.com\/ca\/wp-json\/wp\/v2\/pages\/8030\/revisions"}],"predecessor-version":[{"id":14364,"href":"https:\/\/www.activede.com\/ca\/wp-json\/wp\/v2\/pages\/8030\/revisions\/14364"}],"wp:attachment":[{"href":"https:\/\/www.activede.com\/ca\/wp-json\/wp\/v2\/media?parent=8030"}],"curies":[{"name":"wp","href":"https:\/\/api.w.org\/{rel}","templated":true}]}}