{"id":8026,"date":"2018-10-22T06:53:46","date_gmt":"2018-10-22T06:53:46","guid":{"rendered":"http:\/\/activede.lemontelecom.com\/consultoria\/"},"modified":"2019-04-23T16:56:18","modified_gmt":"2019-04-23T16:56:18","slug":"consultoria","status":"publish","type":"page","link":"https:\/\/www.activede.com\/ca\/consultoria\/","title":{"rendered":"Consultoria"},"content":{"rendered":"<div class=\"flex_column av_one_full  flex_column_div av-zero-column-padding first  \" style='border-radius:0px; '><section class=\"av_textblock_section \"  itemscope=\"itemscope\" itemtype=\"https:\/\/schema.org\/CreativeWork\" ><div class='avia_textblock   av-medium-font-size-overwrite av-medium-font-size-16 av-small-font-size-overwrite av-small-font-size-15 av-mini-font-size-overwrite av-mini-font-size-14'  style='font-size:18px; '  itemprop=\"text\" ><h2>Una consultoria i assessorament de nova generaci\u00f3 que ens fa especials.<\/h2>\n<p>Descobreix un nou m\u00e8tode d\u2019assessorament que t\u2019aporta m\u00e0ximes garanties per a desenvolupar el teu negoci de manera sana i sostenible.<\/p>\n<p>No t\u00e9 res a veure amb la consultoria cl\u00e0ssica. A continuaci\u00f3 t\u2019expliquem perqu\u00e8 mitjan\u00e7ant 10+1 raons:<\/p>\n<p><strong>1.<\/strong>\u00a0No som consultors, som\u00a0<strong>EMPRESARIS<\/strong>, i aix\u00f2 es nota. Tenim la capacitat de pensar com accionistes, a difer\u00e8ncia de consultors que no han treballat mai en una empresa. Tot el nostre equip sense excepci\u00f3 t\u00e9 experi\u00e8ncia directa, sabem de qu\u00e8 parlem perqu\u00e8 prediquem amb l\u2019exemple: hem passat per on passar\u00e0s tu.<\/p>\n<p><strong>2.<\/strong>\u00a0Som\u00a0<strong>TRANSVERSALS<\/strong>, amb amb experi\u00e8ncia i \u00e8xits en diversos sectors. Per aix\u00f2, podem veure coses que el teu equip no veu, aportant capacitat de disrupci\u00f3, innovaci\u00f3 m\u00e9s radical, m\u00e9s impacte i m\u00e9s valor.<\/p>\n<p><strong>3.<\/strong>\u00a0No et conformis i accedeix a un servei\u00a0<strong>PREMIUM<\/strong>\u00a0tipus boutique. Sentir\u00e0s un tracte personal i exquisit, ja que sigui quin sigui el projecte, sempre \u00e9s important per a nosaltres. Tractar\u00e0s amb executius s\u00e8nior, compromesos i de plena confian\u00e7a.<\/p>\n<p><strong>4.<\/strong>\u00a0Estem\u00a0<strong>CONNECTATS<\/strong>\u00a0mitjan\u00e7ant xarxes personals i acords institucionals, et donem acc\u00e9s a grans oportunitats, des de trobar un col\u00b7laborador fins a un nou client. Tenim una base de m\u00e9s de 3.000 empreses, aix\u00ed com associacions, parcs tecnol\u00f2gics, centres d\u2019investigaci\u00f3 i per descomptat, xarxes en escoles de negoci com ESADE, Instituto de Empresa o IESE.<\/p>\n<p><strong>5.<\/strong>\u00a0Disposem de\u00a0<strong>T\u00c8CNIQUES i EINES<\/strong>\u00a0per a fer-te reflexionar, dissenyar noves estrat\u00e8gies i obtenir resultats sorprenents.<\/p>\n<p><strong>6.<\/strong>\u00a0<strong>A L\u2019AVANTGUARDA<\/strong>, perqu\u00e8 combinem aquest assessorament amb doc\u00e8ncia d\u2019elit en escoles de negoci de reconegut prestigi internacional. Apr\u00e8n dels millors.<\/p>\n<p><strong>7.<\/strong>\u00a0Els clients tamb\u00e9 destaquen la nostra\u00a0<strong>A FLEXIBILITAT\u00a0<\/strong>gr\u00e0cies a la nostre mida, capacitats i orientaci\u00f3 total a client.<\/p>\n<p><strong>8.<\/strong>\u00a0Amb car\u00e0cter\u00a0<strong>GLOBAL\u00a0<\/strong>i habituats a treballar en entorns multiculturals i en qualsevol part del m\u00f3n. En sessions de\u00a0<em>training<\/em>\u00a0d\u2019empreses multinacionals hem arribat a comptar amb grups de 50 persones amb m\u00e9s de 40 nacionalitats.<\/p>\n<p><strong>9.<\/strong>\u00a0Asumim un elevat\u00a0<strong>COMPROM\u00cdS\u00a0<\/strong>amb tu, per la nostra empatia i la relaci\u00f3 de confian\u00e7a que durar\u00e0 anys. Ens posem a la teva pell per a injectar-te el nostre car\u00e0cter resolutiu, aut\u00f2nom i executiu.<\/p>\n<p><strong>10.<\/strong>\u00a0<strong>TOTAL ORIENTACI\u00d3 A CLIENT<\/strong>, amb cert car\u00e0cter americ\u00e0, posem el focus en els teus ingressos, la rendibilitat a l\u2019accionista i el valor de la teva empresa.<\/p>\n<p><strong>+1. HONORARIS<\/strong>\u00a0altament competitius en relaci\u00f3 a models de consultoria cl\u00e0ssica basats en facturaci\u00f3 d\u2019hores de persones en n\u00f2mina. Active Development s\u2019orienta a objectius, baixem amb tu a les teves operacions i la teva satisfacci\u00f3 es converteix en la nostra obsessi\u00f3.<\/p>\n<\/div><\/section><\/div><\/div><\/div><\/div><!-- close content main div --><\/div><\/div><div id='av_section_1' class='avia-section main_color avia-section-default avia-no-border-styling avia-bg-style-scroll   container_wrap sidebar_right' style = 'background-color: #3b3b3b; background-image: '  ><div class='container' ><div class='template-page content  av-content-small alpha units'><div class='post-entry post-entry-type-page post-entry-8026'><div class='entry-content-wrapper clearfix'>\n<div class='flex_column_table av-equal-height-column-flextable -flextable' ><div class=\"flex_column av_one_half  flex_column_table_cell av-equal-height-column av-align-middle first  \" style='background: #333333; padding:5%; background-color:#333333; border-radius:0px; '><p><div style='padding-bottom:10px; color:#ffffff;font-size:22px;' class='av-special-heading av-special-heading-h3 custom-color-heading blockquote modern-quote modern-centered   av-inherit-size '><h3 class='av-special-heading-tag  av-medium-font-size-overwrite av-medium-font-size-16 av-small-font-size-overwrite av-small-font-size-18 av-mini-font-size-overwrite av-mini-font-size-20'  itemprop=\"headline\"  >Experimenteu avui dem\u00e0<\/h3><div class ='av-subheading av-subheading_below av_custom_color  av-medium-font-size-overwrite av-medium-font-size-14 av-small-font-size-overwrite av-small-font-size-14 av-mini-font-size-overwrite av-mini-font-size-15' style='font-size:16px;'><p>Poseu-vos en contacte ara per obtenir un primer diagn\u00f2stic gratu\u00eft<\/p>\n<\/div><div class='special-heading-border'><div class='special-heading-inner-border' style='border-color:#ffffff'><\/div><\/div><\/div><br \/>\n<div class='avia-button-wrap avia-button-center '><a href='http:\/\/www.activede.com\/ca\/contacte\/consulta-avui\/'  class='avia-button   avia-icon_select-no avia-color-theme-color avia-size-medium avia-position-center '   ><span class='avia_iconbox_title' >CONTACTE ARA!<\/span><\/a><\/div><\/p><\/div><\/div><!--close column table wrapper. Autoclose: 1 --><div class='flex_column_table av-equal-height-column-flextable -flextable' ><div class='av-flex-placeholder'><\/div><div class=\"flex_column av_one_half  flex_column_table_cell av-equal-height-column av-align-middle   \" style='background: #333333; padding:5%; background-color:#333333; border-radius:0px; '><p><div style='padding-bottom:10px; color:#ffffff;font-size:22px;' class='av-special-heading av-special-heading-h3 custom-color-heading blockquote modern-quote modern-centered   av-inherit-size '><h3 class='av-special-heading-tag  av-medium-font-size-overwrite av-medium-font-size-16 av-small-font-size-overwrite av-small-font-size-18 av-mini-font-size-overwrite av-mini-font-size-20'  itemprop=\"headline\"  >Conegui el desenvolupament actiu<\/h3><div class ='av-subheading av-subheading_below av_custom_color  av-medium-font-size-overwrite av-medium-font-size-14 av-small-font-size-overwrite av-small-font-size-14 av-mini-font-size-overwrite av-mini-font-size-15' style='font-size:16px;'><p>Descobriu com podem ajudar-vos<\/p>\n<\/div><div class='special-heading-border'><div class='special-heading-inner-border' style='border-color:#ffffff'><\/div><\/div><\/div><br \/>\n<div class='avia-button-wrap avia-button-center '><a href='https:\/\/www.youtube.com\/embed\/Ywco9Nbeasg?rel=0'  class='avia-button   avia-icon_select-no avia-color-theme-color avia-size-medium avia-position-center '   ><span class='avia_iconbox_title' >VEURE VIDEO!<\/span><\/a><\/div><\/p><\/div><\/div><!--close column table wrapper. Autoclose: 1 -->\n<\/div><\/div><\/div><!-- close content main div --><\/div><\/div><div id='after_section_1' class='main_color av_default_container_wrap container_wrap sidebar_right'   ><div class='container' ><div class='template-page content  av-content-small alpha units'><div class='post-entry post-entry-type-page post-entry-8026'><div class='entry-content-wrapper clearfix'><\/p>\n","protected":false},"excerpt":{"rendered":"","protected":false},"author":6,"featured_media":0,"parent":0,"menu_order":0,"comment_status":"closed","ping_status":"closed","template":"","meta":{"_acf_changed":false,"footnotes":""},"acf":[],"yoast_head":"<!-- This site is optimized with the Yoast SEO plugin v18.0 - https:\/\/yoast.com\/wordpress\/plugins\/seo\/ -->\n<title>Consultoria i Assessorament d&#039;avantguarda - Active Development<\/title>\n<meta name=\"description\" content=\"Accedeix a una Consultoria de nova generaci\u00f3 i descobreix un nou m\u00e8tode d&#039; assessorament que t&#039;acompanya en el terreny, de la m\u00e0 amb empresaris.\" \/>\n<meta name=\"robots\" content=\"index, follow, max-snippet:-1, max-image-preview:large, max-video-preview:-1\" \/>\n<link rel=\"canonical\" href=\"https:\/\/www.activede.com\/ca\/consultoria\/\" \/>\n<meta property=\"og:locale\" content=\"ca_ES\" \/>\n<meta property=\"og:type\" content=\"article\" \/>\n<meta property=\"og:title\" content=\"Consultoria i Assessorament d&#039;avantguarda - Active Development\" \/>\n<meta property=\"og:description\" content=\"Accedeix a una Consultoria de nova generaci\u00f3 i descobreix un nou m\u00e8tode d&#039; assessorament que t&#039;acompanya en el terreny, de la m\u00e0 amb empresaris.\" \/>\n<meta property=\"og:url\" content=\"https:\/\/www.activede.com\/ca\/consultoria\/\" \/>\n<meta property=\"og:site_name\" content=\"Active Development\" \/>\n<meta property=\"article:publisher\" content=\"https:\/\/www.facebook.com\/Active.Development\" \/>\n<meta property=\"article:modified_time\" content=\"2019-04-23T16:56:18+00:00\" \/>\n<meta name=\"twitter:card\" content=\"summary_large_image\" \/>\n<meta name=\"twitter:site\" content=\"@ActiveDe\" \/>\n<meta name=\"twitter:label1\" content=\"Temps estimat de lectura\" \/>\n\t<meta name=\"twitter:data1\" content=\"6 minuts\" \/>\n<script type=\"application\/ld+json\" class=\"yoast-schema-graph\">{\"@context\":\"https:\/\/schema.org\",\"@graph\":[{\"@type\":\"Organization\",\"@id\":\"https:\/\/www.activede.com\/ca\/#organization\",\"name\":\"ACTIVE DEVELOPMENT\",\"url\":\"https:\/\/www.activede.com\/ca\/\",\"sameAs\":[\"https:\/\/www.facebook.com\/Active.Development\",\"https:\/\/www.linkedin.com\/company\/999561?trk=tyah&amp;amp;trkInfo=tarId:1419004716750,tas:active development,idx:2-1-3\",\"http:\/\/www.youtube.com\/user\/ActiveDevelopment\",\"https:\/\/twitter.com\/ActiveDe\"],\"logo\":{\"@type\":\"ImageObject\",\"@id\":\"https:\/\/www.activede.com\/ca\/#logo\",\"inLanguage\":\"ca\",\"url\":\"https:\/\/www.activede.com\/wp-content\/uploads\/2018\/10\/logoAD-min.png\",\"contentUrl\":\"https:\/\/www.activede.com\/wp-content\/uploads\/2018\/10\/logoAD-min.png\",\"width\":225,\"height\":51,\"caption\":\"ACTIVE DEVELOPMENT\"},\"image\":{\"@id\":\"https:\/\/www.activede.com\/ca\/#logo\"}},{\"@type\":\"WebSite\",\"@id\":\"https:\/\/www.activede.com\/ca\/#website\",\"url\":\"https:\/\/www.activede.com\/ca\/\",\"name\":\"Active Development\",\"description\":\"\",\"publisher\":{\"@id\":\"https:\/\/www.activede.com\/ca\/#organization\"},\"potentialAction\":[{\"@type\":\"SearchAction\",\"target\":{\"@type\":\"EntryPoint\",\"urlTemplate\":\"https:\/\/www.activede.com\/ca\/?s={search_term_string}\"},\"query-input\":\"required name=search_term_string\"}],\"inLanguage\":\"ca\"},{\"@type\":\"WebPage\",\"@id\":\"https:\/\/www.activede.com\/ca\/consultoria\/#webpage\",\"url\":\"https:\/\/www.activede.com\/ca\/consultoria\/\",\"name\":\"Consultoria i Assessorament d'avantguarda - Active Development\",\"isPartOf\":{\"@id\":\"https:\/\/www.activede.com\/ca\/#website\"},\"datePublished\":\"2018-10-22T06:53:46+00:00\",\"dateModified\":\"2019-04-23T16:56:18+00:00\",\"description\":\"Accedeix a una Consultoria de nova generaci\u00f3 i descobreix un nou m\u00e8tode d' assessorament que t'acompanya en el terreny, de la m\u00e0 amb empresaris.\",\"breadcrumb\":{\"@id\":\"https:\/\/www.activede.com\/ca\/consultoria\/#breadcrumb\"},\"inLanguage\":\"ca\",\"potentialAction\":[{\"@type\":\"ReadAction\",\"target\":[\"https:\/\/www.activede.com\/ca\/consultoria\/\"]}]},{\"@type\":\"BreadcrumbList\",\"@id\":\"https:\/\/www.activede.com\/ca\/consultoria\/#breadcrumb\",\"itemListElement\":[{\"@type\":\"ListItem\",\"position\":1,\"name\":\"Home\",\"item\":\"https:\/\/www.activede.com\/ca\/\"},{\"@type\":\"ListItem\",\"position\":2,\"name\":\"Consultoria\"}]}]}<\/script>\n<!-- \/ Yoast SEO plugin. -->","yoast_head_json":{"title":"Consultoria i Assessorament d'avantguarda - Active Development","description":"Accedeix a una Consultoria de nova generaci\u00f3 i descobreix un nou m\u00e8tode d' assessorament que t'acompanya en el terreny, de la m\u00e0 amb empresaris.","robots":{"index":"index","follow":"follow","max-snippet":"max-snippet:-1","max-image-preview":"max-image-preview:large","max-video-preview":"max-video-preview:-1"},"canonical":"https:\/\/www.activede.com\/ca\/consultoria\/","og_locale":"ca_ES","og_type":"article","og_title":"Consultoria i Assessorament d'avantguarda - Active Development","og_description":"Accedeix a una Consultoria de nova generaci\u00f3 i descobreix un nou m\u00e8tode d' assessorament que t'acompanya en el terreny, de la m\u00e0 amb empresaris.","og_url":"https:\/\/www.activede.com\/ca\/consultoria\/","og_site_name":"Active Development","article_publisher":"https:\/\/www.facebook.com\/Active.Development","article_modified_time":"2019-04-23T16:56:18+00:00","twitter_card":"summary_large_image","twitter_site":"@ActiveDe","twitter_misc":{"Temps estimat de lectura":"6 minuts"},"schema":{"@context":"https:\/\/schema.org","@graph":[{"@type":"Organization","@id":"https:\/\/www.activede.com\/ca\/#organization","name":"ACTIVE DEVELOPMENT","url":"https:\/\/www.activede.com\/ca\/","sameAs":["https:\/\/www.facebook.com\/Active.Development","https:\/\/www.linkedin.com\/company\/999561?trk=tyah&amp;amp;trkInfo=tarId:1419004716750,tas:active development,idx:2-1-3","http:\/\/www.youtube.com\/user\/ActiveDevelopment","https:\/\/twitter.com\/ActiveDe"],"logo":{"@type":"ImageObject","@id":"https:\/\/www.activede.com\/ca\/#logo","inLanguage":"ca","url":"https:\/\/www.activede.com\/wp-content\/uploads\/2018\/10\/logoAD-min.png","contentUrl":"https:\/\/www.activede.com\/wp-content\/uploads\/2018\/10\/logoAD-min.png","width":225,"height":51,"caption":"ACTIVE DEVELOPMENT"},"image":{"@id":"https:\/\/www.activede.com\/ca\/#logo"}},{"@type":"WebSite","@id":"https:\/\/www.activede.com\/ca\/#website","url":"https:\/\/www.activede.com\/ca\/","name":"Active Development","description":"","publisher":{"@id":"https:\/\/www.activede.com\/ca\/#organization"},"potentialAction":[{"@type":"SearchAction","target":{"@type":"EntryPoint","urlTemplate":"https:\/\/www.activede.com\/ca\/?s={search_term_string}"},"query-input":"required name=search_term_string"}],"inLanguage":"ca"},{"@type":"WebPage","@id":"https:\/\/www.activede.com\/ca\/consultoria\/#webpage","url":"https:\/\/www.activede.com\/ca\/consultoria\/","name":"Consultoria i Assessorament d'avantguarda - Active Development","isPartOf":{"@id":"https:\/\/www.activede.com\/ca\/#website"},"datePublished":"2018-10-22T06:53:46+00:00","dateModified":"2019-04-23T16:56:18+00:00","description":"Accedeix a una Consultoria de nova generaci\u00f3 i descobreix un nou m\u00e8tode d' assessorament que t'acompanya en el terreny, de la m\u00e0 amb empresaris.","breadcrumb":{"@id":"https:\/\/www.activede.com\/ca\/consultoria\/#breadcrumb"},"inLanguage":"ca","potentialAction":[{"@type":"ReadAction","target":["https:\/\/www.activede.com\/ca\/consultoria\/"]}]},{"@type":"BreadcrumbList","@id":"https:\/\/www.activede.com\/ca\/consultoria\/#breadcrumb","itemListElement":[{"@type":"ListItem","position":1,"name":"Home","item":"https:\/\/www.activede.com\/ca\/"},{"@type":"ListItem","position":2,"name":"Consultoria"}]}]}},"_links":{"self":[{"href":"https:\/\/www.activede.com\/ca\/wp-json\/wp\/v2\/pages\/8026"}],"collection":[{"href":"https:\/\/www.activede.com\/ca\/wp-json\/wp\/v2\/pages"}],"about":[{"href":"https:\/\/www.activede.com\/ca\/wp-json\/wp\/v2\/types\/page"}],"author":[{"embeddable":true,"href":"https:\/\/www.activede.com\/ca\/wp-json\/wp\/v2\/users\/6"}],"replies":[{"embeddable":true,"href":"https:\/\/www.activede.com\/ca\/wp-json\/wp\/v2\/comments?post=8026"}],"version-history":[{"count":8,"href":"https:\/\/www.activede.com\/ca\/wp-json\/wp\/v2\/pages\/8026\/revisions"}],"predecessor-version":[{"id":14363,"href":"https:\/\/www.activede.com\/ca\/wp-json\/wp\/v2\/pages\/8026\/revisions\/14363"}],"wp:attachment":[{"href":"https:\/\/www.activede.com\/ca\/wp-json\/wp\/v2\/media?parent=8026"}],"curies":[{"name":"wp","href":"https:\/\/api.w.org\/{rel}","templated":true}]}}