{"id":10164,"date":"2019-01-29T16:04:59","date_gmt":"2019-01-29T16:04:59","guid":{"rendered":"http:\/\/activede.lemontelecom.com\/cookie-policy\/"},"modified":"2019-04-22T17:12:35","modified_gmt":"2019-04-22T17:12:35","slug":"politica-de-cookies-2","status":"publish","type":"page","link":"https:\/\/www.activede.com\/ca\/politica-de-cookies-2\/","title":{"rendered":"Pol\u00edtica de Cookies"},"content":{"rendered":"<div class=\"flex_column av_one_full  flex_column_div av-zero-column-padding first  \" style='border-radius:0px; '><section class=\"av_textblock_section \"  itemscope=\"itemscope\" itemtype=\"https:\/\/schema.org\/CreativeWork\" ><div class='avia_textblock   av-small-font-size-overwrite av-small-font-size-15 av-mini-font-size-overwrite av-mini-font-size-14'  style='font-size:16px; '  itemprop=\"text\" ><h1>Pol\u00edtica de Cookies<\/h1>\n<p>Active Development comunica als usuaris, mitjan\u00e7ant aquest av\u00eds, que utilitza cookies quan l\u2019usuari navega per les diferents p\u00e0gines de la nostra p\u00e0gina web. Les cookies s\u00f3n una petita pe\u00e7a d\u2019informaci\u00f3 enviada pel nostre lloc web, les quals s\u00f3n emmagatzemades al navegador de l\u2019usuari , d\u2019aquesta manera ens aporta informaci\u00f3 an\u00f2nima que ens ajuda a millorar la qualitat de la nostra p\u00e0gina web, oferint un servei m\u00e9s personalitzat\u00a0 aprendre sobre els gustos i prefer\u00e8ncies dels nostres visitants i facilitar la navegaci\u00f3 pel nostre lloc web<\/p>\n<p>La majoria de navegadors generalment li permetran canviar mitjan\u00e7ant la barra d\u2019eines les caracter\u00edstiques del seu navegador perqu\u00e8 aquest no accepti \u201ccookies\u201d o l\u2019avisi en el moment del seu \u00fas. Si desactiva les cookies del seu navegador potser part del nostre lloc web no operar\u00e0 correctament.<\/p>\n<p>Exemple de c\u00f3m configurar les cookies en els seus navegadors :<\/p>\n<ul>\n<li>Microsoft Internet Explorer , en l\u2019opci\u00f3 de men\u00fa Eines &gt; Opcions d\u2019Internet&gt; Privadesa&gt; Configuraci\u00f3 .<\/li>\n<li>Firefox, en l\u2019opci\u00f3 de men\u00fa Eines &gt; Opcions &gt; Privadesa&gt; Cookies.<\/li>\n<\/ul>\n<p>Per modificar les opcions en altres navegadors, consulteu les instruccions del navegador.<\/p>\n<p>El lloc web utilitza dos tipus de cookies:<\/p>\n<p>Cookies permanents : afavoreixen l\u2019experi\u00e8ncia i navegaci\u00f3 com a usuari ( ofereixen una navegaci\u00f3 personalitzada , per exemple recordant les seves prefer\u00e8ncies d\u2019idiomes del lloc web).<\/p>\n<p>Cookies de Universal analytics de google que ens permeten obtenir estad\u00edstiques del nombre de visitants de la nostra p\u00e0gina web i com ens han trobat.<\/p>\n<p>A continuaci\u00f3 es mostra una relaci\u00f3 de les cookies utilitzades per Active Development amb la finalitat de recopilar informaci\u00f3 estad\u00edstica i facilitar el proc\u00e9s de navegaci\u00f3 dels nostres usuaris.<\/p>\n<table width=\"561\">\n<tbody>\n<tr>\n<td width=\"120\"><strong>Nom<\/strong><\/td>\n<td width=\"120\"><strong>Tipus<\/strong><\/td>\n<td width=\"103\"><strong>Domini<\/strong><\/td>\n<td width=\"139\"><strong>Durada<\/strong><\/td>\n<td width=\"80\"><strong>Volum kb<\/strong><\/td>\n<\/tr>\n<tr>\n<td width=\"120\">_ga<\/td>\n<td width=\"120\">Pr\u00f2pia<\/td>\n<td width=\"103\">.activede.com<\/td>\n<td width=\"139\">22\/12\/2017<\/td>\n<td width=\"80\">30<\/td>\n<\/tr>\n<tr>\n<td width=\"120\">_gat<\/td>\n<td width=\"120\">Pr\u00f2pia<\/td>\n<td width=\"103\">.activede.com<\/td>\n<td width=\"139\">1 dia<\/td>\n<td width=\"80\">5<\/td>\n<\/tr>\n<tr>\n<td width=\"120\">_gat_UA-58592098-2<\/td>\n<td width=\"120\">Google Analytics<\/td>\n<td width=\"103\">.activede.com<\/td>\n<td width=\"139\">1 dia<\/td>\n<td width=\"80\">19<\/td>\n<\/tr>\n<tr>\n<td width=\"120\">_icl_current_language<\/td>\n<td width=\"120\">Pr\u00f2pia<\/td>\n<td width=\"103\">www.activede.com<\/td>\n<td width=\"139\">1 dia<\/td>\n<td width=\"80\">23<\/td>\n<\/tr>\n<tr>\n<td width=\"120\">dpi<\/td>\n<td width=\"120\">Sessi\u00f3<\/td>\n<td width=\"103\">www.activede.com<\/td>\n<td width=\"139\">Sessi\u00f3<\/td>\n<td width=\"80\">8<\/td>\n<\/tr>\n<\/tbody>\n<\/table>\n<\/div><\/section><\/div>\n","protected":false},"excerpt":{"rendered":"","protected":false},"author":6,"featured_media":0,"parent":0,"menu_order":0,"comment_status":"closed","ping_status":"closed","template":"","meta":{"_acf_changed":false,"footnotes":""},"acf":[],"yoast_head":"<!-- This site is optimized with the Yoast SEO plugin v18.0 - https:\/\/yoast.com\/wordpress\/plugins\/seo\/ -->\n<title>La nostra p\u00e0gina de Pol\u00edtica de Cookies - Active Development<\/title>\n<meta name=\"description\" content=\"Des d&#039;Active Development tenim la pol\u00edtica de comunicar que utilitza cookies quan es navega per les diferents p\u00e0gines de la nostra p\u00e0gina web.\" \/>\n<meta name=\"robots\" content=\"index, follow, max-snippet:-1, max-image-preview:large, max-video-preview:-1\" \/>\n<link rel=\"canonical\" href=\"https:\/\/www.activede.com\/ca\/politica-de-cookies-2\/\" \/>\n<meta property=\"og:locale\" content=\"ca_ES\" \/>\n<meta property=\"og:type\" content=\"article\" \/>\n<meta property=\"og:title\" content=\"La nostra p\u00e0gina de Pol\u00edtica de Cookies - Active Development\" \/>\n<meta property=\"og:description\" content=\"Des d&#039;Active Development tenim la pol\u00edtica de comunicar que utilitza cookies quan es navega per les diferents p\u00e0gines de la nostra p\u00e0gina web.\" \/>\n<meta property=\"og:url\" content=\"https:\/\/www.activede.com\/ca\/politica-de-cookies-2\/\" \/>\n<meta property=\"og:site_name\" content=\"Active Development\" \/>\n<meta property=\"article:publisher\" content=\"https:\/\/www.facebook.com\/Active.Development\" \/>\n<meta property=\"article:modified_time\" content=\"2019-04-22T17:12:35+00:00\" \/>\n<meta name=\"twitter:card\" content=\"summary_large_image\" \/>\n<meta name=\"twitter:site\" content=\"@ActiveDe\" \/>\n<meta name=\"twitter:label1\" content=\"Temps estimat de lectura\" \/>\n\t<meta name=\"twitter:data1\" content=\"2 minuts\" \/>\n<script type=\"application\/ld+json\" class=\"yoast-schema-graph\">{\"@context\":\"https:\/\/schema.org\",\"@graph\":[{\"@type\":\"Organization\",\"@id\":\"https:\/\/www.activede.com\/ca\/#organization\",\"name\":\"ACTIVE DEVELOPMENT\",\"url\":\"https:\/\/www.activede.com\/ca\/\",\"sameAs\":[\"https:\/\/www.facebook.com\/Active.Development\",\"https:\/\/www.linkedin.com\/company\/999561?trk=tyah&amp;amp;trkInfo=tarId:1419004716750,tas:active development,idx:2-1-3\",\"http:\/\/www.youtube.com\/user\/ActiveDevelopment\",\"https:\/\/twitter.com\/ActiveDe\"],\"logo\":{\"@type\":\"ImageObject\",\"@id\":\"https:\/\/www.activede.com\/ca\/#logo\",\"inLanguage\":\"ca\",\"url\":\"https:\/\/www.activede.com\/wp-content\/uploads\/2018\/10\/logoAD-min.png\",\"contentUrl\":\"https:\/\/www.activede.com\/wp-content\/uploads\/2018\/10\/logoAD-min.png\",\"width\":225,\"height\":51,\"caption\":\"ACTIVE DEVELOPMENT\"},\"image\":{\"@id\":\"https:\/\/www.activede.com\/ca\/#logo\"}},{\"@type\":\"WebSite\",\"@id\":\"https:\/\/www.activede.com\/ca\/#website\",\"url\":\"https:\/\/www.activede.com\/ca\/\",\"name\":\"Active Development\",\"description\":\"\",\"publisher\":{\"@id\":\"https:\/\/www.activede.com\/ca\/#organization\"},\"potentialAction\":[{\"@type\":\"SearchAction\",\"target\":{\"@type\":\"EntryPoint\",\"urlTemplate\":\"https:\/\/www.activede.com\/ca\/?s={search_term_string}\"},\"query-input\":\"required name=search_term_string\"}],\"inLanguage\":\"ca\"},{\"@type\":\"WebPage\",\"@id\":\"https:\/\/www.activede.com\/ca\/politica-de-cookies-2\/#webpage\",\"url\":\"https:\/\/www.activede.com\/ca\/politica-de-cookies-2\/\",\"name\":\"La nostra p\u00e0gina de Pol\u00edtica de Cookies - Active Development\",\"isPartOf\":{\"@id\":\"https:\/\/www.activede.com\/ca\/#website\"},\"datePublished\":\"2019-01-29T16:04:59+00:00\",\"dateModified\":\"2019-04-22T17:12:35+00:00\",\"description\":\"Des d'Active Development tenim la pol\u00edtica de comunicar que utilitza cookies quan es navega per les diferents p\u00e0gines de la nostra p\u00e0gina web.\",\"breadcrumb\":{\"@id\":\"https:\/\/www.activede.com\/ca\/politica-de-cookies-2\/#breadcrumb\"},\"inLanguage\":\"ca\",\"potentialAction\":[{\"@type\":\"ReadAction\",\"target\":[\"https:\/\/www.activede.com\/ca\/politica-de-cookies-2\/\"]}]},{\"@type\":\"BreadcrumbList\",\"@id\":\"https:\/\/www.activede.com\/ca\/politica-de-cookies-2\/#breadcrumb\",\"itemListElement\":[{\"@type\":\"ListItem\",\"position\":1,\"name\":\"Home\",\"item\":\"https:\/\/www.activede.com\/ca\/\"},{\"@type\":\"ListItem\",\"position\":2,\"name\":\"Pol\u00edtica de Cookies\"}]}]}<\/script>\n<!-- \/ Yoast SEO plugin. -->","yoast_head_json":{"title":"La nostra p\u00e0gina de Pol\u00edtica de Cookies - Active Development","description":"Des d'Active Development tenim la pol\u00edtica de comunicar que utilitza cookies quan es navega per les diferents p\u00e0gines de la nostra p\u00e0gina web.","robots":{"index":"index","follow":"follow","max-snippet":"max-snippet:-1","max-image-preview":"max-image-preview:large","max-video-preview":"max-video-preview:-1"},"canonical":"https:\/\/www.activede.com\/ca\/politica-de-cookies-2\/","og_locale":"ca_ES","og_type":"article","og_title":"La nostra p\u00e0gina de Pol\u00edtica de Cookies - Active Development","og_description":"Des d'Active Development tenim la pol\u00edtica de comunicar que utilitza cookies quan es navega per les diferents p\u00e0gines de la nostra p\u00e0gina web.","og_url":"https:\/\/www.activede.com\/ca\/politica-de-cookies-2\/","og_site_name":"Active Development","article_publisher":"https:\/\/www.facebook.com\/Active.Development","article_modified_time":"2019-04-22T17:12:35+00:00","twitter_card":"summary_large_image","twitter_site":"@ActiveDe","twitter_misc":{"Temps estimat de lectura":"2 minuts"},"schema":{"@context":"https:\/\/schema.org","@graph":[{"@type":"Organization","@id":"https:\/\/www.activede.com\/ca\/#organization","name":"ACTIVE DEVELOPMENT","url":"https:\/\/www.activede.com\/ca\/","sameAs":["https:\/\/www.facebook.com\/Active.Development","https:\/\/www.linkedin.com\/company\/999561?trk=tyah&amp;amp;trkInfo=tarId:1419004716750,tas:active development,idx:2-1-3","http:\/\/www.youtube.com\/user\/ActiveDevelopment","https:\/\/twitter.com\/ActiveDe"],"logo":{"@type":"ImageObject","@id":"https:\/\/www.activede.com\/ca\/#logo","inLanguage":"ca","url":"https:\/\/www.activede.com\/wp-content\/uploads\/2018\/10\/logoAD-min.png","contentUrl":"https:\/\/www.activede.com\/wp-content\/uploads\/2018\/10\/logoAD-min.png","width":225,"height":51,"caption":"ACTIVE DEVELOPMENT"},"image":{"@id":"https:\/\/www.activede.com\/ca\/#logo"}},{"@type":"WebSite","@id":"https:\/\/www.activede.com\/ca\/#website","url":"https:\/\/www.activede.com\/ca\/","name":"Active Development","description":"","publisher":{"@id":"https:\/\/www.activede.com\/ca\/#organization"},"potentialAction":[{"@type":"SearchAction","target":{"@type":"EntryPoint","urlTemplate":"https:\/\/www.activede.com\/ca\/?s={search_term_string}"},"query-input":"required name=search_term_string"}],"inLanguage":"ca"},{"@type":"WebPage","@id":"https:\/\/www.activede.com\/ca\/politica-de-cookies-2\/#webpage","url":"https:\/\/www.activede.com\/ca\/politica-de-cookies-2\/","name":"La nostra p\u00e0gina de Pol\u00edtica de Cookies - Active Development","isPartOf":{"@id":"https:\/\/www.activede.com\/ca\/#website"},"datePublished":"2019-01-29T16:04:59+00:00","dateModified":"2019-04-22T17:12:35+00:00","description":"Des d'Active Development tenim la pol\u00edtica de comunicar que utilitza cookies quan es navega per les diferents p\u00e0gines de la nostra p\u00e0gina web.","breadcrumb":{"@id":"https:\/\/www.activede.com\/ca\/politica-de-cookies-2\/#breadcrumb"},"inLanguage":"ca","potentialAction":[{"@type":"ReadAction","target":["https:\/\/www.activede.com\/ca\/politica-de-cookies-2\/"]}]},{"@type":"BreadcrumbList","@id":"https:\/\/www.activede.com\/ca\/politica-de-cookies-2\/#breadcrumb","itemListElement":[{"@type":"ListItem","position":1,"name":"Home","item":"https:\/\/www.activede.com\/ca\/"},{"@type":"ListItem","position":2,"name":"Pol\u00edtica de Cookies"}]}]}},"_links":{"self":[{"href":"https:\/\/www.activede.com\/ca\/wp-json\/wp\/v2\/pages\/10164"}],"collection":[{"href":"https:\/\/www.activede.com\/ca\/wp-json\/wp\/v2\/pages"}],"about":[{"href":"https:\/\/www.activede.com\/ca\/wp-json\/wp\/v2\/types\/page"}],"author":[{"embeddable":true,"href":"https:\/\/www.activede.com\/ca\/wp-json\/wp\/v2\/users\/6"}],"replies":[{"embeddable":true,"href":"https:\/\/www.activede.com\/ca\/wp-json\/wp\/v2\/comments?post=10164"}],"version-history":[{"count":4,"href":"https:\/\/www.activede.com\/ca\/wp-json\/wp\/v2\/pages\/10164\/revisions"}],"predecessor-version":[{"id":11769,"href":"https:\/\/www.activede.com\/ca\/wp-json\/wp\/v2\/pages\/10164\/revisions\/11769"}],"wp:attachment":[{"href":"https:\/\/www.activede.com\/ca\/wp-json\/wp\/v2\/media?parent=10164"}],"curies":[{"name":"wp","href":"https:\/\/api.w.org\/{rel}","templated":true}]}}