{"id":10146,"date":"2019-01-29T15:58:49","date_gmt":"2019-01-29T15:58:49","guid":{"rendered":"http:\/\/activede.lemontelecom.com\/privacy-policy\/"},"modified":"2021-08-26T13:20:53","modified_gmt":"2021-08-26T13:20:53","slug":"politica-de-privacitat","status":"publish","type":"page","link":"https:\/\/www.activede.com\/ca\/politica-de-privacitat\/","title":{"rendered":"Pol\u00edtica de Privacitat"},"content":{"rendered":"<div class=\"flex_column av_one_full  flex_column_div av-zero-column-padding first  \" style='border-radius:0px; '><section class=\"av_textblock_section \"  itemscope=\"itemscope\" itemtype=\"https:\/\/schema.org\/CreativeWork\" ><div class='avia_textblock  '   itemprop=\"text\" ><h1>Pol\u00edtica de Privacitat<\/h1>\n<p>Als efectes del que disposa el REGLAMENT (UE) 2016\/679 DEL PARLAMENT EUROPEU I DEL CONSELL del 27 d\u2019abril de 2016 (en endavant, \u201cRGPD\u201d) en relaci\u00f3\u00a0 a la protecci\u00f3 de les persones f\u00edsiques en el que respecta al tractament de les dades personals i a la lliure circulaci\u00f3 d\u2019aquestes dades, Active Development informa, que \u00e9s el responsable del tractament, i que les dades personals facilitades en qualsevol moment i de forma volunt\u00e0ria a la nostra empresa o als nostres empleats seran inclosos en un fitxer automatitzat creat per Active Development i sota la seva responsabilitat, amb la finalitat d\u2019atendre les seves consultes i remetre informaci\u00f3 relacionada i que pogu\u00e9s ser del seu inter\u00e9s.<\/p>\n<p><strong>OBJECTIUS DE LA RECOLLIDA DE DADES DE CAR\u00c0CTER PERSONAL<\/strong><\/p>\n<p>La naturalesa, abast i finalitat del fitxer o fitxers, depenen de les accions que realitzin els usuaris quan visitin les nostres p\u00e0gines.<\/p>\n<p>Respondre a les seves preguntes i facilitar-li informaci\u00f3 sol\u00b7licitada a trav\u00e9s del formulari de la p\u00e0gina web, per tant contactarem amb vost\u00e8 a trav\u00e9s del tel\u00e8fon i\/o email que ens hagi proporcionat.<\/p>\n<p>Enviar informaci\u00f3 promocional i\/o publicitaria de les activitats que fem.<\/p>\n<p>Registrar el seu correu per rebre el Botllet\u00ed de Not\u00edcies que peri\u00f2dicament enviem als nostres clients, nom\u00e9s en el cas de que ho hagi sol\u00b7licitat expresament.<\/p>\n<p>Gesti\u00f3, en el seu cas, de la relaci\u00f3 contractual, incloent la gesti\u00f3 de les factures i pagaments, seguiment de pagaments en el cas de que no s\u2019hagin fet efectius a la data acordada, fidelitzaci\u00f3 com a client i realitzaci\u00f3 d\u2019enquestes de qualitat de servei.<\/p>\n<p>Valorar la seva canditatura en cas d\u2019enviar-nos un CV o carta de resposta per una oferta de treball.<\/p>\n<p>Permetre el funcionamient de les nostres p\u00e0gines web, a trav\u00e9s de cookies t\u00e8cniques i funcionals tal com es detalla en la nostra pol\u00edtica de cookies.<\/p>\n<p><strong>DURANT QUANT TEMPS CONSERVEM LES SEVES DADES<\/strong><\/p>\n<p>Les seves dades es conservaran:<\/p>\n<p>01. Durant el m\u00ednim temps legal possible (Exemple. Facturaci\u00f3 de serveis).<\/p>\n<p>02. En cas de sol\u00b7licituds d\u2019informaci\u00f3 o consulta, mentre siguin necess\u00e0ries per donar resposta a la mateixa.<\/p>\n<p>03. Per als suscriptors del Botllet\u00ed de Not\u00edcies, als tres (3) mesos de donar-se de baixa s\u2019esborrar\u00e0n parcialment les dades de correu (dissociaci\u00f3) per controls estad\u00edstics.<\/p>\n<p>04. Per l\u2019evaluaci\u00f3 d\u2019una canditatura, fins que l\u2019oferta de treball estigui coberta.<\/p>\n<p><strong>CESSI\u00d3 DE DADES A TERCERS<\/strong><\/p>\n<p>Les dades dels formularis sobre consultes no es lliuraran a cap tercer. \u00danicament es tracten internament a Active Development.<\/p>\n<p>Quan Active Development doni un servei de recolzament o a trav\u00e9s d\u2019un col\u00b7laborador, les seves dades es comunicaran en aquest, amb estricta obligaci\u00f3 de confidencialitat i pr\u00e8via formalitzaci\u00f3 del corresponent contracte de prestaci\u00f3 de serveis i Acord de Confidencialitat entre el Responsable del Tractament (Active Development) i el Encarregat del Tractament (col\u00b7laborador).<\/p>\n<p><strong>\u00daS DE COOKIES<\/strong><\/p>\n<p>La p\u00e0gina web d\u2019Active Development utilitza cookies, considerant aquests fitxers f\u00edsics d\u2019informaci\u00f3 allotjats en el propi terminal de l\u2019usuari i serveixen per facilitar la navegaci\u00f3 de l\u2019usuari pel portal. De totes maneres, l\u2019usuari te la possibilitat de configurar el navegador de tal manera que impedeixi l\u2019instalaci\u00f3 d\u2019aquests arxius, tal i com s\u2019explica en la nostra\u00a0<a href=\"http:\/\/www.activede.com\/ca\/politica-de-cookies-2\/\">Pol\u00edtica de Cookies.<\/a><\/p>\n<p><strong>DRET D\u2019ACC\u00c9S, RECTIFICACI\u00d3, CANCEL\u00b7LACI\u00d3 I OPOSICI\u00d3<\/strong><\/p>\n<p>Vost\u00e8 podr\u00e0 exercitar en qualsevol moment el seu dret d\u2019acc\u00e9s, rectificaci\u00f3, cancel\u00b7laci\u00f3 i oposici\u00f3 tal com estipula la RGPD, escrivint a:<\/p>\n<p>Avd. Diagonal 608, E-1<br \/>\n08021 Barcelona, Espa\u00f1a<\/p>\n<p>Tamb\u00e9 pot exercitar aquests drets a trav\u00e9s del correu electr\u00f2nic: info@activede.com<\/p>\n<p><strong>COM POSAR-SE EN CONTACTE AMB NOSALTRES PER ELS SEUS COMENTARIS I PREGUNTES<\/strong><\/p>\n<p>Estem a la seva total disposici\u00f3 per ajudar-lo respecte a qualsevol dubte referent a la nostra empresa, els nostres serveis i productes, el nostre lloc web o la nostra pol\u00edtica de privacitat. Els oferim les seg\u00fcents formes de posar-se en contacte amb nosaltres:<\/p>\n<p>Adre\u00e7a electr\u00f2nica:\u00a0<a href=\"mailto:info@activede.com\">info@activede.com<br \/>\n<\/a>Tel\u00e8fon: +34 93.557 23 50<\/p>\n<\/div><\/section><\/div>\n","protected":false},"excerpt":{"rendered":"","protected":false},"author":6,"featured_media":0,"parent":0,"menu_order":0,"comment_status":"closed","ping_status":"closed","template":"","meta":{"_acf_changed":false,"footnotes":""},"acf":[],"yoast_head":"<!-- This site is optimized with the Yoast SEO plugin v18.0 - https:\/\/yoast.com\/wordpress\/plugins\/seo\/ -->\n<title>La nostra Pol\u00edtica de Privacitat - Active Development<\/title>\n<meta name=\"description\" content=\"Ens prenem la teva privacitat molt de deb\u00f2. La nostra Pol\u00edtica compleix la llei europea. Els nostres projectes es treballen sota estricta confidencialitat.\" \/>\n<meta name=\"robots\" content=\"index, follow, max-snippet:-1, max-image-preview:large, max-video-preview:-1\" \/>\n<link rel=\"canonical\" href=\"https:\/\/www.activede.com\/ca\/politica-de-privacitat\/\" \/>\n<meta property=\"og:locale\" content=\"ca_ES\" \/>\n<meta property=\"og:type\" content=\"article\" \/>\n<meta property=\"og:title\" content=\"La nostra Pol\u00edtica de Privacitat - Active Development\" \/>\n<meta property=\"og:description\" content=\"Ens prenem la teva privacitat molt de deb\u00f2. La nostra Pol\u00edtica compleix la llei europea. Els nostres projectes es treballen sota estricta confidencialitat.\" \/>\n<meta property=\"og:url\" content=\"https:\/\/www.activede.com\/ca\/politica-de-privacitat\/\" \/>\n<meta property=\"og:site_name\" content=\"Active Development\" \/>\n<meta property=\"article:publisher\" content=\"https:\/\/www.facebook.com\/Active.Development\" \/>\n<meta property=\"article:modified_time\" content=\"2021-08-26T13:20:53+00:00\" \/>\n<meta name=\"twitter:card\" content=\"summary_large_image\" \/>\n<meta name=\"twitter:site\" content=\"@ActiveDe\" \/>\n<meta name=\"twitter:label1\" content=\"Temps estimat de lectura\" \/>\n\t<meta name=\"twitter:data1\" content=\"4 minuts\" \/>\n<script type=\"application\/ld+json\" class=\"yoast-schema-graph\">{\"@context\":\"https:\/\/schema.org\",\"@graph\":[{\"@type\":\"Organization\",\"@id\":\"https:\/\/www.activede.com\/ca\/#organization\",\"name\":\"ACTIVE DEVELOPMENT\",\"url\":\"https:\/\/www.activede.com\/ca\/\",\"sameAs\":[\"https:\/\/www.facebook.com\/Active.Development\",\"https:\/\/www.linkedin.com\/company\/999561?trk=tyah&amp;amp;trkInfo=tarId:1419004716750,tas:active development,idx:2-1-3\",\"http:\/\/www.youtube.com\/user\/ActiveDevelopment\",\"https:\/\/twitter.com\/ActiveDe\"],\"logo\":{\"@type\":\"ImageObject\",\"@id\":\"https:\/\/www.activede.com\/ca\/#logo\",\"inLanguage\":\"ca\",\"url\":\"https:\/\/www.activede.com\/wp-content\/uploads\/2018\/10\/logoAD-min.png\",\"contentUrl\":\"https:\/\/www.activede.com\/wp-content\/uploads\/2018\/10\/logoAD-min.png\",\"width\":225,\"height\":51,\"caption\":\"ACTIVE DEVELOPMENT\"},\"image\":{\"@id\":\"https:\/\/www.activede.com\/ca\/#logo\"}},{\"@type\":\"WebSite\",\"@id\":\"https:\/\/www.activede.com\/ca\/#website\",\"url\":\"https:\/\/www.activede.com\/ca\/\",\"name\":\"Active Development\",\"description\":\"\",\"publisher\":{\"@id\":\"https:\/\/www.activede.com\/ca\/#organization\"},\"potentialAction\":[{\"@type\":\"SearchAction\",\"target\":{\"@type\":\"EntryPoint\",\"urlTemplate\":\"https:\/\/www.activede.com\/ca\/?s={search_term_string}\"},\"query-input\":\"required name=search_term_string\"}],\"inLanguage\":\"ca\"},{\"@type\":\"WebPage\",\"@id\":\"https:\/\/www.activede.com\/ca\/politica-de-privacitat\/#webpage\",\"url\":\"https:\/\/www.activede.com\/ca\/politica-de-privacitat\/\",\"name\":\"La nostra Pol\u00edtica de Privacitat - Active Development\",\"isPartOf\":{\"@id\":\"https:\/\/www.activede.com\/ca\/#website\"},\"datePublished\":\"2019-01-29T15:58:49+00:00\",\"dateModified\":\"2021-08-26T13:20:53+00:00\",\"description\":\"Ens prenem la teva privacitat molt de deb\u00f2. La nostra Pol\u00edtica compleix la llei europea. Els nostres projectes es treballen sota estricta confidencialitat.\",\"breadcrumb\":{\"@id\":\"https:\/\/www.activede.com\/ca\/politica-de-privacitat\/#breadcrumb\"},\"inLanguage\":\"ca\",\"potentialAction\":[{\"@type\":\"ReadAction\",\"target\":[\"https:\/\/www.activede.com\/ca\/politica-de-privacitat\/\"]}]},{\"@type\":\"BreadcrumbList\",\"@id\":\"https:\/\/www.activede.com\/ca\/politica-de-privacitat\/#breadcrumb\",\"itemListElement\":[{\"@type\":\"ListItem\",\"position\":1,\"name\":\"Home\",\"item\":\"https:\/\/www.activede.com\/ca\/\"},{\"@type\":\"ListItem\",\"position\":2,\"name\":\"Pol\u00edtica de Privacitat\"}]}]}<\/script>\n<!-- \/ Yoast SEO plugin. -->","yoast_head_json":{"title":"La nostra Pol\u00edtica de Privacitat - Active Development","description":"Ens prenem la teva privacitat molt de deb\u00f2. La nostra Pol\u00edtica compleix la llei europea. Els nostres projectes es treballen sota estricta confidencialitat.","robots":{"index":"index","follow":"follow","max-snippet":"max-snippet:-1","max-image-preview":"max-image-preview:large","max-video-preview":"max-video-preview:-1"},"canonical":"https:\/\/www.activede.com\/ca\/politica-de-privacitat\/","og_locale":"ca_ES","og_type":"article","og_title":"La nostra Pol\u00edtica de Privacitat - Active Development","og_description":"Ens prenem la teva privacitat molt de deb\u00f2. La nostra Pol\u00edtica compleix la llei europea. Els nostres projectes es treballen sota estricta confidencialitat.","og_url":"https:\/\/www.activede.com\/ca\/politica-de-privacitat\/","og_site_name":"Active Development","article_publisher":"https:\/\/www.facebook.com\/Active.Development","article_modified_time":"2021-08-26T13:20:53+00:00","twitter_card":"summary_large_image","twitter_site":"@ActiveDe","twitter_misc":{"Temps estimat de lectura":"4 minuts"},"schema":{"@context":"https:\/\/schema.org","@graph":[{"@type":"Organization","@id":"https:\/\/www.activede.com\/ca\/#organization","name":"ACTIVE DEVELOPMENT","url":"https:\/\/www.activede.com\/ca\/","sameAs":["https:\/\/www.facebook.com\/Active.Development","https:\/\/www.linkedin.com\/company\/999561?trk=tyah&amp;amp;trkInfo=tarId:1419004716750,tas:active development,idx:2-1-3","http:\/\/www.youtube.com\/user\/ActiveDevelopment","https:\/\/twitter.com\/ActiveDe"],"logo":{"@type":"ImageObject","@id":"https:\/\/www.activede.com\/ca\/#logo","inLanguage":"ca","url":"https:\/\/www.activede.com\/wp-content\/uploads\/2018\/10\/logoAD-min.png","contentUrl":"https:\/\/www.activede.com\/wp-content\/uploads\/2018\/10\/logoAD-min.png","width":225,"height":51,"caption":"ACTIVE DEVELOPMENT"},"image":{"@id":"https:\/\/www.activede.com\/ca\/#logo"}},{"@type":"WebSite","@id":"https:\/\/www.activede.com\/ca\/#website","url":"https:\/\/www.activede.com\/ca\/","name":"Active Development","description":"","publisher":{"@id":"https:\/\/www.activede.com\/ca\/#organization"},"potentialAction":[{"@type":"SearchAction","target":{"@type":"EntryPoint","urlTemplate":"https:\/\/www.activede.com\/ca\/?s={search_term_string}"},"query-input":"required name=search_term_string"}],"inLanguage":"ca"},{"@type":"WebPage","@id":"https:\/\/www.activede.com\/ca\/politica-de-privacitat\/#webpage","url":"https:\/\/www.activede.com\/ca\/politica-de-privacitat\/","name":"La nostra Pol\u00edtica de Privacitat - Active Development","isPartOf":{"@id":"https:\/\/www.activede.com\/ca\/#website"},"datePublished":"2019-01-29T15:58:49+00:00","dateModified":"2021-08-26T13:20:53+00:00","description":"Ens prenem la teva privacitat molt de deb\u00f2. La nostra Pol\u00edtica compleix la llei europea. Els nostres projectes es treballen sota estricta confidencialitat.","breadcrumb":{"@id":"https:\/\/www.activede.com\/ca\/politica-de-privacitat\/#breadcrumb"},"inLanguage":"ca","potentialAction":[{"@type":"ReadAction","target":["https:\/\/www.activede.com\/ca\/politica-de-privacitat\/"]}]},{"@type":"BreadcrumbList","@id":"https:\/\/www.activede.com\/ca\/politica-de-privacitat\/#breadcrumb","itemListElement":[{"@type":"ListItem","position":1,"name":"Home","item":"https:\/\/www.activede.com\/ca\/"},{"@type":"ListItem","position":2,"name":"Pol\u00edtica de Privacitat"}]}]}},"_links":{"self":[{"href":"https:\/\/www.activede.com\/ca\/wp-json\/wp\/v2\/pages\/10146"}],"collection":[{"href":"https:\/\/www.activede.com\/ca\/wp-json\/wp\/v2\/pages"}],"about":[{"href":"https:\/\/www.activede.com\/ca\/wp-json\/wp\/v2\/types\/page"}],"author":[{"embeddable":true,"href":"https:\/\/www.activede.com\/ca\/wp-json\/wp\/v2\/users\/6"}],"replies":[{"embeddable":true,"href":"https:\/\/www.activede.com\/ca\/wp-json\/wp\/v2\/comments?post=10146"}],"version-history":[{"count":7,"href":"https:\/\/www.activede.com\/ca\/wp-json\/wp\/v2\/pages\/10146\/revisions"}],"predecessor-version":[{"id":11775,"href":"https:\/\/www.activede.com\/ca\/wp-json\/wp\/v2\/pages\/10146\/revisions\/11775"}],"wp:attachment":[{"href":"https:\/\/www.activede.com\/ca\/wp-json\/wp\/v2\/media?parent=10146"}],"curies":[{"name":"wp","href":"https:\/\/api.w.org\/{rel}","templated":true}]}}